{"id":3360,"date":"2014-12-23T17:24:03","date_gmt":"2014-12-23T19:24:03","guid":{"rendered":"https:\/\/mblbalancas.com.br\/site\/?post_type=product&#038;p=3360"},"modified":"2015-01-19T16:43:51","modified_gmt":"2015-01-19T18:43:51","slug":"balanca-toledo-prix-3-plus","status":"publish","type":"product","link":"https:\/\/mblbalancas.com.br\/site\/produto\/balanca-toledo-prix-3-plus\/","title":{"rendered":"Balan\u00e7a Toledo Prix 3 Plus"},"content":{"rendered":"<p>A Prix 3 Plus faz parte da mais moderna linha de balan\u00e7as computadoras da Toledo do Brasil. Re\u00fane recursos tecnol\u00f3gicos exclusivos, que garante pesagens confi\u00e1veis (com e sem energia el\u00e9trica), facilidade de opera\u00e7\u00e3o e baixa manuten\u00e7\u00e3o. Foi desenvolvida especialmente para proporcionar ganho de valor \u00e0s diversas modalidades de pequeno varejo, como mercados, padarias, lojas de conveni\u00eancia, quitandas, feiras livres e estabelecimentos fast-food.<\/p>\n<p>Bonita, compacta e com design moderno, se integra perfeitamente em qualquer ambiente de loja.<\/p>\n<p>&nbsp;<\/p>\n<h3><strong>Especifica\u00e7\u00f5es t\u00e9cnicas<\/strong><\/h3>\n<table class=\"padrao\" border=\"0\" summary=\"&lt;?= $produto['nome'] ?&gt; - Tabela de Especifica\u00e7\u00f5es T\u00e9cnicas\" cellspacing=\"0\" cellpadding=\"0\">\n<tbody>\n<tr>\n<th class=\"tabLinhaAzul00 linhaVerde\" align=\"center\">Especifica\u00e7\u00f5es<\/th>\n<th class=\"tabLinhaAzul00 linhaVerde\" colspan=\"3\" align=\"center\">Prix 3 Plus<\/th>\n<\/tr>\n<tr>\n<td class=\"tabLinhaAzul02 firstc\" rowspan=\"4\" align=\"center\" width=\"24%\">Capacidade de pesagem<\/td>\n<td class=\"tabLinhaVerde02\" rowspan=\"2\" align=\"center\">15 kg<\/td>\n<td class=\"tabLinhaVerde02\" rowspan=\"2\" align=\"center\">Divis\u00e3o<\/td>\n<td class=\"tabLinhaVerde02 lastc\" align=\"center\">2 g de 0 kg at\u00e9 6 kg<\/td>\n<\/tr>\n<tr>\n<td class=\"tabLinhaVerde02 lastc firstc\" align=\"center\">5 g de 6,005 kg at\u00e9 15 kg<\/td>\n<\/tr>\n<tr>\n<td class=\"tabLinhaVerde02 firstc\" rowspan=\"2\" align=\"center\">30 kg<\/td>\n<td class=\"tabLinhaVerde02\" rowspan=\"2\" align=\"center\">Divis\u00e3o<\/td>\n<td class=\"tabLinhaVerde02 lastc\" align=\"center\">5 g de 0 kg at\u00e9 15 kg<\/td>\n<\/tr>\n<tr>\n<td class=\"tabLinhaVerde02 lastc firstc\" align=\"center\">10 g de 15,010 kg at\u00e9 30 kg<\/td>\n<\/tr>\n<tr>\n<td class=\"tabLinhaAzul01 firstc\" align=\"center\">Capacidade de tara<\/td>\n<td class=\"tabLinhaVerde01 lastc\" colspan=\"3\" align=\"center\">At\u00e9 100 % da capacidade de pesagem<\/td>\n<\/tr>\n<tr>\n<td class=\"tabLinhaAzul02 firstc\" rowspan=\"2\" align=\"center\" width=\"24%\">Capacidade de pesagem<\/td>\n<td class=\"tabLinhaVerde02\" colspan=\"2\" align=\"center\">M\u00ednima<\/td>\n<td class=\"tabLinhaVerde02 lastc\" align=\"center\">1 incremento abaixo de zero<\/td>\n<\/tr>\n<tr>\n<td class=\"tabLinhaVerde02 firstc\" colspan=\"2\" align=\"center\">M\u00e1xima<\/td>\n<td class=\"tabLinhaVerde02 lastc\" align=\"center\">5 incrementos acima da capacidade de pesagem<\/td>\n<\/tr>\n<tr>\n<td class=\"tabLinhaAzul01 firstc\" rowspan=\"3\" align=\"center\" width=\"24%\">Display<\/td>\n<td class=\"tabLinhaVerde01\" colspan=\"2\" align=\"center\">Tipo<\/td>\n<td class=\"tabLinhaVerde01 lastc\" align=\"center\">Cristal l\u00edquido (LCD) com backlight na cor verde<\/td>\n<\/tr>\n<tr>\n<td class=\"tabLinhaVerde01 firstc\" colspan=\"2\" align=\"center\">\u00c1rea de visualiza\u00e7\u00e3o<\/td>\n<td class=\"tabLinhaVerde01 lastc\" align=\"center\">55 mm (L) x 20 mm (A)<\/td>\n<\/tr>\n<tr>\n<td class=\"tabLinhaVerde01 firstc\" colspan=\"2\">Dimens\u00f5es dos d\u00edgitos<\/td>\n<td class=\"tabLinhaVerde01 lastc\">6,29 mm (L) x 16 mm (A)<\/td>\n<\/tr>\n<tr>\n<td class=\"tabLinhaAzul02 firstc\" rowspan=\"3\" align=\"center\" width=\"24%\">Bateria<\/td>\n<td class=\"tabLinhaVerde02 lastc\" colspan=\"3\" align=\"center\">Interna e recarreg\u00e1vel<\/td>\n<\/tr>\n<tr>\n<td class=\"tabLinhaVerde02 firstc\" colspan=\"2\" align=\"center\">Autonomia<\/td>\n<td class=\"tabLinhaVerde02 lastc\" align=\"center\">De 226 (backlight aceso) a 490 horas (backlight apagado)<\/td>\n<\/tr>\n<tr>\n<td class=\"tabLinhaVerde02 firstc\" colspan=\"2\">Autodesligamento<\/td>\n<td class=\"tabLinhaVerde02 lastc\">Configur\u00e1vel entre 1, 5, 10, 20 e 60 minutos ou desativado<\/td>\n<\/tr>\n<tr>\n<td class=\"tabLinhaAzul01 firstc\" align=\"center\">Prato de pesagem<\/td>\n<td class=\"tabLinhaVerde01 lastc\" colspan=\"3\" align=\"center\">Em a\u00e7o inoxid\u00e1vel e com centro rebaixado, para evitar o escoamento de l\u00edquidos sobre os displays<\/td>\n<\/tr>\n<tr>\n<td class=\"tabLinhaAzul02 firstc\" align=\"center\">Teclado<\/td>\n<td class=\"tabLinhaVerde02 lastc\" colspan=\"3\" align=\"center\">Manta selada com teclas de contato moment\u00e2neo<\/td>\n<\/tr>\n<tr>\n<td class=\"tabLinhaAzul01 firstc\" align=\"center\">Gabinete<\/td>\n<td class=\"tabLinhaVerde01 lastc\" colspan=\"3\" align=\"center\">Em pl\u00e1stico ABS na cor preta<\/td>\n<\/tr>\n<tr>\n<td class=\"tabLinhaAzul02 firstc\" rowspan=\"3\" align=\"center\" width=\"24%\">Dimens\u00f5es<\/td>\n<td class=\"tabLinhaVerde02\" colspan=\"2\" align=\"center\">Balan\u00e7a<\/td>\n<td class=\"tabLinhaVerde02 lastc\" align=\"center\">355 mm (L) x 115 mm (A) x 350 mm (P)<\/td>\n<\/tr>\n<tr>\n<td class=\"tabLinhaVerde02 firstc\" colspan=\"2\" align=\"center\">Prato de pesagem<\/td>\n<td class=\"tabLinhaVerde02 lastc\" align=\"center\">355 mm (L) x 235 mm (P)<\/td>\n<\/tr>\n<tr>\n<td class=\"tabLinhaVerde02 firstc\" colspan=\"2\">Embalagem<\/td>\n<td class=\"tabLinhaVerde02 lastc\">395 mm (L) x 375 mm (A) x 140 mm (P)<\/td>\n<\/tr>\n<tr>\n<td class=\"tabLinhaAzul01 firstc\" align=\"center\">Peso<\/td>\n<td class=\"tabLinhaVerde01 lastc\" colspan=\"3\" align=\"center\">4,8 kg ou 6,5 kg embalada<\/td>\n<\/tr>\n<tr>\n<td class=\"tabLinhaAzul02 firstc\" align=\"center\">Inmetro<\/td>\n<td class=\"tabLinhaVerde02 lastc\" colspan=\"3\" align=\"center\">Em conformidade com a Portaria 236\/94 e classe de exatid\u00e3o<\/td>\n<\/tr>\n<tr>\n<td class=\"tabLinhaAzul01 firstc\" align=\"center\">Temperatura de opera\u00e7\u00e3o<\/td>\n<td class=\"tabLinhaVerde01 lastc\" colspan=\"3\" align=\"center\">De -10 a 40 \u00baC<\/td>\n<\/tr>\n<tr>\n<td class=\"tabLinhaAzul02 firstc\">Umidade relativa do ar<\/td>\n<td class=\"tabLinhaVerde02 lastc\" colspan=\"3\">10 a 95% sem condensa\u00e7\u00e3o<\/td>\n<\/tr>\n<tr>\n<td class=\"tabLinhaAzul01 firstc\">Formatos de Impress\u00e3o<\/td>\n<td class=\"tabLinhaVerde01 lastc\" colspan=\"3\">\n<p class=\"firstc\"><img loading=\"lazy\" decoding=\"async\" src=\"https:\/\/www.toledobrasil.com.br\/app\/webroot\/img\/upload\/tick_prixplus.jpg\" alt=\"\" width=\"220\" height=\"62\" \/><br \/>\n64 mm (L) x 18 mm (A)<br \/>\nPeso (bruto ou l\u00edquido) &#8211; Pre\u00e7o\/kg &#8211; Total a pagar R$<\/p>\n<p><img loading=\"lazy\" decoding=\"async\" src=\"https:\/\/www.toledobrasil.com.br\/app\/webroot\/img\/upload\/tick_prixplus1.jpg\" alt=\"\" width=\"262\" height=\"62\" \/><br \/>\n76 mm (L) x 18 mm (A)<br \/>\nData &#8211; Peso (bruto ou l\u00edquido) &#8211; Pre\u00e7o\/kg &#8211; Total a pagar R$<\/p>\n<p class=\"lastc\"><img loading=\"lazy\" decoding=\"async\" src=\"https:\/\/www.toledobrasil.com.br\/app\/webroot\/img\/upload\/tick_prixplus2.jpg\" alt=\"\" width=\"305\" height=\"62\" \/><br \/>\n89 mm (L) x 18 mm (A)<br \/>\nData 1 &#8211; Data 2 &#8211; Peso (bruto ou l\u00edquido) &#8211; Pre\u00e7o\/kg &#8211; Total a pagar R$<\/p>\n<\/td>\n<\/tr>\n<\/tbody>\n<\/table>\n<h3><\/h3>\n<h3><strong>Caracter\u00edsticas<\/strong><\/h3>\n<table>\n<tbody>\n<tr>\n<td rowspan=\"2\"><\/td>\n<td>Display de Cristal L\u00edquido<\/td>\n<\/tr>\n<tr>\n<td>O maior da categoria, com 15 mm de altura. Garante excelente visualiza\u00e7\u00e3o e f\u00e1cil leitura dos d\u00edgitos. Economiza at\u00e9 10 vezes mais energia el\u00e9trica em rela\u00e7\u00e3o a outros tipos de display.<\/td>\n<\/tr>\n<tr>\n<td rowspan=\"2\"><\/td>\n<td>Acumulador Di\u00e1rio de Pre\u00e7o<\/td>\n<\/tr>\n<tr>\n<td>Armazena o pre\u00e7o total das transa\u00e7\u00f5es realizadas, dentro de um per\u00edodo cont\u00ednuo de uso, para visualiza\u00e7\u00e3o e acompanhamento do total de vendas.<\/td>\n<\/tr>\n<tr>\n<td rowspan=\"2\"><\/td>\n<td><strong>Configura\u00e7\u00e3o de Datas<\/strong><\/td>\n<\/tr>\n<tr>\n<td>Permite a configura\u00e7\u00e3o de duas datas (embalagem e validade) para registro junto aos dados da transa\u00e7\u00e3o, o que possibilita um controle mais apurado das transa\u00e7\u00f5es.<\/td>\n<\/tr>\n<tr>\n<td rowspan=\"2\"><\/td>\n<td><strong>Flexibilidade de Manuseio<\/strong><\/td>\n<\/tr>\n<tr>\n<td>Leves e compactas, permitem maior praticidade e facilidade de manuseio em aplica\u00e7\u00f5es itinerantes, como s\u00e3o os casos das feiras livres e com\u00e9rcios de rua.<\/td>\n<\/tr>\n<tr>\n<td rowspan=\"2\"><\/td>\n<td>Bateria Interna Recarreg\u00e1vel<\/td>\n<\/tr>\n<tr>\n<td>Possibilita o uso cont\u00ednuo da balan\u00e7a, sem a necessidade de pontos de energia el\u00e9trica, viabilizando a opera\u00e7\u00e3o em feiras livres e com\u00e9rcios de rua.<\/td>\n<\/tr>\n<tr>\n<td rowspan=\"2\"><\/td>\n<td><strong>Carregador de Bateria Autom\u00e1tico<\/strong><\/td>\n<\/tr>\n<tr>\n<td>Na vers\u00e3o com bateria, o recarregamento \u00e9 feito automaticamente ao ligar a balan\u00e7a na rede el\u00e9trica. Indicadores de bateria fraca e carga completa orientam o usu\u00e1rio quanto \u00e0 necessidade de recarga.<\/td>\n<\/tr>\n<tr>\n<td rowspan=\"2\"><\/td>\n<td><strong>Desligamento Autom\u00e1tico<\/strong><\/td>\n<\/tr>\n<tr>\n<td>Na vers\u00e3o com bateria, permite que a balan\u00e7a desligue automaticamente ap\u00f3s um per\u00edodo sem uso, proporcionando economia e autonomia da bateria.<\/td>\n<\/tr>\n<tr>\n<td rowspan=\"2\"><\/td>\n<td><strong>Fonte Adaptadora Multivoltagem<\/strong><\/td>\n<\/tr>\n<tr>\n<td>Permite opera\u00e7\u00e3o em 110 e 220 Vca, corrige flutua\u00e7\u00f5es de tens\u00e3o e frequ\u00eancia da rede el\u00e9trica de forma autom\u00e1tica, dispensando o uso de estabilizadores e chaves de comuta\u00e7\u00e3o de tens\u00e3o.<\/td>\n<\/tr>\n<tr>\n<td rowspan=\"2\"><\/td>\n<td><strong>Fun\u00e7\u00e3o Pr\u00e9-Empacotamento<\/strong><\/td>\n<\/tr>\n<tr>\n<td>Possibilita a fixa\u00e7\u00e3o da tara e do pre\u00e7o\/kg entre as pesagens, agilizando o pr\u00e9-empacotamento de lotes de produtos. Se a balan\u00e7a estiver acoplada \u00e0 impressora 351, a impress\u00e3o de etiquetas ser\u00e1 autom\u00e1tica ap\u00f3s a estabiliza\u00e7\u00e3o do peso.<\/td>\n<\/tr>\n<tr>\n<td rowspan=\"2\"><\/td>\n<td><strong>Prote\u00e7\u00e3o Contra Interfer\u00eancias e Sobrecarga<\/strong><\/td>\n<\/tr>\n<tr>\n<td>Sistema de prote\u00e7\u00e3o contra interfer\u00eancias eletromagn\u00e9ticas e de radiofrequ\u00eancia, conforme normas do Inmetro. Prote\u00e7\u00e3o contra sobrecargas de peso sobre o prato de pesagem, garantindo opera\u00e7\u00f5es precisas e seguras.<\/td>\n<\/tr>\n<tr>\n<td rowspan=\"2\"><\/td>\n<td><strong>Prato de Pesagem e F\u00e1cil Higieniza\u00e7\u00e3o<\/strong><\/td>\n<\/tr>\n<tr>\n<td>Superf\u00edcie em a\u00e7o inoxid\u00e1vel, com ampla \u00e1rea de pesagem que permite f\u00e1cil higieniza\u00e7\u00e3o.<\/td>\n<\/tr>\n<tr>\n<td rowspan=\"2\"><\/td>\n<td><strong>Teclado de F\u00e1cil Digita\u00e7\u00e3o<\/strong><\/td>\n<\/tr>\n<tr>\n<td>Constitu\u00eddo de m\u00faltiplas camadas de material pl\u00e1stico, forma uma unidade selada, dispensando prote\u00e7\u00f5es adicionais.<\/td>\n<\/tr>\n<tr>\n<td rowspan=\"2\"><\/td>\n<td><strong>Gabinate de Pl\u00e1stico ABS<\/strong><\/td>\n<\/tr>\n<tr>\n<td>Injetado, em cor preta. Proporciona acabamento de excelente qualidade e alt\u00edssima durabilidade.<\/td>\n<\/tr>\n<tr>\n<td rowspan=\"3\"><\/td>\n<td>Sa\u00edda de Dados<\/td>\n<\/tr>\n<tr>\n<td>Na vers\u00e3o com sa\u00edda RS-232C, permite a transfer\u00eancia dos dados da transa\u00e7\u00e3o de venda a dispositivos externos de automa\u00e7\u00e3o ou de registro de dados.<strong>&#8211; Automa\u00e7\u00e3o comercial<\/strong><br \/>\nProtocolos de comunica\u00e7\u00e3o extremamente amig\u00e1veis permitem f\u00e1cil integra\u00e7\u00e3o com aplica\u00e7\u00f5es comerciais. \u00c9 compat\u00edvel com diversos microterminais, ECF-PDV, ECF-MR e sistemas de automa\u00e7\u00e3o, dispon\u00edveis para o mercado varejista.<\/p>\n<p><strong>&#8211; Registro dos dados da transa\u00e7\u00e3o<\/strong>Quando ligada \u00e0 impressora matricial modelo 351, da Toledo, permite o registro r\u00e1pido dos dados da transa\u00e7\u00e3o em etiquetas autoadesivas.<\/td>\n<\/tr>\n<\/tbody>\n<\/table>\n","protected":false},"excerpt":{"rendered":"<p>A Prix 3 Plus faz parte da mais moderna linha de balan\u00e7as computadoras da Toledo do Brasil. Re\u00fane recursos tecnol\u00f3gicos exclusivos, que garante pesagens confi\u00e1veis (com<span class=\"excerpt-hellip\"> [\u2026]<\/span><\/p>\n","protected":false},"featured_media":3361,"comment_status":"open","ping_status":"closed","template":"","meta":{"_joinchat":[]},"product_brand":[],"product_cat":[62,47,48,67],"product_tag":[],"class_list":{"0":"post-3360","1":"product","2":"type-product","3":"status-publish","4":"has-post-thumbnail","6":"product_cat-classes-de-produtos","7":"product_cat-marcas","8":"product_cat-toledo-do-brasil","9":"product_cat-balancas-para-o-varejo-e-o-atacado","10":"pa_capacidade-15kg-a-20kg","11":"pa_capacidade-25kg-a-30kg","13":"first","14":"instock","15":"shipping-taxable","16":"product-type-simple"},"_links":{"self":[{"href":"https:\/\/mblbalancas.com.br\/site\/wp-json\/wp\/v2\/product\/3360","targetHints":{"allow":["GET"]}}],"collection":[{"href":"https:\/\/mblbalancas.com.br\/site\/wp-json\/wp\/v2\/product"}],"about":[{"href":"https:\/\/mblbalancas.com.br\/site\/wp-json\/wp\/v2\/types\/product"}],"replies":[{"embeddable":true,"href":"https:\/\/mblbalancas.com.br\/site\/wp-json\/wp\/v2\/comments?post=3360"}],"wp:featuredmedia":[{"embeddable":true,"href":"https:\/\/mblbalancas.com.br\/site\/wp-json\/wp\/v2\/media\/3361"}],"wp:attachment":[{"href":"https:\/\/mblbalancas.com.br\/site\/wp-json\/wp\/v2\/media?parent=3360"}],"wp:term":[{"taxonomy":"product_brand","embeddable":true,"href":"https:\/\/mblbalancas.com.br\/site\/wp-json\/wp\/v2\/product_brand?post=3360"},{"taxonomy":"product_cat","embeddable":true,"href":"https:\/\/mblbalancas.com.br\/site\/wp-json\/wp\/v2\/product_cat?post=3360"},{"taxonomy":"product_tag","embeddable":true,"href":"https:\/\/mblbalancas.com.br\/site\/wp-json\/wp\/v2\/product_tag?post=3360"}],"curies":[{"name":"wp","href":"https:\/\/api.w.org\/{rel}","templated":true}]}}