{"id":3381,"date":"2015-01-07T17:30:04","date_gmt":"2015-01-07T19:30:04","guid":{"rendered":"https:\/\/mblbalancas.com.br\/site\/?post_type=product&#038;p=3381"},"modified":"2015-01-07T17:30:04","modified_gmt":"2015-01-07T19:30:04","slug":"balanca-toledo-2096h","status":"publish","type":"product","link":"https:\/\/mblbalancas.com.br\/site\/produto\/balanca-toledo-2096h\/","title":{"rendered":"Balan\u00e7a Toledo 2096H"},"content":{"rendered":"<article>\n<h3>Balan\u00e7a Eletr\u00f4nica de Bancada Pesadora\/Verificadora<\/h3>\n<p>Rapidez, Prote\u00e7\u00e3o e Precis\u00e3o. Estas s\u00e3o as tr\u00eas principais preocupa\u00e7\u00f5es das empresas que pesam, classificam produtos pelo peso ou verificam o peso de produtos processados em ambientes hostis (lav\u00e1veis, sujeitos a vibra\u00e7\u00f5es, etc.). Tr\u00eas preocupa\u00e7\u00f5es a menos, poder\u00edamos afirmar!<\/p>\n<p class=\"lastc\">Em mat\u00e9ria de pesagem e verifica\u00e7\u00e3o de peso, ano ap\u00f3s ano a Toledo propicia aos seus clientes equipamentos exatos, e principalmente, confi\u00e1veis. A Modelo 2096-H, n\u00e3o poderia ser diferente! Atrav\u00e9s de seu display num\u00e9rico, barras gr\u00e1ficas, teclado b\u00e1sico de seis teclas, estrutura inteiramente de a\u00e7o inoxid\u00e1vel AISI-304, e plenamente lav\u00e1vel, propicia aos usu\u00e1rios um excelente desempenho, combinando facilidade de programa\u00e7\u00e3o e rapidez nas opera\u00e7\u00f5es de pesagem e verifica\u00e7\u00e3o. Equipada com filtros de pesagem, fruto de anos e anos de experi\u00eancia de pesagem em ambientes com vibra\u00e7\u00e3o, permite que a balan\u00e7a continue r\u00e1pida e est\u00e1vel mesmo nestes ambientes.<\/p>\n<p class=\"lastc\">\n<article>\n<h3>Fun\u00e7\u00f5es &#8211; Vers\u00e3o Pesadora e Verificadora de Peso:<\/h3>\n<ul class=\"listaGeral firstc\">\n<ul class=\"listaGeral firstc\">\n<li>A balan\u00e7a pode indicar, em vez de peso o percentual do peso de refer\u00eancia, a diferen\u00e7a entre o peso de refer\u00eancia e o peso do produto sobre a balan\u00e7a;<\/li>\n<li>O display de peso pode ficar desligado, atuando somente o display de barras gr\u00e1ficas;<\/li>\n<\/ul>\n<\/ul>\n<h3>Fun\u00e7\u00f5es &#8211; Vers\u00e3o Pesadora e Classificadora de Peso:<\/h3>\n<ul class=\"listaGeral firstc\">\n<ul class=\"listaGeral firstc\">\n<li>A balan\u00e7a pode indicar, em vez de peso, a classifica\u00e7\u00e3o do peso em uma faixa de 1 a 9. O display de peso pode ficar desligado, atuando somente o display de classifica\u00e7\u00e3o.<br \/>\nA diferen\u00e7a dela com rela\u00e7\u00e3o Pesadora e Verificadora \u00e9 que tem display e um software diferentes, onde a faixa de peso \u00e9 identificada por n\u00fameros e n\u00e3o por barras gr\u00e1ficas<\/li>\n<\/ul>\n<\/ul>\n<h3>Fun\u00e7\u00f5es Especiais de Tara<\/h3>\n<ul class=\"listaGeral firstc\">\n<li>Program\u00e1veis pelo usu\u00e1rio, visam atender \u00e0s variadas necessidades;<\/li>\n<li>Taras sucessivas (tara sobre tara);<\/li>\n<li>Memoriza\u00e7\u00e3o autom\u00e1tica de tara (o primeiro peso colocado sobre a balan\u00e7a \u00e9 considerado como tara), excelente para opera\u00e7\u00f5es onde a rapidez \u00e9 primordial;<\/li>\n<li class=\"lastc\">Limpeza autom\u00e1tica de tara (o valor de tara memorizado \u00e9 limpo automaticamente quando o produto e seu recipiente s\u00e3o retirados da balan\u00e7a). Esta fun\u00e7\u00e3o, aliada \u00e0 anterior, propicia economia nos toques de teclado (evita a fadiga e doen\u00e7as do trabalho) e na manuten\u00e7\u00e3o da balan\u00e7a.<\/li>\n<\/ul>\n<table class=\"padrao\" border=\"0\" summary=\"&lt;?= $produto['nome'] ?&gt; - Tabela de Especifica\u00e7\u00f5es T\u00e9cnicas\" cellspacing=\"0\" cellpadding=\"0\">\n<tbody>\n<tr>\n<th class=\"tabLinhaAzul00 linhaVerde\" colspan=\"6\" align=\"center\">Especifica\u00e7\u00f5es<\/th>\n<\/tr>\n<tr>\n<td class=\"tabLinhaAzul01 firstc\" align=\"center\" width=\"24%\">Capacidade M\u00e1xima<\/td>\n<td class=\"tabLinhaVerde01\" align=\"center\" width=\"16%\">5<\/td>\n<td class=\"tabLinhaVerde01\" align=\"center\" width=\"20%\">10<\/td>\n<td class=\"tabLinhaVerde01\" align=\"center\" width=\"20%\">10<\/td>\n<td class=\"tabLinhaVerde01\" align=\"center\" width=\"20%\">25<\/td>\n<td class=\"tabLinhaVerde01 lastc\" align=\"center\" width=\"20%\">50<\/td>\n<\/tr>\n<tr>\n<td class=\"tabLinhaAzul02 firstc\" align=\"center\">e = d = (divis\u00e3o em kg)<\/td>\n<td class=\"tabLinhaVerde02\" align=\"center\">0,001<\/td>\n<td class=\"tabLinhaVerde02\" align=\"center\">0,002<\/td>\n<td class=\"tabLinhaVerde02\" align=\"center\">0,002<\/td>\n<td class=\"tabLinhaVerde02\" align=\"center\">0,005<\/td>\n<td class=\"tabLinhaVerde02 lastc\" align=\"center\">0,01<\/td>\n<\/tr>\n<tr>\n<td class=\"tabLinhaAzul01 firstc\" align=\"center\">n (n\u00b0 de incrementos<\/td>\n<td class=\"tabLinhaVerde01\" align=\"center\">5000<\/td>\n<td class=\"tabLinhaVerde01\" align=\"center\">5000<\/td>\n<td class=\"tabLinhaVerde01\" align=\"center\">5000<\/td>\n<td class=\"tabLinhaVerde01\" align=\"center\">5000<\/td>\n<td class=\"tabLinhaVerde01 lastc\" align=\"center\">5000<\/td>\n<\/tr>\n<tr>\n<td class=\"tabLinhaAzul02 firstc\" align=\"center\">Tara (kg)<\/td>\n<td class=\"tabLinhaVerde02\" align=\"center\">5<\/td>\n<td class=\"tabLinhaVerde02\" align=\"center\">10<\/td>\n<td class=\"tabLinhaVerde02\" align=\"center\">10<\/td>\n<td class=\"tabLinhaVerde02\" align=\"center\">25 (*)<\/td>\n<td class=\"tabLinhaVerde02 lastc\" align=\"center\">50<\/td>\n<\/tr>\n<tr>\n<td class=\"tabLinhaAzul01 firstc\" align=\"center\">Dimens\u00f5es da Plataforma (cm)<\/td>\n<td class=\"tabLinhaVerde01\" colspan=\"2\" align=\"center\">23 x 23<\/td>\n<td class=\"tabLinhaVerde01 lastc\" colspan=\"3\" align=\"center\">30 x 30<\/td>\n<\/tr>\n<tr>\n<td class=\"tabLinhaAzul02 firstc\" align=\"center\">Altura da Coluna (mm)<\/td>\n<td class=\"tabLinhaVerde02\" colspan=\"2\" align=\"center\">340 ou 490<\/td>\n<td class=\"tabLinhaVerde02 lastc\" colspan=\"3\" align=\"center\">420 ou 630<\/td>\n<\/tr>\n<tr>\n<td class=\"tabLinhaAzul01 firstc\" align=\"center\">Profundidade Total (mm)<\/td>\n<td class=\"tabLinhaVerde01\" colspan=\"2\" align=\"center\">300<\/td>\n<td class=\"tabLinhaVerde01 lastc\" colspan=\"3\" align=\"center\">370<\/td>\n<\/tr>\n<tr>\n<td class=\"tabLinhaAzul02 firstc\" align=\"center\">Peso de Embarque (kg)<\/td>\n<td class=\"tabLinhaVerde02\" colspan=\"2\" align=\"center\">10,7<\/td>\n<td class=\"tabLinhaVerde02 lastc\" colspan=\"3\" align=\"center\">16<\/td>\n<\/tr>\n<tr>\n<td class=\"tabLinhaAzul01 firstc\" align=\"center\">Classe de Exatid\u00e3o<\/td>\n<td class=\"tabLinhaVerde01 lastc\" colspan=\"5\" align=\"center\">III<\/td>\n<\/tr>\n<tr>\n<td class=\"tabLinhaAzul02 firstc\" align=\"center\">Constru\u00e7\u00e3o do Indicador de Peso<\/td>\n<td class=\"tabLinhaVerde02 lastc\" colspan=\"5\" align=\"center\">A\u00e7o Inox AISI-304, com grau de prote\u00e7\u00e3o IP-69k<\/td>\n<\/tr>\n<tr>\n<td class=\"tabLinhaAzul01 firstc\" align=\"center\">Constru\u00e7\u00e3o da Plataforma<\/td>\n<td class=\"tabLinhaVerde01 lastc\" colspan=\"5\" align=\"center\">A\u00e7o Inox AISI-304, com grau de prote\u00e7\u00e3o IP-69k (c\u00e9lula de carga inox)<\/td>\n<\/tr>\n<tr>\n<td class=\"tabLinhaAzul02 firstc\" align=\"center\">Display de Peso<\/td>\n<td class=\"tabLinhaVerde02 lastc\" colspan=\"5\" align=\"center\">Gigante com 7 d\u00edgitos de 7 segmentos, tipo cristal l\u00edquido, 26mm de altura e 12mm de largura.<\/td>\n<\/tr>\n<tr>\n<td class=\"tabLinhaAzul01 firstc\" align=\"center\">Display de Classifica\u00e7\u00e3o<\/td>\n<td class=\"tabLinhaVerde01 lastc\" colspan=\"5\" align=\"center\">Gigante com 1 d\u00edgito de 7 segmentos, tipo cristal l\u00edquido, 26mm de altura e 12mm de largura.<\/td>\n<\/tr>\n<tr>\n<td class=\"tabLinhaAzul02 firstc\" align=\"center\">Display de Verifica\u00e7\u00e3o<\/td>\n<td class=\"tabLinhaVerde02 lastc\" colspan=\"5\" align=\"center\">Barras gr\u00e1ficas com setas acima e abaixo, tipo cristal l\u00edquido.<\/td>\n<\/tr>\n<tr>\n<td class=\"tabLinhaAzul01 firstc\" align=\"center\">Faixas de Verifica\u00e7\u00e3o de pesos<\/td>\n<td class=\"tabLinhaVerde01 lastc\" colspan=\"5\" align=\"center\">5, sendo 1 Aceit\u00e1vel, 1 Rejeitado Acima, 1 Rejeitado Abaixo, 1 Aceit\u00e1vel Acima e 1 Aceit\u00e1vel Abaixo, sendo totalmente configur\u00e1veis pelo usu\u00e1rio.<\/td>\n<\/tr>\n<tr>\n<td class=\"tabLinhaAzul02 firstc\" align=\"center\">Faixas de Classifica\u00e7\u00e3o de pesos<\/td>\n<td class=\"tabLinhaVerde02 lastc\" colspan=\"5\" align=\"center\">9<\/td>\n<\/tr>\n<tr>\n<td class=\"tabLinhaAzul01 firstc\" align=\"center\">Temperatura e Opera\u00e7\u00e3o<\/td>\n<td class=\"tabLinhaVerde01 lastc\" colspan=\"5\" align=\"center\">-10\u00ba C a + 40\u00ba C<\/td>\n<\/tr>\n<tr>\n<td class=\"tabLinhaAzul02 firstc\" align=\"center\">Alimenta\u00e7\u00e3o El\u00e9trica<\/td>\n<td class=\"tabLinhaVerde02 lastc\" colspan=\"5\" align=\"center\">93,5 a 264 VCA, 50\/60Hz, autom\u00e1tica. Bateria interna para 75 horas de opera\u00e7\u00e3o (backlight desligado) ou 25 horas (backlight ligado o tempo todo), opcional.<\/td>\n<\/tr>\n<tr>\n<td class=\"tabLinhaAzul01 firstc\" align=\"center\">Consumo<\/td>\n<td class=\"tabLinhaVerde01 lastc\" colspan=\"5\" align=\"center\">5 watts (sem bateria) ou 8 watts (com bateria) no m\u00e1ximo<\/td>\n<\/tr>\n<tr>\n<td class=\"tabLinhaAzul02 firstc\" align=\"center\">Comunica\u00e7\u00e3o de Dados opcional<\/td>\n<td class=\"tabLinhaVerde02 lastc\" colspan=\"5\" align=\"center\">RS-232C bidirecional, Rede Etdernet TCP\/IP ou WLAN<\/td>\n<\/tr>\n<tr>\n<td class=\"tabLinhaAzul01 firstc\" align=\"center\">Mem\u00f3rias para Pesos de Refer\u00eancia<\/td>\n<td class=\"tabLinhaVerde01 lastc\" colspan=\"5\" align=\"center\">4 (vers\u00e3o Pesadora e Verificadora)<\/td>\n<\/tr>\n<tr>\n<td class=\"tabLinhaAzul02 firstc\" align=\"center\">Mem\u00f3rias para faixa de pesos<\/td>\n<td class=\"tabLinhaVerde02 lastc\" colspan=\"5\" align=\"center\">2 (vers\u00e3o pesadora e classificadora)<\/td>\n<\/tr>\n<tr>\n<td class=\"tabLinhaAzul01 firstc\" align=\"center\">Unidades de Massa para Exporta\u00e7\u00e3o<\/td>\n<td class=\"tabLinhaVerde01 lastc\" colspan=\"5\" align=\"center\">Libra e Libra-on\u00e7a, al\u00e9m de quilograma<\/td>\n<\/tr>\n<\/tbody>\n<\/table>\n<\/article>\n<\/article>\n","protected":false},"excerpt":{"rendered":"<p>Balan\u00e7a Eletr\u00f4nica de Bancada Pesadora\/Verificadora Rapidez, Prote\u00e7\u00e3o e Precis\u00e3o. Estas s\u00e3o as tr\u00eas principais preocupa\u00e7\u00f5es das empresas que pesam, classificam produtos pelo peso ou verificam o<span class=\"excerpt-hellip\"> [\u2026]<\/span><\/p>\n","protected":false},"featured_media":3382,"comment_status":"open","ping_status":"closed","template":"","meta":{"_joinchat":[]},"product_brand":[],"product_cat":[62,63,47,48,67],"product_tag":[],"class_list":{"0":"post-3381","1":"product","2":"type-product","3":"status-publish","4":"has-post-thumbnail","6":"product_cat-classes-de-produtos","7":"product_cat-balancas-industriais","8":"product_cat-marcas","9":"product_cat-toledo-do-brasil","10":"product_cat-balancas-para-o-varejo-e-o-atacado","11":"pa_capacidade-5kg-a-10kg","12":"pa_capacidade-30kg-a-50kg","14":"first","15":"instock","16":"shipping-taxable","17":"product-type-simple"},"_links":{"self":[{"href":"https:\/\/mblbalancas.com.br\/site\/wp-json\/wp\/v2\/product\/3381","targetHints":{"allow":["GET"]}}],"collection":[{"href":"https:\/\/mblbalancas.com.br\/site\/wp-json\/wp\/v2\/product"}],"about":[{"href":"https:\/\/mblbalancas.com.br\/site\/wp-json\/wp\/v2\/types\/product"}],"replies":[{"embeddable":true,"href":"https:\/\/mblbalancas.com.br\/site\/wp-json\/wp\/v2\/comments?post=3381"}],"wp:featuredmedia":[{"embeddable":true,"href":"https:\/\/mblbalancas.com.br\/site\/wp-json\/wp\/v2\/media\/3382"}],"wp:attachment":[{"href":"https:\/\/mblbalancas.com.br\/site\/wp-json\/wp\/v2\/media?parent=3381"}],"wp:term":[{"taxonomy":"product_brand","embeddable":true,"href":"https:\/\/mblbalancas.com.br\/site\/wp-json\/wp\/v2\/product_brand?post=3381"},{"taxonomy":"product_cat","embeddable":true,"href":"https:\/\/mblbalancas.com.br\/site\/wp-json\/wp\/v2\/product_cat?post=3381"},{"taxonomy":"product_tag","embeddable":true,"href":"https:\/\/mblbalancas.com.br\/site\/wp-json\/wp\/v2\/product_tag?post=3381"}],"curies":[{"name":"wp","href":"https:\/\/api.w.org\/{rel}","templated":true}]}}