{"id":3383,"date":"2015-01-07T17:38:06","date_gmt":"2015-01-07T19:38:06","guid":{"rendered":"https:\/\/mblbalancas.com.br\/site\/?post_type=product&#038;p=3383"},"modified":"2015-01-07T17:43:26","modified_gmt":"2015-01-07T19:43:26","slug":"balanca-toledo-2098-e-2098c","status":"publish","type":"product","link":"https:\/\/mblbalancas.com.br\/site\/produto\/balanca-toledo-2098-e-2098c\/","title":{"rendered":"Balan\u00e7a Toledo 2098 e 2098C"},"content":{"rendered":"<h3>Robustez e durabilidade<\/h3>\n<p>&nbsp;<\/p>\n<p>A estrutura de pesagem \u00e9 constitu\u00edda de chapa de a\u00e7o carbono SAE 1020, com acabamento em tinta primer poliuretano. Projetada com alta tecnologia computadorizada, suporta cargas at\u00e9 30% acima da capacidade m\u00e1xima permitida.<\/p>\n<p>De perfil ultrabaixo, utiliza uma \u00fanica c\u00e9lula de carga (insens\u00edvel ao momento), sem redu\u00e7\u00e3o mec\u00e2nica e de partes m\u00f3veis sujeitas a desgastes. Isto proporciona alta durabilidade e menor custo de propriedade.<\/p>\n<p>A plataforma de pesagem de a\u00e7o inoxid\u00e1vel AISI 304 possui acabamento escovado, ideal para pesagem de produtos aliment\u00edcios. P\u00e9s regul\u00e1veis e antiderrapantes permitem o nivelamento, a estabilidade e a seguran\u00e7a da balan\u00e7a.<\/p>\n<p>&nbsp;<\/p>\n<h3>Excelente resolu\u00e7\u00e3o da indica\u00e7\u00e3o<\/h3>\n<ul>\n<li>Os modelos t\u00eam capacidades com 6.000 divis\u00f5es e proporcionam pesagens mais exatas, o que assegura a redu\u00e7\u00e3o de perdas. Esta caracter\u00edstica resulta em enorme benef\u00edcio para a empresa ao longo do tempo.<\/li>\n<\/ul>\n<p>&nbsp;<\/p>\n<h3>Conversor RS-232C para USB<\/h3>\n<ul>\n<li>Para liga\u00e7\u00f5es em computadores no padr\u00e3o USB.<\/li>\n<\/ul>\n<p>&nbsp;<\/p>\n<h3>Flexibilidade para a utiliza\u00e7\u00e3o de tara<\/h3>\n<ul>\n<li>Conta com dispositivos que permitem a memoriza\u00e7\u00e3o e a subtra\u00e7\u00e3o autom\u00e1tica da tara (embalagem, caixa, bandeja, recipiente) que pode ser configurado para aceitar:<\/li>\n<\/ul>\n<p>&nbsp;<\/p>\n<h3>Uma opera\u00e7\u00e3o de tara<\/h3>\n<ul>\n<li>Tara sucessiva (tara sobre tara);<\/li>\n<li>Memoriza\u00e7\u00e3o manual de tara;<\/li>\n<li>Limpeza autom\u00e1tica de tara (quando se retira o produto\/recipiente da plataforma);<\/li>\n<li>Memoriza\u00e7\u00e3o permanente de tara atrav\u00e9s da programa\u00e7\u00e3o pargarantir que n\u00e3o seja alterada indevidamente durante o processde pesagem de um lote de produtos que utilizam o mesmo valode tara;<\/li>\n<\/ul>\n<p>&nbsp;<\/p>\n<h3>Filtragem digital<\/h3>\n<ul>\n<li>Proporciona quatro n\u00edveis de filtro, permitindo adequar a balan\u00e7a \u00e0s condi\u00e7\u00f5es do local de instala\u00e7\u00e3o que possam interferir no tempo de estabiliza\u00e7\u00e3o da indica\u00e7\u00e3o de peso (vibra\u00e7\u00f5es ou correntes de ar).<\/li>\n<\/ul>\n<p>&nbsp;<\/p>\n<h3>Registro de dados<\/h3>\n<ul>\n<li>Opcionalmente, pode ser fornecida a impressora matricial modelo 351 da Toledo para registro r\u00e1pido dos dados da transa\u00e7\u00e3o em etiquetas autoadesivas. Tamb\u00e9m \u00e9 poss\u00edvel utilizar a impressora t\u00e9rmica modelo 451 Industrial ou 451 Comercial (*) para a impress\u00e3o.<\/li>\n<\/ul>\n<p>&nbsp;<\/p>\n<h3>Sa\u00edda de dados<\/h3>\n<ul>\n<li>A interface no padr\u00e3o RS-232C permite transferir dados de pesagea dispositivos externos de automa\u00e7\u00e3o ou impressoras, como:<\/li>\n<li>Microcomputadores<\/li>\n<li>Impressora Matricial 351<\/li>\n<li>Impressora LX-300<\/li>\n<li>Impressoras 451 Industrial e 451 Comercial (*)<\/li>\n<\/ul>\n<p>&nbsp;<\/p>\n<h3>Teclado robusto e de f\u00e1cil digitaliza\u00e7\u00e3o<\/h3>\n<ul>\n<li>Possui tr\u00eas teclas robustas para zerar a indica\u00e7\u00e3o de peso, descontar valores de tara e comandar o envio de dados \u00e0 porta serial. Constitu\u00eddo de uma unidade selada, minimiza a manuten\u00e7\u00e3o e facilita a limpeza dispensando prote\u00e7\u00f5es e cuidados adicionais.<\/li>\n<\/ul>\n<p>&nbsp;<\/p>\n<h3>Flexibilidade e versatilidade<\/h3>\n<table class=\"padrao mceItemTable\" border=\"0\" cellspacing=\"0\" cellpadding=\"0\">\n<tbody>\n<tr>\n<td class=\"tabLinhaAzul01 firstc\" rowspan=\"3\" align=\"center\">Capacidade<\/td>\n<td class=\"tabLinhaAzul01\" rowspan=\"3\" align=\"center\">Dimens\u00f5es<\/td>\n<td class=\"tabLinhaAzul01\" rowspan=\"3\" align=\"center\">Material<\/td>\n<td class=\"tabLinhaAzul01 lastc\" colspan=\"4\" align=\"center\">Indica\u00e7\u00e3o simples<\/td>\n<\/tr>\n<tr>\n<td class=\"tabLinhaAzul01 firstc\" colspan=\"2\" align=\"center\">Coluna<\/td>\n<td class=\"tabLinhaAzul01 lastc\" colspan=\"2\" align=\"center\">Remota<\/td>\n<\/tr>\n<tr>\n<td class=\"tabLinhaAzul01 firstc\" align=\"center\">0,5 m<\/td>\n<td class=\"tabLinhaAzul01\" align=\"center\">1,0 m<\/td>\n<td class=\"tabLinhaAzul01\" align=\"center\">Mesa<\/td>\n<td class=\"tabLinhaAzul01 lastc\" align=\"center\">Parede<\/td>\n<\/tr>\n<tr>\n<td class=\"tabLinhaVerde01 firstc\" align=\"center\">30 kg x 5 g<\/td>\n<td class=\"tabLinhaVerde01\" rowspan=\"2\" align=\"center\">375 x 425 mm<\/td>\n<td class=\"tabLinhaVerde01\" rowspan=\"4\" align=\"center\">A\u00e7o<br \/>\ninoxid\u00e1vel<\/td>\n<td class=\"tabLinhaVerde01\" align=\"center\">\u2022<\/td>\n<td class=\"tabLinhaVerde01\" align=\"center\"><\/td>\n<td class=\"tabLinhaVerde01\" align=\"center\">\u2022<\/td>\n<td class=\"tabLinhaVerde01 lastc\" align=\"center\">\u2022<\/td>\n<\/tr>\n<tr>\n<td class=\"tabLinhaVerde01 firstc\" align=\"center\">60 kg x 10 g<\/td>\n<td class=\"tabLinhaVerde01\" align=\"center\">\u2022<\/td>\n<td class=\"tabLinhaVerde01\" align=\"center\"><\/td>\n<td class=\"tabLinhaVerde01\" align=\"center\">\u2022<\/td>\n<td class=\"tabLinhaVerde01 lastc\" align=\"center\">\u2022<\/td>\n<\/tr>\n<tr>\n<td class=\"tabLinhaVerde01 firstc\" align=\"center\">120 kg x 20 g<\/td>\n<td class=\"tabLinhaVerde01\" rowspan=\"2\" align=\"center\">500 x 500 mm<\/td>\n<td class=\"tabLinhaVerde01\" align=\"center\"><\/td>\n<td class=\"tabLinhaVerde01\" align=\"center\">\u2022<\/td>\n<td class=\"tabLinhaVerde01\" align=\"center\">\u2022<\/td>\n<td class=\"tabLinhaVerde01 lastc\" align=\"center\">\u2022<\/td>\n<\/tr>\n<tr>\n<td class=\"tabLinhaVerde01 firstc\" align=\"center\">300 kg x 50 g<\/td>\n<td class=\"tabLinhaVerde01\" align=\"center\"><\/td>\n<td class=\"tabLinhaVerde01\" align=\"center\">\u2022<\/td>\n<td class=\"tabLinhaVerde01\" align=\"center\">\u2022<\/td>\n<td class=\"tabLinhaVerde01 lastc\" align=\"center\">\u2022<\/td>\n<\/tr>\n<\/tbody>\n<\/table>\n<p><img loading=\"lazy\" decoding=\"async\" src=\"https:\/\/www.toledobrasil.com.br\/app\/webroot\/img\/upload\/2098.png\" alt=\"\" width=\"680\" height=\"286\" \/><\/p>\n<p>&nbsp;<\/p>\n<h3>Acumulador<\/h3>\n<p><b>Uso Aut\u00f4nomo<\/b><br \/>\nAcumula o peso, a quantidade de pe\u00e7as e o n\u00famero de transa\u00e7\u00f5es efetuadas durante a opera\u00e7\u00e3o. Os totais acumulados poder\u00e3o ser impressos ou visualizados no display.<\/p>\n<p>&nbsp;<\/p>\n<p><b>Uso em rede com o MGV<\/b><br \/>\nQuando ligada em rede com o MGV, compartilha o cadastro de itens acumulando as pesagens de entrada e sa\u00edda (di\u00e1ria e mensal), dos produtos cadastrados no MGV, al\u00e9m de possibilitar a impress\u00e3o de relat\u00f3rios.<\/p>\n<p>&nbsp;<\/p>\n<h3>Fun\u00e7\u00f5es especiais de tara<\/h3>\n<ul>\n<li>Tara semiautom\u00e1tica (registro manual da tara atrav\u00e9s do peso do recipiente na plataforma);<\/li>\n<li>Tara predeterminda (inser\u00e7\u00e3o manual da tara durante a opera\u00e7\u00e3o) Tara pr\u00e9-cadastrada (permite at\u00e9 5 taras pr\u00e9-cadastradas na mem\u00f3ria);<\/li>\n<li>Tara pr\u00e9-cadastrada (permite at\u00e9 5 taras pr\u00e9-cadastradas na mem\u00f3ria);<\/li>\n<li>Tara sucessiva (tara sobre tara);<\/li>\n<li>Limpeza autom\u00e1tica de tara (quando se retira o produto\/recipiente da plataforma);<\/li>\n<\/ul>\n<p>&nbsp;<\/p>\n<h3>Bateria interna recarreg\u00e1vel<\/h3>\n<ul>\n<li>Dispon\u00edvel na vers\u00e3o bateria possibilitando a utiliza\u00e7\u00e3o do equipamento mesmo em locais que n\u00e3o possuam energia el\u00e9trica.<\/li>\n<\/ul>\n<p>&nbsp;<\/p>\n<h3>Contador de transa\u00e7\u00f5es<\/h3>\n<ul>\n<li>Permite associar \u00e0 impress\u00e3o dos dados um numerador consecutivo de 6 d\u00edgitos para identificar\/controlar as transa\u00e7\u00f5es<\/li>\n<\/ul>\n<p>&nbsp;<\/p>\n<h3>Modo verificador de peso<\/h3>\n<ul>\n<li>Possui barramento gr\u00e1fico auxiliar no display, com setas acima e abaixo, para facilitar o monitoramento das faixas de toler\u00e2ncia dos produtos que est\u00e3o sendo verificados. Permite configurar as toler\u00e2ncias m\u00e1ximas, inferior e superior do peso, determinando a faixa aceit\u00e1vel das pesagens.<\/li>\n<\/ul>\n<p>&nbsp;<\/p>\n<ul>\n<li>\n<h3>Liga\u00e7\u00e3o com o MGV<\/h3>\n<\/li>\n<li>Atrav\u00e9s de comunica\u00e7\u00e3o Ethernet cabo (LAN) ou Wi-Fi(WLAN) permite integra\u00e7\u00e3o em rede com MGV<\/li>\n<\/ul>\n<p>&nbsp;<\/p>\n<h3><\/h3>\n<h3>\u00a0\u00a0\u00a0\u00a0\u00a0\u00a0 Modo contador<\/h3>\n<ul>\n<li>Permite realizar contagens por amostragem ou peso m\u00e9dio por pe\u00e7a.<\/li>\n<\/ul>\n<p>&nbsp;<\/p>\n<h3>\u00a0\u00a0\u00a0\u00a0\u00a0\u00a0\u00a0 Data e hora<\/h3>\n<ul>\n<li>Rel\u00f3gio interno permite a exibi\u00e7\u00e3o e\/ou a associa\u00e7\u00e3o da data e hora na impress\u00e3o dos dados da pesagem ou contagem.<\/li>\n<\/ul>\n<p>&nbsp;<\/p>\n<h3>\u00a0\u00a0\u00a0\u00a0\u00a0\u00a0\u00a0 Modo de identifica\u00e7\u00e3o<\/h3>\n<ul>\n<li>Permite introduzir c\u00f3digos de 4, 5 ou 6 d\u00edgitos no c\u00f3digo de barras EAN-13 ou 12 d\u00edgitos no c\u00f3digo de barras EAN-13 de fornecedor identificando produtos ou pe\u00e7as.<\/li>\n<\/ul>\n<p>&nbsp;<\/p>\n<h3>\u00a0\u00a0\u00a0\u00a0\u00a0\u00a0\u00a0 Filtragem digital<\/h3>\n<ul>\n<li>Disp\u00f5e de dez n\u00edveis de filtro, permitindo adequar a balan\u00e7a \u00e0s condi\u00e7\u00f5es do local de instala\u00e7\u00e3o que possam interferir no tempo de estabiliza\u00e7\u00e3o da indica\u00e7\u00e3o do peso (vibra\u00e7\u00f5es ou correntes de ar).<\/li>\n<\/ul>\n<p>&nbsp;<\/p>\n<h3>Exemplos de impress\u00e3o da 2098 C<\/h3>\n<p><img loading=\"lazy\" decoding=\"async\" src=\"https:\/\/www.toledobrasil.com.br\/app\/webroot\/img\/upload\/impress_a.png\" alt=\"\" width=\"680\" height=\"350\" \/><\/p>\n<h3>Exemplos de impress\u00e3o da 2098 C<\/h3>\n<p class=\"lastc\"><img loading=\"lazy\" decoding=\"async\" src=\"https:\/\/www.toledobrasil.com.br\/app\/webroot\/img\/upload\/impress_b.png\" alt=\"\" width=\"680\" height=\"291\" \/><\/p>\n<p>&nbsp;<\/p>\n<p>&nbsp;<\/p>\n","protected":false},"excerpt":{"rendered":"<p>Robustez e durabilidade &nbsp; A estrutura de pesagem \u00e9 constitu\u00edda de chapa de a\u00e7o carbono SAE 1020, com acabamento em tinta primer poliuretano. Projetada com alta<span class=\"excerpt-hellip\"> [\u2026]<\/span><\/p>\n","protected":false},"featured_media":3384,"comment_status":"open","ping_status":"closed","template":"","meta":{"_joinchat":[]},"product_brand":[],"product_cat":[62,65,63,47,48],"product_tag":[],"class_list":{"0":"post-3383","1":"product","2":"type-product","3":"status-publish","4":"has-post-thumbnail","6":"product_cat-classes-de-produtos","7":"product_cat-balacas-para-empresas-de-engenharia","8":"product_cat-balancas-industriais","9":"product_cat-marcas","10":"product_cat-toledo-do-brasil","11":"pa_capacidade-30kg-a-50kg","12":"pa_capacidade-100kg-a-250kg","14":"first","15":"instock","16":"shipping-taxable","17":"product-type-simple"},"_links":{"self":[{"href":"https:\/\/mblbalancas.com.br\/site\/wp-json\/wp\/v2\/product\/3383","targetHints":{"allow":["GET"]}}],"collection":[{"href":"https:\/\/mblbalancas.com.br\/site\/wp-json\/wp\/v2\/product"}],"about":[{"href":"https:\/\/mblbalancas.com.br\/site\/wp-json\/wp\/v2\/types\/product"}],"replies":[{"embeddable":true,"href":"https:\/\/mblbalancas.com.br\/site\/wp-json\/wp\/v2\/comments?post=3383"}],"wp:featuredmedia":[{"embeddable":true,"href":"https:\/\/mblbalancas.com.br\/site\/wp-json\/wp\/v2\/media\/3384"}],"wp:attachment":[{"href":"https:\/\/mblbalancas.com.br\/site\/wp-json\/wp\/v2\/media?parent=3383"}],"wp:term":[{"taxonomy":"product_brand","embeddable":true,"href":"https:\/\/mblbalancas.com.br\/site\/wp-json\/wp\/v2\/product_brand?post=3383"},{"taxonomy":"product_cat","embeddable":true,"href":"https:\/\/mblbalancas.com.br\/site\/wp-json\/wp\/v2\/product_cat?post=3383"},{"taxonomy":"product_tag","embeddable":true,"href":"https:\/\/mblbalancas.com.br\/site\/wp-json\/wp\/v2\/product_tag?post=3383"}],"curies":[{"name":"wp","href":"https:\/\/api.w.org\/{rel}","templated":true}]}}