{"id":3389,"date":"2015-01-08T10:59:49","date_gmt":"2015-01-08T12:59:49","guid":{"rendered":"https:\/\/mblbalancas.com.br\/site\/?post_type=product&#038;p=3389"},"modified":"2015-01-08T10:59:49","modified_gmt":"2015-01-08T12:59:49","slug":"balanca-toledo-2098-pp","status":"publish","type":"product","link":"https:\/\/mblbalancas.com.br\/site\/produto\/balanca-toledo-2098-pp\/","title":{"rendered":"Balan\u00e7a Toledo 2098 PP"},"content":{"rendered":"<article>\n<h3>A Solu\u00e7\u00e3o R\u00e1pida e Vers\u00e1til<\/h3>\n<p class=\"lastc\">A 2098 PP pode realizar rapidamente a pesagem de pessoas nos mais variados lugares, como por exemplo: farm\u00e1cias, academias de gin\u00e1stica, hospitais, cl\u00ednicas e consult\u00f3rios m\u00e9dicos, centros de dieta, clubes, gin\u00e1sios de esportes, escolas, hot\u00e9is, lojas de departamento, resid\u00eancias, condom\u00ednios, etc.<\/p>\n<h3>Acess\u00f3rios (Opcionais)<\/h3>\n<ul class=\"listaGeral\">\n<li class=\"firstc\">R\u00e9gua Antropom\u00e9trica.<\/li>\n<li class=\"lastc\">Sa\u00edda RS-232C para Impressora Matricial de Etiquetas 351 Toledo, computadores e outros perif\u00e9ricos.<\/li>\n<\/ul>\n<article>\n<h3>Amplitude de pesagem com a m\u00e1xima precis\u00e3o<\/h3>\n<ul class=\"listaGeral firstc\">\n<ul class=\"listaGeral firstc\">\n<li>Pesa at\u00e9 200 kg com precis\u00e3o de 50 gramas. A maior capacidade de pesagem da categoria com a menor divis\u00e3o proporciona maior amplitude com muito mais precis\u00e3o.<\/li>\n<\/ul>\n<\/ul>\n<h3>Excelente visualiza\u00e7\u00e3o do peso<\/h3>\n<ul class=\"listaGeral firstc\">\n<ul class=\"listaGeral firstc\">\n<li>Utiliza display LCD com backlight. Leituras r\u00e1pidas e sem erros, com alta visibilidade do peso, al\u00e9m do baixo consumo de energia.<\/li>\n<\/ul>\n<\/ul>\n<h3>Opera\u00e7\u00e3o simples<\/h3>\n<ul class=\"listaGeral firstc\">\n<ul class=\"listaGeral firstc\">\n<li>Sempre pronta para o uso. Dispensa interven\u00e7\u00f5es manuais mantendo a indica\u00e7\u00e3o em zero entre as pesagens.<\/li>\n<\/ul>\n<\/ul>\n<h3>Seguran\u00e7a nas pesagens<\/h3>\n<ul class=\"listaGeral firstc\">\n<ul class=\"listaGeral firstc\">\n<li>Superf\u00edcie de pesagem revestida com borracha antiderrapante e p\u00e9s niveladores proporciona ader\u00eancia da balan\u00e7a ao piso e seguran\u00e7a aos usu\u00e1rios durante as pesagens.<\/li>\n<\/ul>\n<\/ul>\n<h3>Comodidade<\/h3>\n<ul class=\"listaGeral firstc\">\n<li class=\"lastc\">Gancho para bolsas e vestimentas oferece conforto e comodidade ao usu\u00e1rio.<\/li>\n<\/ul>\n<p>&nbsp;<\/p>\n<table class=\"padrao\" border=\"0\" summary=\"Capacidades e Medidas da 2096 Comercial\" cellspacing=\"0\" cellpadding=\"0\">\n<tbody>\n<tr>\n<th class=\"linhaVerde tabLinhaAzul00\" colspan=\"3\" align=\"center\">Especifica\u00e7\u00f5es<\/th>\n<\/tr>\n<tr>\n<td class=\"tabLinhaAzul01 firstc\" width=\"29%\">Capacidade<\/td>\n<td class=\"tabLinhaVerde01 lastc\" colspan=\"2\">200 kg x 50 g<\/td>\n<\/tr>\n<tr>\n<td class=\"tabLinhaAzul02 firstc\" rowspan=\"3\" width=\"29%\">Display<\/td>\n<td class=\"tabLinhaVerde02\" width=\"27%\">Tipo<\/td>\n<td class=\"tabLinhaVerde02 lastc\" width=\"44%\">LCD &#8211; Display de Cristal L\u00edquido<\/td>\n<\/tr>\n<tr>\n<td class=\"tabLinhaVerde02 firstc\">D\u00edgitos<\/td>\n<td class=\"tabLinhaVerde02 lastc\">6 d\u00edgitos<\/td>\n<\/tr>\n<tr>\n<td class=\"tabLinhaVerde02 firstc\">Tamanho<\/td>\n<td class=\"tabLinhaVerde02 lastc\">6,9 mm (L) x 15 mm (A)<\/td>\n<\/tr>\n<tr>\n<td class=\"tabLinhaAzul01 firstc\">Temperatura<\/td>\n<td class=\"tabLinhaVerde01 lastc\" colspan=\"2\">-10\u00b0C a 40\u00b0C<\/td>\n<\/tr>\n<tr>\n<td class=\"tabLinhaAzul02 firstc\">Umidade relativa<\/td>\n<td class=\"tabLinhaVerde02 lastc\" colspan=\"2\">10% a 95% sem condensa\u00e7\u00e3o<\/td>\n<\/tr>\n<tr>\n<td class=\"tabLinhaAzul01 firstc\" rowspan=\"2\">Adaptador AC<\/td>\n<td class=\"tabLinhaVerde01\">Entrada<\/td>\n<td class=\"tabLinhaVerde01 lastc\">Ajust\u00e1vel &#8211; 110 VCA \/ 220 VCA<br \/>\n(-15% \/ +10% e 50Hz \/ 60Hz)<\/td>\n<\/tr>\n<tr>\n<td class=\"tabLinhaVerde01 firstc\">Saida<\/td>\n<td class=\"tabLinhaVerde01 lastc\">7,7 VCC &#8211; 1 A<\/td>\n<\/tr>\n<tr>\n<td class=\"tabLinhaAzul02 firstc\">Consumo<\/td>\n<td class=\"tabLinhaVerde02 lastc\" colspan=\"2\">0,55 a 0,95 W<\/td>\n<\/tr>\n<tr>\n<td class=\"tabLinhaAzul01 firstc\">Acabamento<\/td>\n<td class=\"tabLinhaVerde01 lastc\" colspan=\"2\">Esmalte branco<\/td>\n<\/tr>\n<tr>\n<td class=\"tabLinhaAzul02 firstc\">Dimens\u00f5es<\/td>\n<td class=\"tabLinhaVerde02 lastc\" colspan=\"2\">340 mm (L) x 1256 mm (A) x 595 mm (P)<\/td>\n<\/tr>\n<tr>\n<td class=\"tabLinhaAzul01 firstc\">Plataforma<\/td>\n<td class=\"tabLinhaVerde01 lastc\" colspan=\"2\">340 mm (L) x 74 mm (A) x 390 mm (P)<\/td>\n<\/tr>\n<tr>\n<td class=\"tabLinhaAzul02 firstc\">Peso embarque<\/td>\n<td class=\"tabLinhaVerde02 lastc\" colspan=\"2\">32 kg<\/td>\n<\/tr>\n<tr>\n<td class=\"tabLinhaAzul01 firstc\" rowspan=\"2\">Aprova\u00e7\u00e3o<\/td>\n<td class=\"tabLinhaVerde01\">Portaria<\/td>\n<td class=\"tabLinhaVerde01 lastc\">INMETRO 236 \/ 94<\/td>\n<\/tr>\n<tr>\n<td class=\"tabLinhaVerde01 firstc\">Classe<\/td>\n<td class=\"tabLinhaVerde01 lastc\">Classe de Exatid\u00e3o<\/td>\n<\/tr>\n<\/tbody>\n<\/table>\n<\/article>\n<\/article>\n","protected":false},"excerpt":{"rendered":"<p>A Solu\u00e7\u00e3o R\u00e1pida e Vers\u00e1til A 2098 PP pode realizar rapidamente a pesagem de pessoas nos mais variados lugares, como por exemplo: farm\u00e1cias, academias de gin\u00e1stica,<span class=\"excerpt-hellip\"> [\u2026]<\/span><\/p>\n","protected":false},"featured_media":3390,"comment_status":"open","ping_status":"closed","template":"","meta":{"_joinchat":[]},"product_brand":[],"product_cat":[62,47,68,48],"product_tag":[],"class_list":{"0":"post-3389","1":"product","2":"type-product","3":"status-publish","4":"has-post-thumbnail","6":"product_cat-classes-de-produtos","7":"product_cat-marcas","8":"product_cat-balancas-para-saude-e-educacao","9":"product_cat-toledo-do-brasil","10":"pa_capacidade-100kg-a-250kg","12":"first","13":"instock","14":"shipping-taxable","15":"product-type-simple"},"_links":{"self":[{"href":"https:\/\/mblbalancas.com.br\/site\/wp-json\/wp\/v2\/product\/3389","targetHints":{"allow":["GET"]}}],"collection":[{"href":"https:\/\/mblbalancas.com.br\/site\/wp-json\/wp\/v2\/product"}],"about":[{"href":"https:\/\/mblbalancas.com.br\/site\/wp-json\/wp\/v2\/types\/product"}],"replies":[{"embeddable":true,"href":"https:\/\/mblbalancas.com.br\/site\/wp-json\/wp\/v2\/comments?post=3389"}],"wp:featuredmedia":[{"embeddable":true,"href":"https:\/\/mblbalancas.com.br\/site\/wp-json\/wp\/v2\/media\/3390"}],"wp:attachment":[{"href":"https:\/\/mblbalancas.com.br\/site\/wp-json\/wp\/v2\/media?parent=3389"}],"wp:term":[{"taxonomy":"product_brand","embeddable":true,"href":"https:\/\/mblbalancas.com.br\/site\/wp-json\/wp\/v2\/product_brand?post=3389"},{"taxonomy":"product_cat","embeddable":true,"href":"https:\/\/mblbalancas.com.br\/site\/wp-json\/wp\/v2\/product_cat?post=3389"},{"taxonomy":"product_tag","embeddable":true,"href":"https:\/\/mblbalancas.com.br\/site\/wp-json\/wp\/v2\/product_tag?post=3389"}],"curies":[{"name":"wp","href":"https:\/\/api.w.org\/{rel}","templated":true}]}}