{"id":3391,"date":"2015-01-08T11:14:34","date_gmt":"2015-01-08T13:14:34","guid":{"rendered":"https:\/\/mblbalancas.com.br\/site\/?post_type=product&#038;p=3391"},"modified":"2015-01-08T11:14:34","modified_gmt":"2015-01-08T13:14:34","slug":"balanca-toledo-2124","status":"publish","type":"product","link":"https:\/\/mblbalancas.com.br\/site\/produto\/balanca-toledo-2124\/","title":{"rendered":"Balan\u00e7a Toledo 2124"},"content":{"rendered":"<p>A balan\u00e7a eletr\u00f4nica port\u00e1til modelo 2124 da Toledo do Brasil \u00e9 uma solu\u00e7\u00e3o altamente flex\u00edvel em fun\u00e7\u00e3o da sua portabilidade, permitindo que seja deslocada com facilidade para realizar pesagens em pontos espec\u00edficos do estabelecimento.<\/p>\n<p>&nbsp;<\/p>\n<h2>\u00daNICA C\u00c9LULA DE CARGA<\/h2>\n<p>Montada estrategicamente no interior da coluna da balan\u00e7a proporciona prote\u00e7\u00e3o adicional contra umidade excessiva de alguns ambientes, o que garante opera\u00e7\u00f5es confi\u00e1veis com exatid\u00e3o e velocidade; al\u00e9m de reduzir as despesas com manuten\u00e7\u00e3o.<\/p>\n<h2>PLATAFORMA RETANGULAR COM AMPLA \u00c1REA<\/h2>\n<p>Formato retangular da plataforma de pesagem e dimens\u00f5es de 489 x 714 mm, permite melhor acomoda\u00e7\u00e3o de caixas e paletes, facilitando e otimizando as pesagens.<\/p>\n<h2>ROD\u00cdZIOS DE MOVIMENTA\u00c7\u00c3O<\/h2>\n<p>Equipada com rod\u00edzios de movimenta\u00e7\u00e3o em poliestireno de alta resist\u00eancia e durabilidade, que proporcionam um deslocamento f\u00e1cil e suave da balan\u00e7a.<\/p>\n<h2>PARA-CHOQUES LATERAIS<\/h2>\n<p>Limitam os movimentos laterais da plataforma de pesagem assegurando que cargas incorretamente aplicadas n\u00e3o provoquem danos ao sistema de pesagem, evitando paradas e despesas com manuten\u00e7\u00e3o.<\/p>\n<h2>SISTEMA DE PESAGEM<\/h2>\n<p>Constitu\u00eddo de um sistema de alavancas projetado para condi\u00e7\u00f5es que excedem a carga nominal e o uso cont\u00ednuo da balan\u00e7a, proporcionando pesagens seguras.<\/p>\n<h2>PORTABILIDADE<\/h2>\n<p>Permite f\u00e1cil deslocamento para pesagem em pontos espec\u00edficos do estabelecimento, facilitando e agilizando o processo de recebimento e expedi\u00e7\u00e3o das mercadorias.<\/p>\n<table class=\"padrao mceItemTable\" border=\"0\" cellspacing=\"0\" cellpadding=\"0\">\n<tbody>\n<tr>\n<td class=\"tabLinhaAzul00 linhaVerde firstc\">Indicador Digital<\/td>\n<td class=\"tabLinhaAzul00 linhaVerde\">Vers\u00e3o<\/td>\n<td class=\"tabLinhaAzul00 linhaVerde\">Plataforma de pesagem<\/td>\n<td class=\"tabLinhaAzul00 linhaVerde\">Capacidade m\u00e1xima<\/td>\n<td class=\"tabLinhaAzul00 linhaVerde\">Sensibilidade de contagem (2)<\/td>\n<td class=\"tabLinhaAzul00 linhaVerde\">Peso morto (3)<\/td>\n<td class=\"tabLinhaAzul00 linhaVerde lastc\">Tara<\/td>\n<\/tr>\n<tr>\n<td class=\"tabLinhaVerde01 firstc\" rowspan=\"3\">9098 C<\/td>\n<td class=\"tabLinhaVerde01\" rowspan=\"3\">Coluna e rodas ou indica\u00e7\u00e3o remota (1)<\/td>\n<td class=\"tabLinhaVerde01\" rowspan=\"3\">A\u00e7o carbono ou inoxid\u00e1vel<\/td>\n<td class=\"tabLinhaVerde01\">100 kg x 20 g<\/td>\n<td class=\"tabLinhaVerde01\">2 g<\/td>\n<td class=\"tabLinhaVerde01\">100 kg<\/td>\n<td class=\"tabLinhaVerde01 lastc\" rowspan=\"4\">\n<p class=\"lastc firstc\">At\u00e9 a capacidade m\u00e1xima<\/p>\n<\/td>\n<\/tr>\n<tr>\n<td class=\"tabLinhaVerde01 firstc\">250 kg x 50 g<\/td>\n<td class=\"tabLinhaVerde01\">5 g<\/td>\n<td class=\"tabLinhaVerde01 lastc\">330 kg<\/td>\n<\/tr>\n<tr>\n<td class=\"tabLinhaVerde01 firstc\">500 kg x 100 g<\/td>\n<td class=\"tabLinhaVerde01\">10g<\/td>\n<td class=\"tabLinhaVerde01 lastc\">25 kg<\/td>\n<\/tr>\n<tr>\n<td class=\"tabLinhaVerde01 firstc\">9098<\/td>\n<td class=\"tabLinhaVerde01\">Coluna e rodas<\/td>\n<td class=\"tabLinhaVerde01\">A\u00e7o carbono ou inoxid\u00e1vel<\/td>\n<td class=\"tabLinhaVerde01\">500 kg x 100 g<\/td>\n<td class=\"tabLinhaVerde01\">&#8211;<\/td>\n<td class=\"tabLinhaVerde01 lastc\">25 kg<\/td>\n<\/tr>\n<\/tbody>\n<\/table>\n<table class=\"padrao mceItemTable\" border=\"0\" cellspacing=\"0\" cellpadding=\"0\">\n<tbody>\n<tr>\n<td class=\"tabLinhaAzul02 firstc\"><\/td>\n<td class=\"tabLinhaVerde02\"><img loading=\"lazy\" decoding=\"async\" src=\"https:\/\/www.toledobrasil.com.br\/app\/webroot\/img\/upload\/2124_1.png\" alt=\"\" width=\"98\" height=\"93\" \/><\/td>\n<td class=\"tabLinhaVerde02 lastc\"><img loading=\"lazy\" decoding=\"async\" src=\"https:\/\/www.toledobrasil.com.br\/app\/webroot\/img\/upload\/2124_2.png\" alt=\"\" width=\"98\" height=\"93\" \/><\/td>\n<\/tr>\n<tr>\n<td class=\"tabLinhaAzul02 firstc\">Alimenta\u00e7\u00e3o el\u00e9trica<\/td>\n<td class=\"tabLinhaVerde02\">Fonte multivoltagem autom\u00e1tica entre 93,5 a 264,0 Vca<\/td>\n<td class=\"tabLinhaVerde02 lastc\">93,5 a 264,0 Vca (50 a 60 Hz) automaticamente e\/ou bateria interna recarreg\u00e1vel para at\u00e9 75h (opcional)<\/td>\n<\/tr>\n<tr>\n<td class=\"tabLinhaAzul01 firstc\">Consumo<\/td>\n<td class=\"tabLinhaVerde01\">0,8 a 1,5 W<\/td>\n<td class=\"tabLinhaVerde01 lastc\">1,0 a 5,0 W (Standard) e 6,1 a 7,7 W (Bateria)<\/td>\n<\/tr>\n<tr>\n<td class=\"tabLinhaAzul02 firstc\">Teclado<\/td>\n<td class=\"tabLinhaVerde02\">Manta selada<\/td>\n<td class=\"tabLinhaVerde02 lastc\">Contato moment\u00e2neo<\/td>\n<\/tr>\n<tr>\n<td class=\"tabLinhaAzul01 firstc\">Gabinete<\/td>\n<td class=\"tabLinhaVerde01\">Pl\u00e1stico ABS na cor branca<\/td>\n<td class=\"tabLinhaVerde01 lastc\">Pl\u00e1stico ABS na cor cinza com grau de prote\u00e7\u00e3o IP-54<\/td>\n<\/tr>\n<tr>\n<td class=\"tabLinhaAzul02 firstc\">Temperatura de opera\u00e7\u00e3o<\/td>\n<td class=\"tabLinhaVerde02 lastc\" colspan=\"2\">-10 \u00e0 40\u00ba C com umidade relativa do ar de 10 a 95 % sem condensa\u00e7\u00e3o<\/td>\n<\/tr>\n<tr>\n<td class=\"tabLinhaAzul01 firstc\">Display<\/td>\n<td class=\"tabLinhaVerde01\">Cristal l\u00edquido 6 d\u00edgitos e sinalizadores que auxiliam na opera\u00e7\u00e3o D\u00edgitos de 12 mm (L) x 26 mm (A)<\/td>\n<td class=\"tabLinhaVerde01 lastc\">Cristal l\u00edquido com backlight na cor azul 6 d\u00edgitos e sinalizadores que auxiliam na opera\u00e7\u00e3o D\u00edgitos de 12 mm (L) x 26 mm (A)<\/td>\n<\/tr>\n<tr>\n<td class=\"tabLinhaAzul02 firstc\" rowspan=\"2\">Opcionais<\/td>\n<td class=\"tabLinhaVerde02 lastc\" colspan=\"2\">Sa\u00edda RS-232C<br \/>\n&#8211; Liga\u00e7\u00e3o \u00e0 impressora 351 e 451<br \/>\n&#8211; Liga\u00e7\u00e3o \u00e0 impressora matricial LX-300<br \/>\n&#8211; Liga\u00e7\u00e3o a microcomputadores<br \/>\nConversor USB<\/td>\n<\/tr>\n<tr>\n<td class=\"tabLinhaVerde01 firstc\">Cabo para Bateria Automotiva<br \/>\nCabo adaptador automotivo<\/td>\n<td class=\"tabLinhaVerde01 lastc\">Sa\u00edda Ethernet ou Wi-Fi<br \/>\nLiga\u00e7\u00e3o em rede com o MGV 5<br \/>\nKit para montagem em parede<\/td>\n<\/tr>\n<\/tbody>\n<\/table>\n<h3>Dimensionais &#8211; Vers\u00e3o coluna e rodas<\/h3>\n<p><img loading=\"lazy\" decoding=\"async\" src=\"https:\/\/www.toledobrasil.com.br\/app\/webroot\/img\/upload\/produtos\/2124\/02.png\" alt=\"\" width=\"694\" height=\"368\" \/><\/p>\n<table class=\"padrao mceItemTable\" border=\"0\" cellspacing=\"0\" cellpadding=\"0\">\n<tbody>\n<tr>\n<td class=\"tabLinhaAzul00 linhaVerde firstc\" rowspan=\"2\" align=\"center\">Vers\u00e3o coluna e rodas<\/td>\n<td class=\"tabLinhaAzul00 linhaVerde\" colspan=\"3\" align=\"center\">Dimens\u00f5es (mm)<\/td>\n<td class=\"tabLinhaAzul00 linhaVerde lastc\" rowspan=\"2\" align=\"center\">Peso (l\u00edquido)<\/td>\n<\/tr>\n<tr>\n<td class=\"tabLinhaAzul00 firstc\" align=\"center\">L<\/td>\n<td class=\"tabLinhaAzul00\" align=\"center\">A<\/td>\n<td class=\"tabLinhaAzul00 lastc\" align=\"center\">P<\/td>\n<\/tr>\n<tr>\n<td class=\"tabLinhaAzul01 firstc\">2124 com 9098C<\/td>\n<td class=\"tabLinhaVerde01\">586<\/td>\n<td class=\"tabLinhaVerde01\">1561<\/td>\n<td class=\"tabLinhaVerde01\">940<\/td>\n<td class=\"tabLinhaVerde01 lastc\">47,0<\/td>\n<\/tr>\n<tr>\n<td class=\"tabLinhaAzul02 firstc\">2124 com 9098<\/td>\n<td class=\"tabLinhaVerde02\">586<\/td>\n<td class=\"tabLinhaVerde02\">1456<\/td>\n<td class=\"tabLinhaVerde02\">940<\/td>\n<td class=\"tabLinhaVerde02 lastc\">46,9<\/td>\n<\/tr>\n<\/tbody>\n<\/table>\n<table class=\"padrao mceItemTable\" border=\"0\" cellspacing=\"0\" cellpadding=\"0\">\n<tbody>\n<tr>\n<td class=\"tabLinhaAzul00 linhaVerde firstc\" rowspan=\"2\">Dimens\u00f5es (mm)<\/td>\n<td class=\"tabLinhaAzul00 linhaVerde lastc\" colspan=\"2\">M\u00f3dulo indicador<\/td>\n<\/tr>\n<tr>\n<td class=\"tabLinhaAzul00 linhaVerde firstc\">9098 C<\/td>\n<td class=\"tabLinhaAzul00 linhaVerde lastc\">9098<\/td>\n<\/tr>\n<tr>\n<td class=\"tabLinhaAzul01 firstc\">A<\/td>\n<td class=\"tabLinhaVerde01\">304<\/td>\n<td class=\"tabLinhaVerde01 lastc\">199<\/td>\n<\/tr>\n<tr>\n<td class=\"tabLinhaAzul02 firstc\">B<\/td>\n<td class=\"tabLinhaVerde02\">1561<\/td>\n<td class=\"tabLinhaVerde02 lastc\">1456<\/td>\n<\/tr>\n<\/tbody>\n<\/table>\n<h3>Dimensionais &#8211; indica\u00e7\u00e3o remota<\/h3>\n<p><img loading=\"lazy\" decoding=\"async\" src=\"https:\/\/www.toledobrasil.com.br\/app\/webroot\/img\/upload\/produtos\/2124\/03.png\" alt=\"\" width=\"694\" height=\"199\" \/><\/p>\n<table class=\"padrao mceItemTable\" border=\"0\" cellspacing=\"0\" cellpadding=\"0\">\n<tbody>\n<tr>\n<td class=\"tabLinhaAzul00 linhaVerde firstc\" rowspan=\"2\" align=\"center\">M\u00f3dulo indicador<\/td>\n<td class=\"tabLinhaAzul00 linhaVerde\" colspan=\"3\" align=\"center\">Dimens\u00f5es (mm)<\/td>\n<td class=\"tabLinhaAzul00 linhaVerde lastc\" rowspan=\"2\" align=\"center\">Peso (l\u00edquido)<\/td>\n<\/tr>\n<tr>\n<td class=\"tabLinhaAzul00 firstc\" align=\"center\">L<\/td>\n<td class=\"tabLinhaAzul00\" align=\"center\">A<\/td>\n<td class=\"tabLinhaAzul00 lastc\" align=\"center\">P<\/td>\n<\/tr>\n<tr>\n<td class=\"tabLinhaAzul01 firstc\">9098C<\/td>\n<td class=\"tabLinhaVerde01\">249<\/td>\n<td class=\"tabLinhaVerde01\">153<\/td>\n<td class=\"tabLinhaVerde01\">153<\/td>\n<td class=\"tabLinhaVerde01 lastc\">1,2<\/td>\n<\/tr>\n<tr>\n<td class=\"tabLinhaAzul02 firstc\">9098<\/td>\n<td class=\"tabLinhaVerde02\">200<\/td>\n<td class=\"tabLinhaVerde02\">183<\/td>\n<td class=\"tabLinhaVerde02\">155<\/td>\n<td class=\"tabLinhaVerde02 lastc\">1,2<\/td>\n<\/tr>\n<\/tbody>\n<\/table>\n<table class=\"padrao mceItemTable\" border=\"0\" cellspacing=\"0\" cellpadding=\"0\">\n<tbody>\n<tr>\n<td class=\"tabLinhaAzul00 linhaVerde firstc\" rowspan=\"3\">Plataforma de pesagem<\/td>\n<td class=\"tabLinhaAzul00 linhaVerde lastc\" colspan=\"4\">Dimens\u00f5es (mm)<\/td>\n<\/tr>\n<tr>\n<td class=\"tabLinhaAzul00 firstc\">L<\/td>\n<td class=\"tabLinhaAzul00\">AL<\/td>\n<td class=\"tabLinhaAzul00\">P<\/td>\n<td class=\"tabLinhaAzul00 lastc\">Peso (L\u00edquido)<\/td>\n<\/tr>\n<tr>\n<td class=\"tabLinhaVerde02 firstc\">498<\/td>\n<td class=\"tabLinhaVerde02\">358<\/td>\n<td class=\"tabLinhaVerde02\">940<\/td>\n<td class=\"tabLinhaVerde02 lastc\">40,0<\/td>\n<\/tr>\n<\/tbody>\n<\/table>\n","protected":false},"excerpt":{"rendered":"<p>A balan\u00e7a eletr\u00f4nica port\u00e1til modelo 2124 da Toledo do Brasil \u00e9 uma solu\u00e7\u00e3o altamente flex\u00edvel em fun\u00e7\u00e3o da sua portabilidade, permitindo que seja deslocada com facilidade<span class=\"excerpt-hellip\"> [\u2026]<\/span><\/p>\n","protected":false},"featured_media":3392,"comment_status":"open","ping_status":"closed","template":"","meta":{"_joinchat":[]},"product_brand":[],"product_cat":[62,65,63,47,48,66],"product_tag":[],"class_list":{"0":"post-3391","1":"product","2":"type-product","3":"status-publish","4":"has-post-thumbnail","6":"product_cat-classes-de-produtos","7":"product_cat-balacas-para-empresas-de-engenharia","8":"product_cat-balancas-industriais","9":"product_cat-marcas","10":"product_cat-toledo-do-brasil","11":"product_cat-balancas-para-transporte-e-logistica","12":"pa_capacidade-100kg-a-250kg","13":"pa_capacidade-250kg-a-500kg","15":"first","16":"instock","17":"shipping-taxable","18":"product-type-simple"},"_links":{"self":[{"href":"https:\/\/mblbalancas.com.br\/site\/wp-json\/wp\/v2\/product\/3391","targetHints":{"allow":["GET"]}}],"collection":[{"href":"https:\/\/mblbalancas.com.br\/site\/wp-json\/wp\/v2\/product"}],"about":[{"href":"https:\/\/mblbalancas.com.br\/site\/wp-json\/wp\/v2\/types\/product"}],"replies":[{"embeddable":true,"href":"https:\/\/mblbalancas.com.br\/site\/wp-json\/wp\/v2\/comments?post=3391"}],"wp:featuredmedia":[{"embeddable":true,"href":"https:\/\/mblbalancas.com.br\/site\/wp-json\/wp\/v2\/media\/3392"}],"wp:attachment":[{"href":"https:\/\/mblbalancas.com.br\/site\/wp-json\/wp\/v2\/media?parent=3391"}],"wp:term":[{"taxonomy":"product_brand","embeddable":true,"href":"https:\/\/mblbalancas.com.br\/site\/wp-json\/wp\/v2\/product_brand?post=3391"},{"taxonomy":"product_cat","embeddable":true,"href":"https:\/\/mblbalancas.com.br\/site\/wp-json\/wp\/v2\/product_cat?post=3391"},{"taxonomy":"product_tag","embeddable":true,"href":"https:\/\/mblbalancas.com.br\/site\/wp-json\/wp\/v2\/product_tag?post=3391"}],"curies":[{"name":"wp","href":"https:\/\/api.w.org\/{rel}","templated":true}]}}