{"id":3403,"date":"2015-01-10T10:13:19","date_gmt":"2015-01-10T12:13:19","guid":{"rendered":"https:\/\/mblbalancas.com.br\/site\/?post_type=product&#038;p=3403"},"modified":"2015-01-10T10:15:56","modified_gmt":"2015-01-10T12:15:56","slug":"balanca-toledo-2254-tendal","status":"publish","type":"product","link":"https:\/\/mblbalancas.com.br\/site\/produto\/balanca-toledo-2254-tendal\/","title":{"rendered":"Balan\u00e7a Toledo 2254 Tendal"},"content":{"rendered":"<p>Com opera\u00e7\u00e3o simples, indica\u00e7\u00e3o de peso r\u00e1pida, f\u00e1cil leitura e robustez, a balan\u00e7a eletr\u00f4nica de tendal modelo 2254 \u00e9 a solu\u00e7\u00e3o certa para aplica\u00e7\u00f5es de recebimento e expedi\u00e7\u00e3o de produtos em frigor\u00edficos, matadouros, a\u00e7ougues e supermercados.<\/p>\n<p>&nbsp;<\/p>\n<article>\n<div class=\"englobaColunas firstc\">\n<h3>Caracter\u00edsticas e Benef\u00edcios<\/h3>\n<div class=\"colunaMenor\"><img loading=\"lazy\" decoding=\"async\" src=\"https:\/\/www.toledobrasil.com.br\/app\/webroot\/img\/upload\/produtos\/tendal\/tendal.png\" alt=\"\" width=\"225\" height=\"615\" \/><\/div>\n<div class=\"principal menor\">\n<h4>Caracter\u00edsticas Funcionais<\/h4>\n<ul class=\"listaGeral\">\n<li class=\"firstc\">Totalmente eletr\u00f4nica, sem pe\u00e7as m\u00f3veis sujeitas a desgaste<\/li>\n<li>Utiliza 2 c\u00e9lulas de carga de a\u00e7o inox fabricadas pela Toledo.<\/li>\n<li>Exclusiva prote\u00e7\u00e3o para a balan\u00e7a: galvaniza\u00e7\u00e3o a fogo<\/li>\n<li>Ampla \u00e1rea de pesagem. Trilho de 300 a 800 mm de comprimento<\/li>\n<li>F\u00e1cil instala\u00e7\u00e3o<\/li>\n<li class=\"lastc\">Dez metros de cabo para interliga\u00e7\u00e3o da balan\u00e7a ao Indicador de Peso<\/li>\n<\/ul>\n<h4>Benef\u00edcios<\/h4>\n<ul class=\"listaGeral\">\n<li class=\"firstc\">Confiabilidade. Excede os padr\u00f5es metrol\u00f3gicos em vigor<\/li>\n<li>Pesagens r\u00e1pidas<\/li>\n<li>F\u00e1cil leitura, sem erros de interpreta\u00e7\u00e3o. \u00d3tima visualiza\u00e7\u00e3o dos d\u00edgitos.<\/li>\n<li>Maior durabilidade, sem pe\u00e7as m\u00f3veis sujeitas a desgaste.<\/li>\n<li>Possibilidade de interliga\u00e7\u00e3o a sistemas automatizados, etiquetadores e impressores.<\/li>\n<li class=\"lastc\">Rede de assist\u00eancia t\u00e9cnica pr\u00f3pria em todo o Brasil.<\/li>\n<\/ul>\n<\/div>\n<div class=\"colunaMenor lastc\"><\/div>\n<div class=\"colunaMenor lastc\"><\/div>\n<\/div>\n<h4><strong>Indicadores e terminais de pesagem<\/strong><\/h4>\n<div class=\"principal menor\">\n<h4>9091-T<\/h4>\n<h5>Indicador de peso<\/h5>\n<ul class=\"listaGeral\">\n<li class=\"firstc\">C\u00f3digo num\u00e9rico de 11 caracteres para identifica\u00e7\u00e3o do produto.<\/li>\n<li>Gabinete de alum\u00ednio pintado de preto.<\/li>\n<li>Grau de prote\u00e7\u00e3o IP-65.<\/li>\n<li>Conectividade (opcional): Ethernet TCP\/IP, RS-232C, Loop de corrente e RS-485.<\/li>\n<li>Servidor web (opcional).<\/li>\n<li>Acumulador de pesagens e contagens de 1.500 itens, para at\u00e9 quatro operadores, com senha (exclusivo).<\/li>\n<li>V\u00e1rios relat\u00f3rios de pesagem.<\/li>\n<li class=\"lastc\">Vers\u00f5es de mesa\/parede e coluna.<\/li>\n<\/ul>\n<\/div>\n<div class=\"colunaMenor\"><img loading=\"lazy\" decoding=\"async\" src=\"https:\/\/www.toledobrasil.com.br\/app\/webroot\/img\/upload\/produtos\/2254\/9090inox.png\" alt=\"\" width=\"244\" height=\"200\" \/><\/div>\n<div class=\"principal menor\">\n<h4><\/h4>\n<h4>9091-T Inox<\/h4>\n<h5>Indicador de peso<\/h5>\n<\/div>\n<p>&nbsp;<\/p>\n<div class=\"principal menor\">\n<ul class=\"listaGeral firstc\">\n<li class=\"firstc\">C\u00f3digo num\u00e9rico de 11 caracteres para identifica\u00e7\u00e3o do produto.<\/li>\n<li>Gabinete de a\u00e7o inoxid\u00e1vel AISI 304.<\/li>\n<li>Grau de prote\u00e7\u00e3o IP-69k.<\/li>\n<li>Conectividade (opcional): Ethernet TCP\/IP, RS-232C, Loop de corrente e RS-485.<\/li>\n<li>Servidor web (opcional).<\/li>\n<li>Acumulador de pesagens de 1.500 itens para at\u00e9 quatro operadores, com senha (exclusivo).<\/li>\n<li>V\u00e1rios relat\u00f3rios de pesagem.<\/li>\n<li class=\"lastc\">Vers\u00f5es de mesa\/parede e coluna.<\/li>\n<\/ul>\n<\/div>\n<div class=\"colunaMenor\"><img loading=\"lazy\" decoding=\"async\" src=\"https:\/\/www.toledobrasil.com.br\/app\/webroot\/img\/upload\/produtos\/2254\/9091.png\" alt=\"\" width=\"244\" height=\"200\" \/><\/div>\n<div class=\"principal menor\">\n<h4><\/h4>\n<h4>TS6 &#8211; Touch Screen<\/h4>\n<h5>Computador industrial com indicador de peso<\/h5>\n<\/div>\n<p>&nbsp;<\/p>\n<div class=\"principal menor\">\n<ul class=\"listaGeral firstc\">\n<li class=\"firstc\">Gabinete de a\u00e7o inoxid\u00e1vel com grau de prote\u00e7\u00e3o IP-69k e indicador de pesagem embutido.<\/li>\n<li>Tela Touch-Screen (sens\u00edvel a toque). Compatibilidade com PC.<\/li>\n<li>Utilza sitemas operacionais e softwares de mercado.<\/li>\n<li>Conex\u00e3o a rede ethernet e a diversos perif\u00e9ricos.<\/li>\n<li class=\"lastc\">Programas e aplicativos Toledo ou desenvolvidos pelo cliente.<\/li>\n<\/ul>\n<\/div>\n<div class=\"colunaMenor\"><img loading=\"lazy\" decoding=\"async\" src=\"https:\/\/www.toledobrasil.com.br\/app\/webroot\/img\/upload\/produtos\/2254\/ts6.png\" alt=\"\" width=\"244\" height=\"200\" \/><\/div>\n<div class=\"principal menor\">\n<h4><\/h4>\n<h4>TS3 X<\/h4>\n<h5>Coletor de dados e indicador de peso<\/h5>\n<p>&nbsp;<\/p>\n<ul class=\"listaGeral\">\n<li class=\"firstc\">Gabinete de a\u00e7o inox com grau de prote\u00e7\u00e3o IP-67.<\/li>\n<li>Possui software de pesagem para duas plataformas e impress\u00e3o de etiqueta (configur\u00e1vel).<\/li>\n<li>Program\u00e1vel, com sistema operacional multitarefas em tempo real desenvolvido especificamente para aplica\u00e7\u00f5es que n\u00e3o podem ser interrompidas.<\/li>\n<li>Interfaces de comunica\u00e7\u00e3o com balan\u00e7as eletr\u00f4nicas, impressoras, scanners e computadores.<\/li>\n<li>Display de f\u00e1cil visualiza\u00e7\u00e3o.<\/li>\n<li>Rede de comunica\u00e7\u00e3o de dados ethernet.<\/li>\n<li class=\"lastc\">Modbus-TCP, Modbus-RTU, Profibus-DP, DeviceNet e ControlNet.<\/li>\n<\/ul>\n<\/div>\n<div class=\"colunaMenor\"><img loading=\"lazy\" decoding=\"async\" src=\"https:\/\/www.toledobrasil.com.br\/app\/webroot\/img\/upload\/produtos\/2254\/ts3.png\" alt=\"\" width=\"244\" height=\"200\" \/><\/div>\n<div class=\"principal menor\">\n<h4><\/h4>\n<h4>9069 H<\/h4>\n<h5>Pesador, verificador e classificador<\/h5>\n<\/div>\n<p>&nbsp;<\/p>\n<div class=\"principal menor\">\n<ul class=\"listaGeral firstc\">\n<li class=\"firstc\">Modos de pesagem simples, verifica\u00e7\u00e3o do peso de produtos e classifica\u00e7\u00e3o do peso mediante faixa programada.<\/li>\n<li>Display gigante LCD, com d\u00edgitos de 26 mm (A) x 12 mm (L) e Backlight (ilumina\u00e7\u00e3o de retaguarda).<\/li>\n<li>Bateria para at\u00e9 30h. (opcional)<\/li>\n<li>Gabinete de a\u00e7o inoxid\u00e1vel AISI-304.<\/li>\n<li>Grau de prote\u00e7\u00e3o IP-69k.<\/li>\n<li>Umidade relativa: at\u00e9 95%, com condensa\u00e7\u00e3o \u00e0 temperatura de 40\u00baC.<\/li>\n<li class=\"lastc\">Sa\u00eddas para comunica\u00e7\u00e3o, opcionais: Ethernet TCP\/IP e RS232C.<\/li>\n<\/ul>\n<\/div>\n<div class=\"colunaMenor lastc\"><img loading=\"lazy\" decoding=\"async\" src=\"https:\/\/www.toledobrasil.com.br\/app\/webroot\/img\/upload\/produtos\/2254\/9096h.png\" alt=\"\" width=\"244\" height=\"200\" \/><\/div>\n<div class=\"colunaMenor lastc\"><\/div>\n<div class=\"colunaMenor lastc\">\n<h3>Especifica\u00e7\u00f5es T\u00e9cnicas<\/h3>\n<table class=\"padrao\" border=\"0\" summary=\"2254 Tendal - Tabela de Especifica\u00e7\u00f5es T\u00e9cnicas\" cellspacing=\"0\" cellpadding=\"0\">\n<tbody>\n<tr>\n<td class=\"tabLinhaAzul00 firstc\" rowspan=\"2\" align=\"center\" valign=\"middle\">Capacidade<br \/>\n(kg x g)<\/td>\n<td class=\"tabLinhaAzul00\" colspan=\"2\" align=\"center\" valign=\"middle\">Trilho de pesagem<\/td>\n<td class=\"tabLinhaAzul00\" rowspan=\"2\" align=\"center\" valign=\"middle\">Material<\/td>\n<td class=\"tabLinhaAzul00\" rowspan=\"2\" align=\"center\" valign=\"middle\">Grau de prote\u00e7\u00e3o IP<\/td>\n<td class=\"tabLinhaAzul00 lastc\" rowspan=\"2\" align=\"center\" valign=\"middle\">Tipo de Pesagem<\/td>\n<\/tr>\n<tr>\n<td class=\"tabLinhaAzul00 firstc\" align=\"center\" valign=\"middle\">Comprimento (mm)<\/td>\n<td class=\"tabLinhaAzul00 lastc\" align=\"center\" valign=\"middle\">Espessura<\/td>\n<\/tr>\n<tr>\n<td class=\"tabLinhaVerde01 firstc\" rowspan=\"2\">300 x 100<\/td>\n<td class=\"tabLinhaVerde01\">500<\/td>\n<td class=\"tabLinhaVerde01\" rowspan=\"7\">\u00bd\u201d<\/td>\n<td class=\"tabLinhaVerde01\" rowspan=\"2\">A\u00e7o Carbono<\/td>\n<td class=\"tabLinhaVerde01\" rowspan=\"2\">IP-67<\/td>\n<td class=\"tabLinhaVerde01 lastc\">Est\u00e1tica com nora autom\u00e1tica<\/td>\n<\/tr>\n<tr>\n<td class=\"tabLinhaVerde01 firstc\">800<\/td>\n<td class=\"tabLinhaVerde01 lastc\">Est\u00e1tica com nora manual<\/td>\n<\/tr>\n<tr>\n<td class=\"tabLinhaVerde02 firstc\">400 x 100<\/td>\n<td class=\"tabLinhaVerde02\">300<\/td>\n<td class=\"tabLinhaVerde02\">A\u00e7o Inoxid\u00e1vel<\/td>\n<td class=\"tabLinhaVerde02\">IP-68<\/td>\n<td class=\"tabLinhaVerde02 lastc\">Est\u00e1tica com nora manual<\/td>\n<\/tr>\n<tr>\n<td class=\"tabLinhaVerde01 firstc\" rowspan=\"2\">600 x 200<\/td>\n<td class=\"tabLinhaVerde01\">500<\/td>\n<td class=\"tabLinhaVerde01\" rowspan=\"4\">A\u00e7o Carbono<\/td>\n<td class=\"tabLinhaVerde01\" rowspan=\"4\">IP-67<\/td>\n<td class=\"tabLinhaVerde01 lastc\">Est\u00e1tica com nora autom\u00e1tica<\/td>\n<\/tr>\n<tr>\n<td class=\"tabLinhaVerde01 firstc\">800<\/td>\n<td class=\"tabLinhaVerde01 lastc\">Est\u00e1tica com nora manual<\/td>\n<\/tr>\n<tr>\n<td class=\"tabLinhaVerde02 firstc\">900 x 200<\/td>\n<td class=\"tabLinhaVerde02\">800<\/td>\n<td class=\"tabLinhaVerde02 lastc\">Est\u00e1tica com nora manual<\/td>\n<\/tr>\n<tr>\n<td class=\"tabLinhaVerde01 firstc\">1.000 x 500<\/td>\n<td class=\"tabLinhaVerde01\">800<\/td>\n<td class=\"tabLinhaVerde01 lastc\">Est\u00e1tica com nora manual<\/td>\n<\/tr>\n<\/tbody>\n<\/table>\n<\/div>\n<\/article>\n","protected":false},"excerpt":{"rendered":"<p>Com opera\u00e7\u00e3o simples, indica\u00e7\u00e3o de peso r\u00e1pida, f\u00e1cil leitura e robustez, a balan\u00e7a eletr\u00f4nica de tendal modelo 2254 \u00e9 a solu\u00e7\u00e3o certa para aplica\u00e7\u00f5es de recebimento<span class=\"excerpt-hellip\"> [\u2026]<\/span><\/p>\n","protected":false},"featured_media":3404,"comment_status":"open","ping_status":"closed","template":"","meta":{"_joinchat":[]},"product_brand":[],"product_cat":[62,63,47,48,67],"product_tag":[],"class_list":{"0":"post-3403","1":"product","2":"type-product","3":"status-publish","4":"has-post-thumbnail","6":"product_cat-classes-de-produtos","7":"product_cat-balancas-industriais","8":"product_cat-marcas","9":"product_cat-toledo-do-brasil","10":"product_cat-balancas-para-o-varejo-e-o-atacado","11":"pa_capacidade-250kg-a-500kg","12":"pa_capacidade-750kg-a-1t","14":"first","15":"instock","16":"shipping-taxable","17":"product-type-simple"},"_links":{"self":[{"href":"https:\/\/mblbalancas.com.br\/site\/wp-json\/wp\/v2\/product\/3403","targetHints":{"allow":["GET"]}}],"collection":[{"href":"https:\/\/mblbalancas.com.br\/site\/wp-json\/wp\/v2\/product"}],"about":[{"href":"https:\/\/mblbalancas.com.br\/site\/wp-json\/wp\/v2\/types\/product"}],"replies":[{"embeddable":true,"href":"https:\/\/mblbalancas.com.br\/site\/wp-json\/wp\/v2\/comments?post=3403"}],"wp:featuredmedia":[{"embeddable":true,"href":"https:\/\/mblbalancas.com.br\/site\/wp-json\/wp\/v2\/media\/3404"}],"wp:attachment":[{"href":"https:\/\/mblbalancas.com.br\/site\/wp-json\/wp\/v2\/media?parent=3403"}],"wp:term":[{"taxonomy":"product_brand","embeddable":true,"href":"https:\/\/mblbalancas.com.br\/site\/wp-json\/wp\/v2\/product_brand?post=3403"},{"taxonomy":"product_cat","embeddable":true,"href":"https:\/\/mblbalancas.com.br\/site\/wp-json\/wp\/v2\/product_cat?post=3403"},{"taxonomy":"product_tag","embeddable":true,"href":"https:\/\/mblbalancas.com.br\/site\/wp-json\/wp\/v2\/product_tag?post=3403"}],"curies":[{"name":"wp","href":"https:\/\/api.w.org\/{rel}","templated":true}]}}