{"id":3407,"date":"2015-01-10T10:54:03","date_gmt":"2015-01-10T12:54:03","guid":{"rendered":"https:\/\/mblbalancas.com.br\/site\/?post_type=product&#038;p=3407"},"modified":"2015-01-10T10:55:52","modified_gmt":"2015-01-10T12:55:52","slug":"balanca-toledo-3400","status":"publish","type":"product","link":"https:\/\/mblbalancas.com.br\/site\/produto\/balanca-toledo-3400\/","title":{"rendered":"Balan\u00e7a Toledo 3400"},"content":{"rendered":"<h3>Balan\u00e7a Pesadora \/ Contadora<\/h3>\n<p>A balan\u00e7a eletr\u00f4nica modelo 3400 \u00e9 r\u00e1pida,confi\u00e1vel e vers\u00e1til.<\/p>\n<p>Com avan\u00e7ada tecnologia, \u00e9 program\u00e1vel via teclado, permitindo ao usu\u00e1rio configur\u00e1-Ia de acordo com a aplica\u00e7\u00e3o de pesagem ou contagem \u00e0 que se destina.<\/p>\n<p>Como contadora, requer apenas a informa\u00e7\u00e3o do peso m\u00e9dio da pe\u00e7a, ou uma amostra,para efetuar automaticamente a contagem de grandes lotes.<\/p>\n<p>Possui sele\u00e7\u00e3o de filtro digital em 15 n\u00edveis para controlar a estabiliza\u00e7\u00e3o da pesagem ou contagem em locais sujeitos a vibra\u00e7\u00f5es<\/p>\n<p>Durante a contagem, permite, em displays independentes, a visualiza\u00e7\u00e3o das informa\u00e7\u00f5es de peso bruto ou l\u00edquido, peso m\u00e9dio por pe\u00e7a e n\u00famero de pe\u00e7as.<\/p>\n<p>Em conjunto com etiquetadores, impressoras ou computadores pode ser utilizada em sistemas automatizados de controle e de coleta de dados.<\/p>\n<p>&nbsp;<\/p>\n<h3>Caracter\u00edsticas e Benef\u00edcios<\/h3>\n<div class=\"colunaMaior\">\n<ul>\n<li class=\"firstc\">F\u00e1cil e r\u00e1pida opera\u00e7\u00e3o.<\/li>\n<li>F\u00e1cil leitura.<\/li>\n<\/ul>\n<div>Possibilita trabalhar com bateria em locais sem rede el\u00e9trica ou em caso de falta de energia.<\/div>\n<ul>\n<li>Data e hora, c\u00f3digo num\u00e9rico (at\u00e9 doze caracteres), peso l\u00edquido, peso bruto, tara, peso m\u00e9dio por pe\u00e7a e n\u00famero de pe\u00e7<br \/>\nas podem ser impressos, associados \u00e0 pesagem ou \u00e0 contagem de pe\u00e7as, quando interligadas a etiquetador ou impressora opcional, e dependendo da programa\u00e7\u00e3o do usu\u00e1rio.<\/li>\n<li>O peso m\u00ednimo para amostra pode ser selecionado entre 0,4% ou 0,2% da capacidade m\u00e1xima da balan\u00e7a, quando em contagem.<\/li>\n<li>Bloqueador de fun\u00e7\u00e3o de contagem.<\/li>\n<li>Instala\u00e7\u00e3o pelo pr\u00f3prio usu\u00e1rio.<\/li>\n<li>Baixo custo de manuten\u00e7\u00e3o.<\/li>\n<li>Rede pr\u00f3pria de assist\u00eancia t\u00e9cnica em todo o Brasil<\/li>\n<\/ul>\n<h3>Especifica\u00e7\u00f5es T\u00e9cnicas<\/h3>\n<div class=\"colunaMenor\">\n<ul class=\"listaGeral firstc\">\n<li class=\"firstc\">Display: cristal l\u00edquido, com 17 d\u00edgitos de sete segmentos, com 12 mm de altura x 5,6 mm de largura.<\/li>\n<li>Teclado de filme de policarbonato, \u00e0 prova de respingos de \u00e1gua e poeira, com retorno sonoro.<\/li>\n<li>Gabinete de pl\u00e1stico ABS, na cor branca.<\/li>\n<li>Resolu\u00e7\u00e3o interna:\n<ul class=\"listaGeral firstc\">\n<li class=\"firstc\">1 parte em 50.000 (balan\u00e7as de 2,5 kg, 5 kg e 10 kg).<\/li>\n<li class=\"lastc\">1 parte em 30.000 (balan\u00e7as de 15 kg e 30 kg).<\/li>\n<\/ul>\n<\/li>\n<li>Temperatura de opera\u00e7\u00e3o: &#8211; 10\u00b0C a +40\u00b0C.<\/li>\n<li>Umidade relativa: 10% a 95%, sem condensa\u00e7\u00e3o.<\/li>\n<li>Alimenta\u00e7\u00e3o el\u00e9trica: 110\/220 VCA, -15% a +10%, 50 a 60Hz, selecion\u00e1vel por chave de comuta\u00e7\u00e3o externa (fonte de parede).<\/li>\n<li>Bateria interna recarreg\u00e1vel, sem efeito mem\u00f3ria:\n<ul class=\"listaGeral firstc\">\n<li class=\"firstc\">Autonomia de 140 horas.<\/li>\n<li>Tempo de recarga: 12 horas.<\/li>\n<li>Sinalizadores frontais para bateria fraca e carregada.<\/li>\n<li>Fun\u00e7\u00e3o de autodesligamento program\u00e1vel.<\/li>\n<li class=\"lastc\">Vida \u00fatil: 100 a 1000 ciclos.<\/li>\n<\/ul>\n<\/li>\n<li>Consumo: 1,4 a 9,5 W.<\/li>\n<li>Taxa de transmiss\u00e3o de dados: 300 a 9600 bauds.<\/li>\n<li>Prato: 359 mm x 251 mm, inoxid\u00e1vel polido.<\/li>\n<li>Dimens\u00f5es (comprimento x altura x profundidade): 370 mm x 100 mm x 360 mm.<\/li>\n<li class=\"lastc\">Peso: 5 kg, ou 6 kg embalada.<\/li>\n<\/ul>\n<\/div>\n<p class=\"lastc\">\n<\/div>\n<table class=\"padrao\" border=\"0\" cellspacing=\"0\" cellpadding=\"0\">\n<tbody>\n<tr>\n<td class=\"tabLinhaAzul00 firstc\" align=\"center\">Pesagem<\/td>\n<td class=\"tabLinhaAzul00\" align=\"center\">Contagem<\/td>\n<td class=\"tabLinhaAzul00\" align=\"center\">Tara (kg)<\/td>\n<td class=\"tabLinhaAzul00 lastc\" align=\"center\">Sensibilidade de contagem* (g)<\/td>\n<\/tr>\n<tr>\n<td class=\"tabLinhaAzul01 firstc\" align=\"center\">2,5 kg x 0,5 g<\/td>\n<td class=\"tabLinhaAzul02\" rowspan=\"5\" align=\"center\">999.999 pe\u00e7as<\/td>\n<td class=\"tabLinhaAzul01\" align=\"center\">1,9995<\/td>\n<td class=\"tabLinhaAzul01 lastc\" align=\"center\">0,05<\/td>\n<\/tr>\n<tr>\n<td class=\"tabLinhaAzul01 firstc\" align=\"center\">5 kg x 1 g<\/td>\n<td class=\"tabLinhaAzul02\" align=\"center\">5<\/td>\n<td class=\"tabLinhaAzul01 lastc\" align=\"center\">0,10<\/td>\n<\/tr>\n<tr>\n<td class=\"tabLinhaAzul01 firstc\" align=\"center\">10 kg x 2 g<\/td>\n<td class=\"tabLinhaAzul02\" align=\"center\">10<\/td>\n<td class=\"tabLinhaAzul01 lastc\" align=\"center\">0,20<\/td>\n<\/tr>\n<tr>\n<td class=\"tabLinhaAzul01 firstc\" align=\"center\">10 kg x 2 g<\/td>\n<td class=\"tabLinhaAzul02\" align=\"center\">15<\/td>\n<td class=\"tabLinhaAzul01 lastc\" align=\"center\">0,50<\/td>\n<\/tr>\n<tr>\n<td class=\"tabLinhaAzul01 firstc\" align=\"center\">30 kg x 10 g<\/td>\n<td class=\"tabLinhaAzul02\" align=\"center\">30<\/td>\n<td class=\"tabLinhaAzul01 lastc\" align=\"center\">1,00<\/td>\n<\/tr>\n<\/tbody>\n<\/table>\n","protected":false},"excerpt":{"rendered":"<p>Balan\u00e7a Pesadora \/ Contadora A balan\u00e7a eletr\u00f4nica modelo 3400 \u00e9 r\u00e1pida,confi\u00e1vel e vers\u00e1til. Com avan\u00e7ada tecnologia, \u00e9 program\u00e1vel via teclado, permitindo ao usu\u00e1rio configur\u00e1-Ia de acordo<span class=\"excerpt-hellip\"> [\u2026]<\/span><\/p>\n","protected":false},"featured_media":3408,"comment_status":"open","ping_status":"closed","template":"","meta":{"_joinchat":[]},"product_brand":[],"product_cat":[64,62,65,63,47,48,66],"product_tag":[],"class_list":{"0":"post-3407","1":"product","2":"type-product","3":"status-publish","4":"has-post-thumbnail","6":"product_cat-balancas-para-o-agronegocio","7":"product_cat-classes-de-produtos","8":"product_cat-balacas-para-empresas-de-engenharia","9":"product_cat-balancas-industriais","10":"product_cat-marcas","11":"product_cat-toledo-do-brasil","12":"product_cat-balancas-para-transporte-e-logistica","13":"pa_capacidade-1kg-a-5kg","14":"pa_capacidade-25kg-a-30kg","16":"first","17":"instock","18":"shipping-taxable","19":"product-type-simple"},"_links":{"self":[{"href":"https:\/\/mblbalancas.com.br\/site\/wp-json\/wp\/v2\/product\/3407","targetHints":{"allow":["GET"]}}],"collection":[{"href":"https:\/\/mblbalancas.com.br\/site\/wp-json\/wp\/v2\/product"}],"about":[{"href":"https:\/\/mblbalancas.com.br\/site\/wp-json\/wp\/v2\/types\/product"}],"replies":[{"embeddable":true,"href":"https:\/\/mblbalancas.com.br\/site\/wp-json\/wp\/v2\/comments?post=3407"}],"wp:featuredmedia":[{"embeddable":true,"href":"https:\/\/mblbalancas.com.br\/site\/wp-json\/wp\/v2\/media\/3408"}],"wp:attachment":[{"href":"https:\/\/mblbalancas.com.br\/site\/wp-json\/wp\/v2\/media?parent=3407"}],"wp:term":[{"taxonomy":"product_brand","embeddable":true,"href":"https:\/\/mblbalancas.com.br\/site\/wp-json\/wp\/v2\/product_brand?post=3407"},{"taxonomy":"product_cat","embeddable":true,"href":"https:\/\/mblbalancas.com.br\/site\/wp-json\/wp\/v2\/product_cat?post=3407"},{"taxonomy":"product_tag","embeddable":true,"href":"https:\/\/mblbalancas.com.br\/site\/wp-json\/wp\/v2\/product_tag?post=3407"}],"curies":[{"name":"wp","href":"https:\/\/api.w.org\/{rel}","templated":true}]}}