{"id":3413,"date":"2015-01-10T11:12:21","date_gmt":"2015-01-10T13:12:21","guid":{"rendered":"https:\/\/mblbalancas.com.br\/site\/?post_type=product&#038;p=3413"},"modified":"2015-01-10T11:14:53","modified_gmt":"2015-01-10T13:14:53","slug":"balanca-toledo-check-out","status":"publish","type":"product","link":"https:\/\/mblbalancas.com.br\/site\/produto\/balanca-toledo-check-out\/","title":{"rendered":"Balan\u00e7a Toledo Check Out"},"content":{"rendered":"<p>A balan\u00e7a 8217 permite combinar numa unidade compacta, a tradicional qualidade de uma balan\u00e7a da Toledo com leitor de c\u00f3digo de barras de sua prefer\u00eancia, aumentando a velocidade de atendimento aos clientes e a efici\u00eancia dos operadores de checkout. Projetada para trabalhar em aplica\u00e7\u00f5es de uso intenso, como \u00e9 o caso das transa\u00e7\u00f5es de frente de loja, requer modifica\u00e7\u00f5es m\u00ednimas no checkout para a sua instala\u00e7\u00e3o<\/p>\n<p>\u00c9 a solu\u00e7\u00e3o ideal para supermercados, hipermercados, sacol\u00f5es, pequenos com\u00e9rcios, por permitir a pesagem e a leitura de c\u00f3digo de barras dos produtos no mesmo local e proporcionar redu\u00e7\u00e3o de despesas com a m\u00e3o de obra dos funcion\u00e1rios e com etiquetas, al\u00e9m de aumentar a produtividade e a qualidade do atendimento aos seus clientes nos checkouts.<\/p>\n<p>S\u00e3o algumas vantagens de se ter uma balan\u00e7a Toledo trabalhando para voc\u00ea.<\/p>\n<dl>\n<dt class=\"firstc\">Compacta<\/dt>\n<dd class=\"lastc firstc\">Dotada de estrutura que permite a integra\u00e7\u00e3o do leitor para leitura horizontal, poupa espa\u00e7o valioso do checkout, aumenta a velocidade de atendimento aos clientes e a efici\u00eancia dos operadores.<\/dd>\n<\/dl>\n<dl>\n<dt>Conect\u00e1vel<\/dt>\n<dd class=\"lastc\">Totalmente compat\u00edvel com a maioria dos ECF-PDVs, ECF-MRs, Microterminais, de configura\u00e7\u00e3o simples, possibilita a adapta\u00e7\u00e3o a qualquer software do mercado.<\/dd>\n<\/dl>\n<dl>\n<dt>Conveniente<\/dt>\n<dd class=\"lastc\">Simples, um \u00fanico equipamento pesa e l\u00ea c\u00f3digos de barras. Melhor custo\/benef\u00edcio, reduzindo os gastos com a etiquetagem de FLV (frutas, legumes e verduras).<\/dd>\n<\/dl>\n<dl>\n<dt>Confi\u00e1vel<\/dt>\n<dd class=\"lastc\">A 8217 oferece o que todos querem em exatid\u00e3o, desempenho confi\u00e1vel e durabilidade.<\/dd>\n<\/dl>\n<dl class=\"lastc\">\n<dt>R\u00e1pida<\/dt>\n<dd class=\"lastc\">A pesagem e leitura de c\u00f3digo de barras em um \u00fanico ponto diminui o tempo de atendimento dos clientes, aumentando a efici\u00eancia dos operadores. A balan\u00e7a 8217 possui sistema de estabiliza\u00e7\u00e3o da indica\u00e7\u00e3o que aumenta a velocidade de pesagem. Todo gerente de loja concorda que a velocidade no atendimento \u00e9 um dos fatores mais importantes para melhorar o atendimento e a satisfa\u00e7\u00e3o do cliente.<\/dd>\n<\/dl>\n<article>\n<div class=\"englobaColunas lastc firstc\">\n<h3>Caracter\u00edsticas e Benef\u00edcios<\/h3>\n<h4>Capacidade de 30 kg e divis\u00f5es de 5 g<\/h4>\n<p>Permite efetuar a pesagem de todos os produtos do setor FLV (Frutas-Legumes-Verduras), incluindo os produtos que possuem grande peso e volume, com rapidez e precis\u00e3o, agilizando o atendimento e reduzindo as filas no ponto-de-venda.<\/p>\n<div class=\"principal img_lateral\">\n<div class=\"colunaMenor firstc\"><img loading=\"lazy\" decoding=\"async\" title=\"Estrutura para Embutir Exclusiva\" src=\"https:\/\/toledobrasil.com.br\/app\/webroot\/img\/upload\/detalhe_estrutura_opt.png\" alt=\"Estrutura para Embutir Exclusiva\" width=\"176\" height=\"238\" \/><\/div>\n<h4>Estrutura para Embutir Exclusiva<\/h4>\n<p>Em a\u00e7o inoxid\u00e1vel, resiste a corros\u00e3o e assegura pesagens sempre corretas. Reduz o tempo de instala\u00e7\u00e3o da balan\u00e7a 8217 no checkout.<\/p>\n<p>Desenvolvida para garantir que a balan\u00e7a 8217 n\u00e3o deslize no v\u00e3o do checkout e que o prato de pesagem n\u00e3o encoste nas laterais do v\u00e3o do checkout, o que causa pesagens incorretas.<\/p>\n<h4>Zeramento Autom\u00e1tico<\/h4>\n<p class=\"lastc\">Ao ser ligada \u00e0 rede el\u00e9trica ou entre uma pesagem e outra, zera automaticamente a indica\u00e7\u00e3o do peso, deixando a balan\u00e7a 8217 pronta para a pr\u00f3xima opera\u00e7\u00e3o.<\/p>\n<\/div>\n<div class=\"principal img_lateral\">\n<div class=\"colunaMenor firstc\"><img loading=\"lazy\" decoding=\"async\" title=\"Display Remoto em Torre\" src=\"https:\/\/www.toledobrasil.com.br\/app\/webroot\/img\/upload\/8217checkout.png\" alt=\"Display Remoto em Torre\" width=\"200\" height=\"287\" \/><\/div>\n<h4>Display Remoto em Torre<\/h4>\n<p>De fixa\u00e7\u00e3o f\u00e1cil, oferece diversas op\u00e7\u00f5es de posicionamento no checkout, proporcionando leituras com a melhor visualiza\u00e7\u00e3o pelo operador e pelo consumidor.<\/p>\n<p>O display poder\u00e1 ser rotacionado horizontalmente, de 45\u00b0 em 45\u00b0, assim como sua inclina\u00e7\u00e3o vertical poder\u00e1 ser ajustada em at\u00e9 3 posi\u00e7\u00f5es diferentes para melhor visualiza\u00e7\u00e3o do peso.<\/p>\n<p class=\"lastc\">Al\u00e9m de leituras f\u00e1ceis, seu sistema de autodiagn\u00f3stico proporciona exibi\u00e7\u00e3o de mensagens de alerta para erros operacionais e para eventuais falhas, facilitando a sua identifica\u00e7\u00e3o e corre\u00e7\u00e3o r\u00e1pida.<\/p>\n<\/div>\n<div class=\"principal\">\n<h4>Versatilidade<\/h4>\n<p>Projeto eficiente e pr\u00f3prio para a opera\u00e7\u00e3o no checkout. Com ou sem leitor de c\u00f3digo de barras, oferece versatilidade de montagem e facilidade de opera\u00e7\u00e3o, permitindo a integra\u00e7\u00e3o em qualquer checkout.<\/p>\n<p>A balan\u00e7a 8217 com KIT para leitor de c\u00f3digo de barras permite combinar numa unidade compacta, pesagens r\u00e1pidas e confi\u00e1veis com o leitor de sua prefer\u00eancia. Escolha o leitor que melhor atenda as suas necessidades, entre os homologados pela Toledo, como os leitores verticais NCR\u00ae 7880, Symbol\u00ae LS 5800, Datalogic\u00ae Magellan\u00ae VS1000, ou Datalogic\u00ae Magellan\u00ae VS1200, e o leitor horizontal Datalogic\u00ae Magellan\u00ae 2300HS.<\/p>\n<p class=\"lastc\">A balan\u00e7a 8217 requer modifica\u00e7\u00f5es m\u00ednimas para a sua integra\u00e7\u00e3o no checkout e proporciona o atendimento das normas ergon\u00f4micas para a \u00e1rea de checkout editadas na Portaria n\u00ba 8 e Anexo I da NR 17 &#8211; Trabalho dos Operadores de Checkout.<\/p>\n<\/div>\n<table class=\"padrao\" border=\"0\" cellspacing=\"0\" cellpadding=\"0\">\n<tbody>\n<tr align=\"center\">\n<td class=\"tabLinhaAzul02 firstc\" rowspan=\"2\">\u00a0<img loading=\"lazy\" decoding=\"async\" title=\"Checkout\" src=\"https:\/\/toledobrasil.com.br\/app\/webroot\/img\/upload\/8217-checkout_a_opt.png\" alt=\"Checkout\" width=\"315\" height=\"193\" \/><\/td>\n<td class=\"tabLinhaAzul00 lastc\">8217 Standard sem leitor<\/td>\n<\/tr>\n<tr align=\"center\">\n<td class=\"tabLinhaAzul01 lastc firstc\">&#8211; Balan\u00e7a sem leitor.<br \/>\n&#8211; Prato de pesagem sem rasgo.<\/td>\n<\/tr>\n<tr align=\"center\">\n<td class=\"tabLinhaAzul02 firstc\" rowspan=\"2\">\u00a0<img loading=\"lazy\" decoding=\"async\" title=\"Checkout\" src=\"https:\/\/toledobrasil.com.br\/app\/webroot\/img\/upload\/8217-checkout_b_opt.png\" alt=\"Checkout\" width=\"315\" height=\"193\" \/><\/td>\n<td class=\"tabLinhaAzul00 lastc\">8217 para leitores verticais<\/td>\n<\/tr>\n<tr align=\"center\">\n<td class=\"tabLinhaAzul01 lastc firstc\">&#8211; Leitor fornecido pelo cliente.<br \/>\n&#8211; Prato de pesagem com vidro.<\/td>\n<\/tr>\n<tr align=\"center\">\n<td class=\"tabLinhaAzul02 firstc\" rowspan=\"2\">\u00a0<img loading=\"lazy\" decoding=\"async\" title=\"Checkout\" src=\"https:\/\/toledobrasil.com.br\/app\/webroot\/img\/upload\/8217-checkout_c_opt.png\" alt=\"Checkout\" width=\"315\" height=\"193\" \/><\/td>\n<td class=\"tabLinhaAzul00 lastc\">8217 para leitores Datalogic\u00ae Magellan\u00ae 2300HS<\/td>\n<\/tr>\n<tr align=\"center\">\n<td class=\"tabLinhaAzul01 lastc firstc\">&#8211; Leitor fornecido pelo cliente.<br \/>\n&#8211; Prato de pesagem com vidro.<\/td>\n<\/tr>\n<tr align=\"center\">\n<td class=\"tabLinhaAzul02 firstc\" rowspan=\"2\">\u00a0<img loading=\"lazy\" decoding=\"async\" title=\"Checkout\" src=\"https:\/\/toledobrasil.com.br\/app\/webroot\/img\/upload\/8217-checkout_d_opt.png\" alt=\"Checkout\" width=\"315\" height=\"193\" \/><\/td>\n<td class=\"tabLinhaAzul00 lastc\">8217 com leitorDatalogic\u00ae Magellan\u00ae 2300HS<\/td>\n<\/tr>\n<tr align=\"center\">\n<td class=\"tabLinhaAzul01 lastc firstc\">&#8211; Leitor fornecido pela Toledo.<br \/>\n&#8211; Prato de pesagem com vidro.<\/td>\n<\/tr>\n<\/tbody>\n<\/table>\n<div class=\"principal\">\n<h4>Amplo Prato de Pesagem com Rampas de Acesso<\/h4>\n<p class=\"lastc\">Prato com ampla \u00e1rea de pesagem, de a\u00e7o inoxid\u00e1vel e com rampas de acesso que elevam a superf\u00edcie de pesagem em 3 mil\u00edmetros em rela\u00e7\u00e3o ao n\u00edvel do checkout, facilitando o acesso dos produtos e evitando agarramentos no momento da pesagem.<\/p>\n<\/div>\n<div class=\"principal\">\n<h4>Prote\u00e7\u00e3o Total Contra Agarramentos<\/h4>\n<p><img loading=\"lazy\" decoding=\"async\" title=\"Prote\u00e7\u00e3o Total Contra Agarramentos\" src=\"https:\/\/toledobrasil.com.br\/app\/webroot\/img\/upload\/ilustracao_checkout_opt.png\" alt=\"Prote\u00e7\u00e3o Total Contra Agarramentos\" width=\"670\" height=\"169\" \/><\/p>\n<\/div>\n<div class=\"principal\">\n<h4>Robustez e Alta Perfomance<\/h4>\n<p class=\"lastc\">A balan\u00e7a 8217 foi desenvolvida para o uso em checkouts. Sua robusta estrutura de pesagem \u00e9 de a\u00e7o carbono de alta resist\u00eancia e a c\u00e9lula de carga, Insens\u00edvel a Momento, protegida contra impactos e sobrecargas, garantem o uso cont\u00ednuo e intenso das transa\u00e7\u00f5es de frente de loja, com excelente confiabilidade.<\/p>\n<\/div>\n<div class=\"principal centraliza_img\">\n<h4>Pesagem<\/h4>\n<p><img loading=\"lazy\" decoding=\"async\" title=\"Pesagem\" src=\"https:\/\/toledobrasil.com.br\/app\/webroot\/img\/upload\/check-banana_opt.jpg\" alt=\"Pesagem\" width=\"670\" height=\"233\" \/><\/p>\n<\/div>\n<div class=\"principal centraliza_img\">\n<h4>Leitura do C\u00f3digo de Barras<\/h4>\n<p><img loading=\"lazy\" decoding=\"async\" title=\"Leitura do C\u00f3digo de Barras\" src=\"https:\/\/toledobrasil.com.br\/app\/webroot\/img\/upload\/check-barra_opt.jpg\" alt=\"Leitura do C\u00f3digo de Barras\" width=\"670\" height=\"233\" \/><\/p>\n<\/div>\n<div class=\"principal lastc\">\n<h4>8217 com Leitor Horizontal Magellan\u00ae 2300HS<\/h4>\n<p>A Balan\u00e7a Eletr\u00f4nica para Checkout Modelo 8217 pode ser fornecida de f\u00e1brica com o leitor horizontal Magellan\u00ae 2300HS, combinando pesagens confi\u00e1veis com um leitor de excelente desempenho, proporcionando uma solu\u00e7\u00e3o compacta e econ\u00f4mica para o ponto de venda. O grande desafio das lojas em tornar a \u00e1rea de checkout mais agrad\u00e1vel para o consumidor \u00e9 atingido com a balan\u00e7a 8217 com leitor horizontal Magellan\u00ae 2300HS; por ser embutida no checkout e deixar livre o espa\u00e7o requerido pelos tradicionais leitores verticais.<\/p>\n<\/div>\n<\/div>\n<\/article>\n","protected":false},"excerpt":{"rendered":"<p>A balan\u00e7a 8217 permite combinar numa unidade compacta, a tradicional qualidade de uma balan\u00e7a da Toledo com leitor de c\u00f3digo de barras de sua prefer\u00eancia, aumentando<span class=\"excerpt-hellip\"> [\u2026]<\/span><\/p>\n","protected":false},"featured_media":3414,"comment_status":"open","ping_status":"closed","template":"","meta":{"_joinchat":[]},"product_brand":[],"product_cat":[62,47,48,67],"product_tag":[],"class_list":{"0":"post-3413","1":"product","2":"type-product","3":"status-publish","4":"has-post-thumbnail","6":"product_cat-classes-de-produtos","7":"product_cat-marcas","8":"product_cat-toledo-do-brasil","9":"product_cat-balancas-para-o-varejo-e-o-atacado","10":"pa_capacidade-25kg-a-30kg","12":"first","13":"instock","14":"shipping-taxable","15":"product-type-simple"},"_links":{"self":[{"href":"https:\/\/mblbalancas.com.br\/site\/wp-json\/wp\/v2\/product\/3413","targetHints":{"allow":["GET"]}}],"collection":[{"href":"https:\/\/mblbalancas.com.br\/site\/wp-json\/wp\/v2\/product"}],"about":[{"href":"https:\/\/mblbalancas.com.br\/site\/wp-json\/wp\/v2\/types\/product"}],"replies":[{"embeddable":true,"href":"https:\/\/mblbalancas.com.br\/site\/wp-json\/wp\/v2\/comments?post=3413"}],"wp:featuredmedia":[{"embeddable":true,"href":"https:\/\/mblbalancas.com.br\/site\/wp-json\/wp\/v2\/media\/3414"}],"wp:attachment":[{"href":"https:\/\/mblbalancas.com.br\/site\/wp-json\/wp\/v2\/media?parent=3413"}],"wp:term":[{"taxonomy":"product_brand","embeddable":true,"href":"https:\/\/mblbalancas.com.br\/site\/wp-json\/wp\/v2\/product_brand?post=3413"},{"taxonomy":"product_cat","embeddable":true,"href":"https:\/\/mblbalancas.com.br\/site\/wp-json\/wp\/v2\/product_cat?post=3413"},{"taxonomy":"product_tag","embeddable":true,"href":"https:\/\/mblbalancas.com.br\/site\/wp-json\/wp\/v2\/product_tag?post=3413"}],"curies":[{"name":"wp","href":"https:\/\/api.w.org\/{rel}","templated":true}]}}