{"id":3417,"date":"2015-01-10T11:32:29","date_gmt":"2015-01-10T13:32:29","guid":{"rendered":"https:\/\/mblbalancas.com.br\/site\/?post_type=product&#038;p=3417"},"modified":"2015-01-10T11:34:53","modified_gmt":"2015-01-10T13:34:53","slug":"balanca-toledo-9094","status":"publish","type":"product","link":"https:\/\/mblbalancas.com.br\/site\/produto\/balanca-toledo-9094\/","title":{"rendered":"Balan\u00e7a Toledo 9094"},"content":{"rendered":"<article>\n<h3><strong>Balan\u00e7a Pesadora Simples<\/strong><\/h3>\n<p>A linha de balan\u00e7as eletr\u00f4nicas 9094 pesa de forma \u00e1gil, simples e segura.<\/p>\n<p>\u00c9 uma solu\u00e7\u00e3o com acabamento em pl\u00e1stico ABS resistente e prato em a\u00e7o inoxid\u00e1vel remov\u00edvel de f\u00e1cil higieniza\u00e7\u00e3o. Displays de LCD com d\u00edgitos grandes, reduzem substancialmente o consumo de energia. Garante opera\u00e7\u00f5es em conformidade com o Inmetro.<\/p>\n<ul class=\"listaGeral\">\n<li class=\"firstc\">Conversor autom\u00e1tico bivolt.<\/li>\n<li>Tara sucessiva com memoriza\u00e7\u00e3o e subtra\u00e7\u00e3o autom\u00e1ticas.<\/li>\n<li>Op\u00e7\u00e3o de display para consumidor em torre remota.<\/li>\n<li class=\"lastc\">Ampla \u00e1rea de pesagem.<\/li>\n<\/ul>\n<h3><strong>Display LCD com 15 mm de altura<\/strong><\/h3>\n<p>O maior display da categoria, proporciona excelente visualiza\u00e7\u00e3o e leituras f\u00e1ceis, al\u00e9m da redu\u00e7\u00e3o de energia el\u00e9trica superior a 10 vezes em rela\u00e7\u00e3o a outros displays.<\/p>\n<p><img loading=\"lazy\" decoding=\"async\" src=\"https:\/\/toledobrasil.com.br\/app\/webroot\/img\/upload\/lcd.png\" alt=\"\" width=\"600\" height=\"91\" \/><\/p>\n<h3><strong>Prato de pesagem de a\u00e7o inoxid\u00e1vel<\/strong><\/h3>\n<p>Plano, remov\u00edvel e com ampla \u00e1rea de pesagem.<\/p>\n<p>Canaletas frontais e traseiras protegem teclado e os mostradores contra escoamentos de l\u00edquidos.<\/p>\n<h3><strong>Fonte adaptadora de tens\u00e3o<\/strong><\/h3>\n<p>Fonte multivoltagem opera de 100 a 240 Vca, dispensando a utiliza\u00e7\u00e3o de tomadas tripolares e a obrigatoriedade de aterramento, al\u00e9m de proteger a balan\u00e7a contra eventuais varia\u00e7\u00f5es e sobrecargas na rede el\u00e9trica.<\/p>\n<h3><strong>Teclado de f\u00e1cil digita\u00e7\u00e3o<\/strong><\/h3>\n<p>Possui tr\u00eas teclas que per mi tem comandar a transmiss\u00e3o de dados para impressora opcional, descontar pesos de tara (recipientes), ligar e desligar a balan\u00e7a.<\/p>\n<p>Constitu\u00eddo de m\u00faltiplas camadas de material pl\u00e1stico, formando uma unidade selada, dispensando prote\u00e7\u00f5es adicionais.<\/p>\n<h3><strong>Dois indicadores de pesagem<\/strong><\/h3>\n<p>Dotada de dois mostradores, um na parte frontal e outro na parte traseira, permite a visualiza\u00e7\u00e3o da indica\u00e7\u00e3o do peso por um ou mais operadores e, se a transa\u00e7\u00e3o for de venda direta ao p\u00fablico, o consumidor tamb\u00e9m poder\u00e1 conferir a indica\u00e7\u00e3o do peso do produto que est\u00e1 adquirindo.<\/p>\n<h3><strong>Base de alum\u00ednio injetado<\/strong><\/h3>\n<p>Al\u00e9m da alt\u00edssima resist\u00eancia, elimina problemas de oxida\u00e7\u00e3o e oferece maior leveza \u00e0 balan\u00e7a.<\/p>\n<p>&nbsp;<\/p>\n<table class=\"padrao\" border=\"0\">\n<tbody>\n<tr>\n<td class=\"tabLinhaAzul00 linhaVerde firstc\">Caracter\u00edsticas<\/td>\n<td class=\"tabLinhaAzul00 linhaVerde lastc\">Benef\u00edcios<\/td>\n<\/tr>\n<tr>\n<td class=\"tabLinhaAzul02 firstc\" rowspan=\"2\">Display LCD com 15 mm de altura<\/td>\n<td class=\"tabLinhaVerde02 lastc\">Garante excelente visualiza\u00e7\u00e3o e f\u00e1cil leitura.<\/td>\n<\/tr>\n<tr>\n<td class=\"tabLinhaVerde02 lastc firstc\">Economiza at\u00e9 10 vezes mais energia el\u00e9trica que outros tipos de display.<\/td>\n<\/tr>\n<tr>\n<td class=\"tabLinhaAzul01 firstc\">Flexibilidade de manuseio<\/td>\n<td class=\"tabLinhaVerde01 lastc\">Leve e compacta. Permite maior praticidade e facilidade de manuseio.<\/td>\n<\/tr>\n<tr>\n<td class=\"tabLinhaAzul02 firstc\" rowspan=\"4\">Alimenta\u00e7\u00e3o multivoltagem<\/td>\n<td class=\"tabLinhaVerde02 lastc\">Opera automaticamente em 110 e 220 Vca.<\/td>\n<\/tr>\n<tr>\n<td class=\"tabLinhaVerde02 lastc firstc\">Dispensa o uso de estabilizadores e chaves de comuta\u00e7\u00e3o.<\/td>\n<\/tr>\n<tr>\n<td class=\"tabLinhaVerde02 lastc firstc\">Corrige automaticamente flutua\u00e7\u00f5es de tens\u00e3o e frequ\u00eancia da rede el\u00e9trica.<\/td>\n<\/tr>\n<tr>\n<td class=\"tabLinhaVerde02 lastc firstc\">Protege a balan\u00e7a contra varia\u00e7\u00f5es e sobrecargas na rede el\u00e9trica.<\/td>\n<\/tr>\n<tr>\n<td class=\"tabLinhaAzul01 firstc\">Prote\u00e7\u00e3o contra interfer\u00eancias<\/td>\n<td class=\"tabLinhaVerde01 lastc\">Garante opera\u00e7\u00f5es precisas e seguras, conforme normas do Inmetro de prote\u00e7\u00e3o contra interfer\u00eancias eletromagn\u00e9ticas e de radiofrequ\u00eancia.<\/td>\n<\/tr>\n<tr>\n<td class=\"tabLinhaAzul02 firstc\">Teclado de m\u00faltiplas camadas<\/td>\n<td class=\"tabLinhaVerde02 lastc\">F\u00e1cil digita\u00e7\u00e3o. Dispensa prote\u00e7\u00e3o adicional por ser constitu\u00eddo de m\u00faltiplas camadas<br \/>\nde material pl\u00e1stico formando uma unidade selada.<\/td>\n<\/tr>\n<tr>\n<td class=\"firstc\" rowspan=\"2\">Prato de pesagem em a\u00e7o inoxid\u00e1vel<\/td>\n<td class=\"lastc\">F\u00e1cil higieniza\u00e7\u00e3o, remov\u00edvel e com ampla \u00e1rea de pesagem.<\/td>\n<\/tr>\n<tr>\n<td class=\"lastc firstc\">Superf\u00edcie lisa, pr\u00f3prio para a manipula\u00e7\u00e3o de produtos aliment\u00edcios.<\/td>\n<\/tr>\n<tr>\n<td class=\"firstc\" rowspan=\"2\">Gabinete de pl\u00e1stico ABS<\/td>\n<td class=\"lastc\">Excelente qualidade de acabamento e alt\u00edssima durabilidade.<\/td>\n<\/tr>\n<tr>\n<td class=\"lastc firstc\">F\u00e1cil limpeza e alto valor est\u00e9tico.<\/td>\n<\/tr>\n<tr>\n<td class=\"firstc\" rowspan=\"3\">Tara sucessiva<\/td>\n<td class=\"lastc\">Facilita as opera\u00e7\u00f5es que exijem a dosagem de produtos diversos. Ex.: dosagem de ingredientes de uma receita.<\/td>\n<\/tr>\n<tr>\n<td class=\"lastc firstc\">Permite a memoriza\u00e7\u00e3o e subtra\u00e7\u00e3o autom\u00e1tica de taras sucessivas (embalagem, caixa, bandeja, recipiente, etc.) sem a necessidade de cancelamento da tara anterior.<\/td>\n<\/tr>\n<tr>\n<td class=\"lastc firstc\">Maior agilidade e praticidade no dia-a-dia.<\/td>\n<\/tr>\n<tr>\n<td class=\"firstc\">Conectividade no padr\u00e3o RS-232C<\/td>\n<td class=\"lastc\">Pode ser conectada a dispositivos externos de automa\u00e7\u00e3o que requeiram o controle ou o<br \/>\nregistro do peso (opcional).<\/td>\n<\/tr>\n<tr>\n<td class=\"firstc\" rowspan=\"2\">Protocolos de comunica\u00e7\u00e3o amig\u00e1veis<\/td>\n<td class=\"lastc\">Permite o gerenciamento das transa\u00e7\u00f5es da balan\u00e7a pelo computador.<\/td>\n<\/tr>\n<tr>\n<td class=\"lastc firstc\">F\u00e1cil integra\u00e7\u00e3o com qualquer aplica\u00e7\u00e3o comercial e industrial.<\/td>\n<\/tr>\n<tr>\n<td class=\"firstc\">Transa\u00e7\u00f5es em etiquetas<br \/>\nauto-adesivas<\/td>\n<td class=\"lastc\">Pode ser conectada a impressora matricial 351 da Toledo para o registro r\u00e1pido dos dados<\/td>\n<\/tr>\n<\/tbody>\n<\/table>\n<h3><\/h3>\n<h3><strong>Especifica\u00e7\u00f5es T\u00e9cnicas<\/strong><\/h3>\n<table class=\"padrao mceItemTable\" border=\"0\" summary=\"&lt;?= $produto['nome'] ?&gt; - Tabela de Especifica\u00e7\u00f5es T\u00e9cnicas\" cellspacing=\"0\" cellpadding=\"0\">\n<tbody>\n<tr>\n<td class=\"tabLinhaAzul02 firstc\" rowspan=\"2\">Vers\u00e3o<\/td>\n<td class=\"tabLinhaVerde02 lastc\" colspan=\"4\">Standard<\/td>\n<\/tr>\n<tr>\n<td class=\"tabLinhaVerde02 lastc firstc\" colspan=\"4\">Display em Torre<\/td>\n<\/tr>\n<tr>\n<td class=\"tabLinhaAzul01 firstc\" rowspan=\"6\" valign=\"middle\" width=\"132\">Capacidades e Divis\u00f5es<\/td>\n<td class=\"tabLinhaVerde01\" rowspan=\"2\" valign=\"middle\" width=\"165\">6 kg<\/td>\n<td class=\"tabLinhaVerde01 lastc\" colspan=\"3\" width=\"125\">1 g de 0 at\u00e9 3 kg<\/td>\n<\/tr>\n<tr>\n<td class=\"tabLinhaVerde01 lastc firstc\" colspan=\"3\">2 g de 3 at\u00e9 6 kg<\/td>\n<\/tr>\n<tr>\n<td class=\"tabLinhaVerde01 firstc\" rowspan=\"2\" valign=\"middle\">15 kg<\/td>\n<td class=\"tabLinhaVerde01 lastc\" colspan=\"3\">2 g de 0 at\u00e9 6 kg<\/td>\n<\/tr>\n<tr>\n<td class=\"tabLinhaVerde01 lastc firstc\" colspan=\"3\">5 g de 6 at\u00e9 15 kg<\/td>\n<\/tr>\n<tr>\n<td class=\"tabLinhaVerde01 firstc\" rowspan=\"2\" valign=\"middle\">30 kg<\/td>\n<td class=\"tabLinhaVerde01 lastc\" colspan=\"3\">5 g de 0 at\u00e9 15 kg<\/td>\n<\/tr>\n<tr>\n<td class=\"tabLinhaVerde01 lastc firstc\" colspan=\"3\">10 g de 15 at\u00e9 30 kg<\/td>\n<\/tr>\n<tr>\n<td class=\"tabLinhaAzul02 firstc\" rowspan=\"3\" valign=\"middle\">Tara<\/td>\n<td class=\"tabLinhaVerde02 lastc\" colspan=\"4\">At\u00e9 3 kg para capacidade de 6 kg<\/td>\n<\/tr>\n<tr>\n<td class=\"tabLinhaVerde02 lastc firstc\" colspan=\"4\">At\u00e9 6 kg para capacidade de 15 kg<\/td>\n<\/tr>\n<tr>\n<td class=\"tabLinhaVerde02 lastc firstc\" colspan=\"4\">At\u00e9 9,995 kg para capacidade de 30 kg<\/td>\n<\/tr>\n<tr>\n<td class=\"tabLinhaAzul01 firstc\" rowspan=\"5\" valign=\"middle\">Alimenta\u00e7\u00e3o<\/td>\n<td class=\"tabLinhaVerde01\">Tipo<\/td>\n<td class=\"tabLinhaVerde01 lastc\" colspan=\"3\">Adaptador de Parede Multivoltagem<\/td>\n<\/tr>\n<tr>\n<td class=\"tabLinhaVerde01 firstc\">Tens\u00e3o de Entrada<\/td>\n<td class=\"tabLinhaVerde01 lastc\" colspan=\"3\">100 a 240 Vca (m\u00ednimo de 93,5 Vca e m\u00e1ximo de 264 Vca)<\/td>\n<\/tr>\n<tr>\n<td class=\"tabLinhaVerde01 firstc\">Tens\u00e3o de Sa\u00edda<\/td>\n<td class=\"tabLinhaVerde01 lastc\" colspan=\"3\">12 Vca<\/td>\n<\/tr>\n<tr>\n<td class=\"tabLinhaVerde01 firstc\">Corrente de Sa\u00edda<\/td>\n<td class=\"tabLinhaVerde01 lastc\" colspan=\"3\">200 mA<\/td>\n<\/tr>\n<tr>\n<td class=\"tabLinhaVerde01 firstc\">Freq\u00fc\u00eancia<\/td>\n<td class=\"tabLinhaVerde01 lastc\" colspan=\"3\">50 \u2013 60 Hz<\/td>\n<\/tr>\n<tr>\n<td class=\"tabLinhaAzul02 firstc\" valign=\"middle\">Consumo<\/td>\n<td class=\"tabLinhaVerde02\">Pot\u00eancia<\/td>\n<td class=\"tabLinhaVerde02 lastc\" colspan=\"3\">0,5 W a 2,0 W<\/td>\n<\/tr>\n<tr>\n<td class=\"tabLinhaAzul01 firstc\" rowspan=\"4\" valign=\"middle\">Display<\/td>\n<td class=\"tabLinhaVerde01\">Tipo<\/td>\n<td class=\"tabLinhaVerde01 lastc\" colspan=\"3\">LCD<\/td>\n<\/tr>\n<tr>\n<td class=\"tabLinhaVerde01 firstc\">Quantidade<\/td>\n<td class=\"tabLinhaVerde01 lastc\" colspan=\"3\">2 displays (frontal e traseiro)<\/td>\n<\/tr>\n<tr>\n<td class=\"tabLinhaVerde01 firstc\">\u00c1rea de Visualiza\u00e7\u00e3o<\/td>\n<td class=\"tabLinhaVerde01 lastc\" colspan=\"3\">62,7 mm (L) x 28,9 mm (A)<\/td>\n<\/tr>\n<tr>\n<td class=\"tabLinhaVerde01 firstc\">Dimens\u00e3o dos D\u00edgitos<\/td>\n<td class=\"tabLinhaVerde01 lastc\" colspan=\"3\">6,9 mm (L) x 15,0 mm (A)<\/td>\n<\/tr>\n<tr>\n<td class=\"tabLinhaAzul02 firstc\" valign=\"middle\">Temperatura de Opera\u00e7\u00e3o<\/td>\n<td class=\"tabLinhaVerde02 lastc\" colspan=\"4\">-10\u00ba C a 40\u00b0 C<\/td>\n<\/tr>\n<tr>\n<td class=\"tabLinhaAzul01 firstc\" valign=\"middle\">Umidade do Ar<\/td>\n<td class=\"tabLinhaVerde01 lastc\" colspan=\"4\">10% a 95% sem condensa\u00e7\u00e3o<\/td>\n<\/tr>\n<tr>\n<td class=\"tabLinhaAzul02 firstc\" rowspan=\"3\" valign=\"middle\">Dimens\u00f5es<\/td>\n<td class=\"tabLinhaVerde02\">Vers\u00e3o Standard<\/td>\n<td class=\"tabLinhaVerde02 lastc\" colspan=\"3\">370 mm (L) x 70 mm (A) x 360 mm (P)<\/td>\n<\/tr>\n<tr>\n<td class=\"tabLinhaVerde02 firstc\" rowspan=\"2\">Display em Torre<\/td>\n<td class=\"tabLinhaVerde02 lastc\">Altura da Torre: 270 mm<\/td>\n<\/tr>\n<tr>\n<td class=\"tabLinhaVerde02 lastc firstc\">Comprimento do cabo: 2,5 metros<\/td>\n<\/tr>\n<tr>\n<td class=\"tabLinhaAzul01 firstc\" rowspan=\"3\" valign=\"middle\">Prato de Pesagem<\/td>\n<td class=\"tabLinhaVerde01\">Material<\/td>\n<td class=\"tabLinhaVerde01 lastc\" colspan=\"3\">A\u00e7o inoxid\u00e1vel AISI 430 com aparador e aba para escoamento de l\u00edquidos<\/td>\n<\/tr>\n<tr>\n<td class=\"tabLinhaVerde01 firstc\">\u00c1rea de pesagem<\/td>\n<td class=\"tabLinhaVerde01 lastc\" colspan=\"3\">901 cm\u00b2<\/td>\n<\/tr>\n<tr>\n<td class=\"tabLinhaVerde01 firstc\">Dimens\u00f5es<\/td>\n<td class=\"tabLinhaVerde01 lastc\" colspan=\"3\">359 mm (L) x 11 mm (A) x 251 mm (P)<\/td>\n<\/tr>\n<tr>\n<td class=\"tabLinhaAzul02 firstc\" rowspan=\"2\" valign=\"middle\">Peso<\/td>\n<td class=\"tabLinhaVerde02\">Vers\u00e3o Standard<\/td>\n<td class=\"tabLinhaVerde02 lastc\" colspan=\"3\">3,5 kg ou 5,2 kg embalada<\/td>\n<\/tr>\n<tr>\n<td class=\"tabLinhaVerde02 firstc\">Display em Torre<\/td>\n<td class=\"tabLinhaVerde02 lastc\" colspan=\"3\">3,7 kg ou 5,4 kg embalada<\/td>\n<\/tr>\n<tr>\n<td class=\"tabLinhaAzul01 firstc\" rowspan=\"3\" valign=\"middle\">Constru\u00e7\u00e3o<\/td>\n<td class=\"tabLinhaVerde01\">Prato de Pesagem<\/td>\n<td class=\"tabLinhaVerde01 lastc\" colspan=\"3\">A\u00e7o inoxid\u00e1vel AISI 430<\/td>\n<\/tr>\n<tr>\n<td class=\"tabLinhaVerde01 firstc\">Gabinete<\/td>\n<td class=\"tabLinhaVerde01 lastc\" colspan=\"3\">ABS &#8211; Cor branca<\/td>\n<\/tr>\n<tr>\n<td class=\"tabLinhaVerde01 firstc\">Base<\/td>\n<td class=\"tabLinhaVerde01 lastc\" colspan=\"3\">Alum\u00ednio injetado<\/td>\n<\/tr>\n<tr>\n<td class=\"tabLinhaAzul02 firstc\" rowspan=\"2\" valign=\"middle\">Limites de Indica\u00e7\u00e3o<\/td>\n<td class=\"tabLinhaVerde02\">M\u00ednima<\/td>\n<td class=\"tabLinhaVerde02 lastc\" colspan=\"3\">1 divis\u00e3o abaixo de zero<\/td>\n<\/tr>\n<tr>\n<td class=\"tabLinhaVerde02 firstc\">M\u00e1xima<\/td>\n<td class=\"tabLinhaVerde02 lastc\" colspan=\"3\">5 divis\u00f5es acima da capacidade<\/td>\n<\/tr>\n<tr>\n<td class=\"tabLinhaAzul01 firstc\" valign=\"middle\">INMETRO<\/td>\n<td class=\"tabLinhaVerde01 lastc\" colspan=\"2\">Portaria 236\/94 \u2013 Classe III<\/td>\n<\/tr>\n<\/tbody>\n<\/table>\n<p>&nbsp;<\/p>\n<\/article>\n","protected":false},"excerpt":{"rendered":"<p>Balan\u00e7a Pesadora Simples A linha de balan\u00e7as eletr\u00f4nicas 9094 pesa de forma \u00e1gil, simples e segura. \u00c9 uma solu\u00e7\u00e3o com acabamento em pl\u00e1stico ABS resistente e<span class=\"excerpt-hellip\"> [\u2026]<\/span><\/p>\n","protected":false},"featured_media":3418,"comment_status":"open","ping_status":"closed","template":"","meta":{"_joinchat":[]},"product_brand":[],"product_cat":[64,62,65,63,47,48,66,67],"product_tag":[],"class_list":{"0":"post-3417","1":"product","2":"type-product","3":"status-publish","4":"has-post-thumbnail","6":"product_cat-balancas-para-o-agronegocio","7":"product_cat-classes-de-produtos","8":"product_cat-balacas-para-empresas-de-engenharia","9":"product_cat-balancas-industriais","10":"product_cat-marcas","11":"product_cat-toledo-do-brasil","12":"product_cat-balancas-para-transporte-e-logistica","13":"product_cat-balancas-para-o-varejo-e-o-atacado","14":"pa_capacidade-1kg-a-5kg","15":"pa_capacidade-25kg-a-30kg","17":"first","18":"instock","19":"shipping-taxable","20":"product-type-simple"},"_links":{"self":[{"href":"https:\/\/mblbalancas.com.br\/site\/wp-json\/wp\/v2\/product\/3417","targetHints":{"allow":["GET"]}}],"collection":[{"href":"https:\/\/mblbalancas.com.br\/site\/wp-json\/wp\/v2\/product"}],"about":[{"href":"https:\/\/mblbalancas.com.br\/site\/wp-json\/wp\/v2\/types\/product"}],"replies":[{"embeddable":true,"href":"https:\/\/mblbalancas.com.br\/site\/wp-json\/wp\/v2\/comments?post=3417"}],"wp:featuredmedia":[{"embeddable":true,"href":"https:\/\/mblbalancas.com.br\/site\/wp-json\/wp\/v2\/media\/3418"}],"wp:attachment":[{"href":"https:\/\/mblbalancas.com.br\/site\/wp-json\/wp\/v2\/media?parent=3417"}],"wp:term":[{"taxonomy":"product_brand","embeddable":true,"href":"https:\/\/mblbalancas.com.br\/site\/wp-json\/wp\/v2\/product_brand?post=3417"},{"taxonomy":"product_cat","embeddable":true,"href":"https:\/\/mblbalancas.com.br\/site\/wp-json\/wp\/v2\/product_cat?post=3417"},{"taxonomy":"product_tag","embeddable":true,"href":"https:\/\/mblbalancas.com.br\/site\/wp-json\/wp\/v2\/product_tag?post=3417"}],"curies":[{"name":"wp","href":"https:\/\/api.w.org\/{rel}","templated":true}]}}