{"id":3449,"date":"2015-01-19T15:24:38","date_gmt":"2015-01-19T17:24:38","guid":{"rendered":"https:\/\/mblbalancas.com.br\/site\/?post_type=product&#038;p=3449"},"modified":"2015-01-19T15:26:06","modified_gmt":"2015-01-19T17:26:06","slug":"balanca-toledo-mgr-4000-2","status":"publish","type":"product","link":"https:\/\/mblbalancas.com.br\/site\/produto\/balanca-toledo-mgr-4000-2\/","title":{"rendered":"Balan\u00e7a Toledo MGR-4000"},"content":{"rendered":"<p>A Toledo do Brasil oferece a mais nova gera\u00e7\u00e3o em solu\u00e7\u00e3o para pesagem de animais: a MGR-4000. Um equipamento completo para o gerenciamento e rastreabilidade do rebanho.<\/p>\n<p>&nbsp;<\/p>\n<h3><strong>Caracter\u00edsticas do Produto<\/strong><\/h3>\n<p><img loading=\"lazy\" decoding=\"async\" class=\"img-responsive\" src=\"https:\/\/www.toledobrasil.com.br\/app\/webroot\/img\/upload\/produtos\/mgr4000\/mgr4000-intro-2.png\" alt=\"\" width=\"691\" height=\"368\" \/><\/p>\n<p><img decoding=\"async\" class=\"img-responsive\" src=\"https:\/\/www.toledobrasil.com.br\/app\/webroot\/img\/upload\/produtos\/mgr4000\/mgr-4000-telas.png\" alt=\"\" \/><\/p>\n<table class=\"padrao\" style=\"height: 778px;\" border=\"0\" width=\"537\" cellspacing=\"0\" cellpadding=\"0\">\n<tbody>\n<tr>\n<td class=\"tabLinhaVerde01 firstc\" valign=\"top\" width=\"50%\">\n<div class=\"firstc\">\u2022 N\u00famero do lote<\/div>\n<div>\u2022 Nome do lote<\/div>\n<div>\u2022 Peso Gigante<\/div>\n<div>\u2022 Informa\u00e7\u00f5es individuais (1)<\/div>\n<div>\u2022 Aparta\u00e7\u00e3o<\/div>\n<div>\u2022 Ganho de peso (em kg)<\/div>\n<div>\u2022 Rendimento (em arrobas)<\/div>\n<div>\u2022 Valor (em R$)<\/div>\n<div>\u2022 Resumo do lote, contendo:<\/div>\n<div>&#8211; Quantidade de animais pesados<\/div>\n<div>&#8211; Peso M\u00e9dio<\/div>\n<div>&#8211; Peso Total<\/div>\n<div>&#8211; Redimento em arrobas<\/div>\n<div>&#8211; Valor total (lote em R$)<\/div>\n<div>\u2022 Dosagem sugerida (medicamentos)<\/div>\n<div>\u2022 Teclado alfanum\u00e9rico<\/div>\n<\/td>\n<td class=\"tabLinhaVerde01 lastc\" valign=\"top\" width=\"50%\">\n<div class=\"firstc\">\u2022 Bot\u00f5es de f\u00e1cil identifica\u00e7\u00e3o como:<\/div>\n<div>&#8211; F1 &#8211; Informa\u00e7\u00f5es \/ medicamentos (2)<\/div>\n<div>&#8211; F2 &#8211; Dados do lote<\/div>\n<div>&#8211; F3 &#8211; Excluir<\/div>\n<div>&#8211; F4 &#8211; Transfer\u00eancia autom\u00e1tica<\/div>\n<div>&#8211; F5 &#8211; Prefixo de ID do animal<\/div>\n<div>&#8211; F6 &#8211; Wireless<\/div>\n<p>\u2022 Bot\u00f5es de atalho como:<\/p>\n<div>&#8211; Sair<\/div>\n<div>&#8211; Ajuda<\/div>\n<div>&#8211; Retorna<\/div>\n<div>&#8211; Fun\u00e7\u00f5es<\/div>\n<div>&#8211; Cadastrar lote<\/div>\n<div>&#8211; Pesa<\/div>\n<div>\u2022 Comunica\u00e7\u00e3o com o pen drive (importar e exportar os dados da balan\u00e7a)<\/div>\n<div>\u2022 Comunica\u00e7\u00e3o com o tecladode computador (digitar os dadosna balan\u00e7a)<\/div>\n<div>\u2022 Leitores\/chips e transponders homologados pela Toledo<\/div>\n<div>\u2022 Comunica\u00e7\u00e3o com Computador (atrav\u00e9s do MGR-LINK)<\/div>\n<\/td>\n<\/tr>\n<\/tbody>\n<\/table>\n<article>\n<h3><\/h3>\n<h3><strong>Caracter\u00edsticas e Benef\u00edcios<\/strong><\/h3>\n<div class=\"englobaColunas\">\n<div class=\"colunaMaior firstc\">\n<h4>Por que pesar eletronicamente<\/h4>\n<ul class=\"listaGeral\">\n<li class=\"firstc\">Obter mais velocidade na pesagem;<\/li>\n<li>Reduzir erros de pesagem;<\/li>\n<li>Poder levar a balan\u00e7a de um local para outro;<\/li>\n<li>Facilitar a anota\u00e7\u00e3o da identifica\u00e7\u00e3o do animal com o peso;<\/li>\n<li>Obter relat\u00f3rios no curral;<\/li>\n<li class=\"lastc\">Reduzir erros de anota\u00e7\u00e3o\/digita\u00e7\u00e3o.<\/li>\n<\/ul>\n<p>Desenvolvidas por uma equipe de engenheiros e t\u00e9cnicos altamente capacitados, as solu\u00e7\u00f5es da Toledo chegam ao cliente ap\u00f3s passar por rigoroso controle de qualidade. O investimento cont\u00ednuo em pessoal e tecnologia garante os melhores produtos do mercado.<\/p>\n<p>&nbsp;<\/p>\n<p>&nbsp;<\/p>\n<h4><strong>Barras em a\u00e7o inox com c\u00e9lulas de carga digitais<\/strong><\/h4>\n<p><strong class=\"lastc firstc\">Caracter\u00edsticas e diferenciais:<\/strong><\/p>\n<ul class=\"listaGeral\">\n<li class=\"firstc\">Mais velocidade na pesagem;<\/li>\n<li>Mais estabilidade do sinal de peso em rela\u00e7\u00e3o ao anal\u00f3gico;<\/li>\n<li>Mais imunidade \u00e0 umidade, ru\u00eddo e mau contato el\u00e9trico;<\/li>\n<li>Melhor precis\u00e3o de pesagem em rela\u00e7\u00e3o ao anal\u00f3gico;<\/li>\n<li>Maior n\u00famero de divis\u00f5es na balan\u00e7a;<\/li>\n<li>Melhor resposta \u00e0 varia\u00e7\u00e3o de temperatura, tanto na estabilidade do sinal de zero quanto \u00e0 carga aplicada;<\/li>\n<li>C\u00e9lulas digitais que permitem identificar problemas de mau funcionamento com mais facilidade e diagnosticados pelo pr\u00f3prio indicador (f\u00e1cil manuten\u00e7\u00e3o);<\/li>\n<li>Cabo robusto com trava de seguran\u00e7a;<\/li>\n<li>Indicador que permite a comunica\u00e7\u00e3o em v\u00e1rios pontos de pesagem;<\/li>\n<li class=\"lastc\">Tampa refor\u00e7ada.<\/li>\n<\/ul>\n<p>&nbsp;<\/p>\n<\/div>\n<div class=\"colunaMenor lastc\"><\/div>\n<\/div>\n<div class=\"principal\">\n<h4><strong>Tecnologia Wireless<\/strong><\/h4>\n<p>As barras, conectadas a uma caixa atrav\u00e9s de cabos, se comunicam com o indicador via wireless com alcance de at\u00e9 100 metros.<\/p>\n<p><img loading=\"lazy\" decoding=\"async\" title=\"ireless com alcance de at\u00e9 100 metros\" src=\"https:\/\/toledobrasil.com.br\/app\/webroot\/img\/upload\/wireless01.jpg\" alt=\"ireless com alcance de at\u00e9 100 metros\" width=\"545\" height=\"254\" \/>Op\u00e7\u00e3o de comunica\u00e7\u00e3o via wireless para o uso com o bast\u00e3o* (leitor de brincos), tamb\u00e9m com alcance m\u00e1ximo de 100 metros.<\/p>\n<p><img loading=\"lazy\" decoding=\"async\" title=\"Op\u00e7\u00e3o de comunica\u00e7\u00e3o via wireless para o uso com o bast\u00e3o\" src=\"https:\/\/toledobrasil.com.br\/app\/webroot\/img\/upload\/wireless02.jpg\" alt=\"Op\u00e7\u00e3o de comunica\u00e7\u00e3o via wireless para o uso com o bast\u00e3o\" width=\"545\" height=\"254\" \/><\/p>\n<\/div>\n<div class=\"principal\"><\/div>\n<div class=\"principal\"><\/div>\n<div class=\"principal\"><\/div>\n<div>\n<div class=\"colunaMaior firstc\">\n<h4><\/h4>\n<h4><strong>Impressora aclopada<\/strong><\/h4>\n<p>Permite a impress\u00e3o de relat\u00f3rio no curral. Por exemplo:<\/p>\n<ul class=\"listaGeral\">\n<li class=\"firstc\">Relat\u00f3rio de ganho de peso;<\/li>\n<li class=\"lastc\">Relat\u00f3rio de sobra ou falta de animais.<\/li>\n<\/ul>\n<p class=\"lastc\">S\u00e3o 12 relat\u00f3rios poss\u00edveis com diversas combina\u00e7\u00f5es.<\/p>\n<\/div>\n<div class=\"sidebar lastc\"><img loading=\"lazy\" decoding=\"async\" title=\"Impressora aclopada\" src=\"https:\/\/toledobrasil.com.br\/app\/webroot\/img\/upload\/impressora.jpg\" alt=\"Impressora aclopada\" width=\"195\" height=\"207\" \/><\/div>\n<div class=\"sidebar lastc\"><\/div>\n<div class=\"sidebar lastc\"><\/div>\n<div class=\"sidebar lastc\"><\/div>\n<\/div>\n<h4><\/h4>\n<h4><strong>MGR-LINK (Software de comunica\u00e7\u00e3o entre Balan\u00e7a e Computador)<\/strong><\/h4>\n<p>O MGR-Link \u00e9 um pacote (opcional) que fornece ao pecuarista diversas op\u00e7\u00f5es de rastreabilidade e gerenciamento do rebanho.<\/p>\n<p>Com ele \u00e9 poss\u00edvel verificar o lote atual e\/ou restaurar um antigo, armazenar dados como o peso e suas varia\u00e7\u00f5es al\u00e9m de ser poss\u00edvel export\u00e1-los em diversas extens\u00f5es, facilitando o uso desses dados em outros terminais.<\/p>\n<p>Essa comunica\u00e7\u00e3o pode ser feita atrav\u00e9s de cabos ligados diretamente no computador ou pen drive. O MGR-Link ainda possui comunica\u00e7\u00e3o com diversos softwares do mercado.<\/p>\n<p><img loading=\"lazy\" decoding=\"async\" title=\"MGR-LINK (Software de comunica\u00e7\u00e3o entre Balan\u00e7a e Computador)\" src=\"https:\/\/toledobrasil.com.br\/app\/webroot\/img\/upload\/mgr-link-4.jpg\" alt=\"MGR-LINK (Software de comunica\u00e7\u00e3o entre Balan\u00e7a e Computador)\" width=\"545\" height=\"302\" \/><\/p>\n<p>&nbsp;<\/p>\n<h4><strong>Kit de convers\u00e3o eletr\u00f4nico<\/strong><\/h4>\n<ul class=\"englobaColunas\">\n<li class=\"firstc\">Permite transformar uma balan\u00e7a mec\u00e2nica em eletr\u00f4nica, desde que esteja em bom estado.<\/li>\n<li>Um terminal ou indicador pode ser usado para at\u00e9 duas balan\u00e7as mec\u00e2nicas diferentes e par de barras.<\/li>\n<li>O terminal\/indicador reconhece automaticamente qual balan\u00e7a est\u00e1 sendo usada.<\/li>\n<li>As capacidades poss\u00edveis v\u00e3o de 300 kg x 100 g at\u00e9 10.000 kg x 5 kg.<\/li>\n<li class=\"lastc\">Pode ser instalado em praticamente todas as balan\u00e7as do mercado.<\/li>\n<\/ul>\n<p><img loading=\"lazy\" decoding=\"async\" title=\"Kit de convers\u00e3o eletr\u00f4nico\" src=\"https:\/\/toledobrasil.com.br\/app\/webroot\/img\/upload\/kit-convercao.jpg\" alt=\"Kit de convers\u00e3o eletr\u00f4nico\" width=\"545\" height=\"335\" \/><\/p>\n<p>&nbsp;<\/p>\n<h4><strong>Temos dois tipos de instala\u00e7\u00e3o das barras de pesagem:<\/strong><\/h4>\n<p><strong class=\"lastc firstc\">1 &#8211; <\/strong>Embaixo de uma gaiola de madeira ou tronco de conten\u00e7\u00e3o de madeira ou metal;<\/p>\n<p><strong class=\"lastc firstc\">2 &#8211;<\/strong> Por cima de uma gaiola ou tronco de conten\u00e7\u00e3o, fazendo um \u201csandu\u00edche\u201d com as barras.<\/p>\n<p><img decoding=\"async\" class=\"img-responsive\" src=\"https:\/\/www.toledobrasil.com.br\/app\/webroot\/img\/upload\/produtos\/mgr4000\/tipos-instalacao.png\" alt=\"\" \/><\/p>\n<p class=\"lastc\">Para definir o modo de instala\u00e7\u00e3o mais adequado para sua fazenda, entre em contato com a Toledo ou com o seu fornecedor de troncos, consi-derando: se a balan\u00e7a vai ficar fixa ou ser movida, e o espa\u00e7o dispon\u00edvel em seu curral..<\/p>\n<\/article>\n<p>&nbsp;<\/p>\n<h3><strong>Software<\/strong><\/h3>\n<table class=\"padrao mceItemTable\" border=\"0\" summary=\"&lt;?= $produto['nome'] ?&gt; - Tabela de Especifica\u00e7\u00f5es T\u00e9cnicas\" cellspacing=\"0\" cellpadding=\"0\">\n<tbody>\n<tr>\n<td class=\"tabLinhaAzul00 linhaVerde firstc\">Caracter\u00edsticas<\/td>\n<td class=\"tabLinhaAzul00 linhaVerde lastc\" colspan=\"2\">MGR-4000<\/td>\n<\/tr>\n<tr>\n<td class=\"tabLinhaVerde01 firstc\" width=\"225\">Capacidade de Mem\u00f3ria<\/td>\n<td class=\"tabLinhaVerde01 lastc\" colspan=\"2\" width=\"10\">Permite armazenar at\u00e9 1 milh\u00e3o de animais e seus respectivos dados<\/td>\n<\/tr>\n<tr>\n<td class=\"tabLinhaVerde02 firstc\">Teclado Alfanum\u00e9rico<\/td>\n<td class=\"tabLinhaVerde02 lastc\" colspan=\"2\">Permite inserir mais dados por animal e nomear lotes na balan\u00e7a<\/td>\n<\/tr>\n<tr>\n<td class=\"tabLinhaVerde01 firstc\">N\u00fameros de lote<\/td>\n<td class=\"tabLinhaVerde01\">98<\/td>\n<td class=\"tabLinhaVerde01 lastc\" width=\"225\">Flexibilidade em separar os dados de pesagem<\/td>\n<\/tr>\n<tr>\n<td class=\"tabLinhaVerde02 firstc\">Cadastro de informa\u00e7\u00f5es do animal<br \/>\nEx: Pai, M\u00e3e, data de nascimento, sexo<\/td>\n<td class=\"tabLinhaVerde02 lastc\" colspan=\"2\">Maior controle sobre os animais<\/td>\n<\/tr>\n<tr>\n<td class=\"tabLinhaVerde01 firstc\">Cadastro de vacinas<\/td>\n<td class=\"tabLinhaVerde01 lastc\" colspan=\"2\">Maior controle sobre a sanidade dos animais<\/td>\n<\/tr>\n<tr>\n<td class=\"tabLinhaVerde02 firstc\">Aparta\u00e7\u00e3o<\/td>\n<td class=\"tabLinhaVerde02\">3 classifica\u00e7\u00f5es<\/td>\n<td class=\"tabLinhaVerde02 lastc\">Leve, m\u00e9dio e gordo<\/td>\n<\/tr>\n<tr>\n<td class=\"tabLinhaVerde01 firstc\">Transfer\u00eancia autom\u00e1tica<br \/>\nde animais entre lotes<\/td>\n<td class=\"tabLinhaVerde01\">At\u00e9 6 lotes diferentes<\/td>\n<td class=\"tabLinhaVerde01 lastc\">Por peso ou ganho de peso<\/td>\n<\/tr>\n<tr>\n<td class=\"tabLinhaVerde02 firstc\">Ganho de peso<\/td>\n<td class=\"tabLinhaVerde02\">Por animal<\/td>\n<td class=\"tabLinhaVerde02 lastc\">Di\u00e1rio e total<\/td>\n<\/tr>\n<tr>\n<td class=\"tabLinhaVerde01 firstc\">Rendimento e pre\u00e7o da arroba Pre\u00e7o do peso vivo<\/td>\n<td class=\"tabLinhaVerde01\">Usu\u00e1rio cadastra<\/td>\n<td class=\"tabLinhaVerde01 lastc\">Informa\u00e7\u00e3o na tela de pesagem, melhor controle na hora da pesagem<\/td>\n<\/tr>\n<tr>\n<td class=\"tabLinhaVerde02 firstc\">Resumo do lote<\/td>\n<td class=\"tabLinhaVerde02\">Usu\u00e1rio pode habilitar ou desabilitar<\/td>\n<td class=\"tabLinhaVerde02 lastc\">Todas as informa\u00e7\u00f5es do lote na tela de pesagem<\/td>\n<\/tr>\n<tr>\n<td class=\"tabLinhaVerde01 firstc\">Pesagem em grupo<\/td>\n<td class=\"tabLinhaVerde01\">Op\u00e7\u00f5es de pesagens<\/td>\n<td class=\"tabLinhaVerde01 lastc\">Ao digitar a quantidade de animais a serem pesados, a MGR-4000 informa o peso m\u00e9dio dos animais<\/td>\n<\/tr>\n<tr>\n<td class=\"tabLinhaVerde02 firstc\">Pesagem programada<\/td>\n<td class=\"tabLinhaVerde02\">3 possibilidades de previs\u00e3o para o abate<\/td>\n<td class=\"tabLinhaVerde02 lastc\">Obter a data para o abate<br \/>\nObter o peso estimado para o abate<br \/>\nProgramar o ganho de peso para o abate<\/td>\n<\/tr>\n<tr>\n<td class=\"tabLinhaVerde01 firstc\">Tecla AJUDA<\/td>\n<td class=\"tabLinhaVerde01\">Todas as telas tem a op\u00e7\u00e3o de acionar AJUDA<\/td>\n<td class=\"tabLinhaVerde01 lastc\">Auxilia de forma mais r\u00e1pida na hora da pesagem<\/td>\n<\/tr>\n<tr>\n<td class=\"tabLinhaVerde02 firstc\">Comunica\u00e7\u00e3o com leitores de chips e<br \/>\ntransponders<\/td>\n<td class=\"tabLinhaVerde02 lastc\" colspan=\"2\">Agilidade na leitura do brinco e armazenamento das informa\u00e7\u00f5es<\/td>\n<\/tr>\n<tr>\n<td class=\"tabLinhaVerde01 firstc\">Captura do zero autom\u00e1tico<\/td>\n<td class=\"tabLinhaVerde01\">Configur\u00e1vel<\/td>\n<td class=\"tabLinhaVerde01 lastc\">Desconsidera urina, terra ou outros dejetos que se acumulam durante a pesagem<\/td>\n<\/tr>\n<tr>\n<td class=\"tabLinhaVerde02 firstc\">Faixa de pesagem<\/td>\n<td class=\"tabLinhaVerde02\">3.000 kg<br \/>\n0 kg &#8211; 500 kg x 500 g<br \/>\n500 kg &#8211; 2.000 kg x 1.000 g<br \/>\n2.000 kg &#8211; 3.000 kg x 2.000 g<\/td>\n<td class=\"tabLinhaVerde02 lastc\">Variantes aceit\u00e1veis pelo INMETRO<\/td>\n<\/tr>\n<\/tbody>\n<\/table>\n","protected":false},"excerpt":{"rendered":"<p>A Toledo do Brasil oferece a mais nova gera\u00e7\u00e3o em solu\u00e7\u00e3o para pesagem de animais: a MGR-4000. Um equipamento completo para o gerenciamento e rastreabilidade do<span class=\"excerpt-hellip\"> [\u2026]<\/span><\/p>\n","protected":false},"featured_media":3450,"comment_status":"open","ping_status":"closed","template":"","meta":{"_joinchat":[]},"product_brand":[],"product_cat":[64,62,47,48],"product_tag":[],"class_list":{"0":"post-3449","1":"product","2":"type-product","3":"status-publish","4":"has-post-thumbnail","6":"product_cat-balancas-para-o-agronegocio","7":"product_cat-classes-de-produtos","8":"product_cat-marcas","9":"product_cat-toledo-do-brasil","10":"pa_capacidade-1t-a-5t","12":"first","13":"instock","14":"shipping-taxable","15":"product-type-simple"},"_links":{"self":[{"href":"https:\/\/mblbalancas.com.br\/site\/wp-json\/wp\/v2\/product\/3449","targetHints":{"allow":["GET"]}}],"collection":[{"href":"https:\/\/mblbalancas.com.br\/site\/wp-json\/wp\/v2\/product"}],"about":[{"href":"https:\/\/mblbalancas.com.br\/site\/wp-json\/wp\/v2\/types\/product"}],"replies":[{"embeddable":true,"href":"https:\/\/mblbalancas.com.br\/site\/wp-json\/wp\/v2\/comments?post=3449"}],"wp:featuredmedia":[{"embeddable":true,"href":"https:\/\/mblbalancas.com.br\/site\/wp-json\/wp\/v2\/media\/3450"}],"wp:attachment":[{"href":"https:\/\/mblbalancas.com.br\/site\/wp-json\/wp\/v2\/media?parent=3449"}],"wp:term":[{"taxonomy":"product_brand","embeddable":true,"href":"https:\/\/mblbalancas.com.br\/site\/wp-json\/wp\/v2\/product_brand?post=3449"},{"taxonomy":"product_cat","embeddable":true,"href":"https:\/\/mblbalancas.com.br\/site\/wp-json\/wp\/v2\/product_cat?post=3449"},{"taxonomy":"product_tag","embeddable":true,"href":"https:\/\/mblbalancas.com.br\/site\/wp-json\/wp\/v2\/product_tag?post=3449"}],"curies":[{"name":"wp","href":"https:\/\/api.w.org\/{rel}","templated":true}]}}