{"id":3451,"date":"2015-01-19T15:41:35","date_gmt":"2015-01-19T17:41:35","guid":{"rendered":"https:\/\/mblbalancas.com.br\/site\/?post_type=product&#038;p=3451"},"modified":"2015-01-19T15:41:35","modified_gmt":"2015-01-19T17:41:35","slug":"balanca-toledo-mgr-4000-junior","status":"publish","type":"product","link":"https:\/\/mblbalancas.com.br\/site\/produto\/balanca-toledo-mgr-4000-junior\/","title":{"rendered":"Balan\u00e7a Toledo MGR-4000 Junior"},"content":{"rendered":"<article>\n<article>A balan\u00e7a MGR-4000 J\u00fanior foi desenvolvida para contribuir no manejo racional e comercializa\u00e7\u00e3o do rebanho. Permite atrav\u00e9s de software integrado, melhorar a produtividade com seguran\u00e7a e rastreabilidade, de forma pr\u00e1tica, disponibiliza informa\u00e7\u00f5es necess\u00e1rias para tomadas de decis\u00f5es seguras.<\/p>\n<p>&nbsp;<\/p>\n<h3><strong>Caracter\u00edsticas do Produto<\/strong><\/h3>\n<h3><img loading=\"lazy\" decoding=\"async\" class=\"\" src=\"https:\/\/www.toledobrasil.com.br\/app\/webroot\/img\/upload\/mgr4000j.png\" alt=\"\" width=\"487\" height=\"258\" \/><\/h3>\n<table class=\"padrao\" border=\"0\" summary=\"&lt;?= $produto['nome'] ?&gt; - Tabela de Especifica\u00e7\u00f5es T\u00e9cnicas\" cellspacing=\"0\" cellpadding=\"0\">\n<tbody>\n<tr>\n<td class=\"tabLinhaVerde02 firstc\" align=\"center\" width=\"35%\">\n<p class=\"lastc firstc\">\u2022 N\u00famero do lote<\/p>\n<p>\u2022 Peso Gigante<\/p>\n<p>\u2022 Aparta\u00e7\u00e3o<\/p>\n<p>\u2022 Resumo do lote, contendo:<br \/>\n&#8211; Quantidade de animais pesados<br \/>\n&#8211; Peso M\u00e9dio<br \/>\n&#8211; Peso Total<\/p>\n<\/td>\n<td class=\"tabLinhaVerde02\" align=\"center\" width=\"35%\">\n<p class=\"lastc firstc\">\u2022 Bot\u00f5es de f\u00e1cil identifica\u00e7\u00e3o como:<br \/>\n&#8211; F2 (Lote)<br \/>\n&#8211; F3 (Excluir)<br \/>\n&#8211; F4 ou F5 (Resumo de Lote)<\/p>\n<p>\u2022 Leitores\/chips e transponders homologados pela Toledo<\/p>\n<p>\u2022 Comunica\u00e7\u00e3o com Computador (atrav\u00e9s do MGR-LINK)<\/p>\n<\/td>\n<td class=\"tabLinhaVerde02 lastc\" align=\"center\" width=\"35%\">\n<p class=\"lastc firstc\">\u2022 Teclas de atalho:<br \/>\n&#8211; Lote<br \/>\n&#8211; Aparta\u00e7\u00e3o<br \/>\n&#8211; Total<br \/>\n&#8211; Programa\u00e7\u00e3o<br \/>\n&#8211; Fun\u00e7\u00f5es<br \/>\n&#8211; Pesa<\/p>\n<\/td>\n<\/tr>\n<\/tbody>\n<\/table>\n<h3><\/h3>\n<h3><\/h3>\n<h3><strong>Impressora Opcional<\/strong><\/h3>\n<p>&nbsp;<\/p>\n<p>&nbsp;<\/p>\n<p><img loading=\"lazy\" decoding=\"async\" class=\"\" src=\"https:\/\/www.toledobrasil.com.br\/app\/webroot\/img\/upload\/mgr4000j1.png\" alt=\"\" width=\"457\" height=\"351\" \/><\/p>\n<p>&nbsp;<\/p>\n<p class=\"lastc\">A MGR-4000 Junior oferece 2 fam\u00edlias de relat\u00f3rios, possibilitando ao todo 5 relat\u00f3rios diferentes. Seguem as variantes:<\/p>\n<p>\u2022 Relat\u00f3rio de pesagem<br \/>\na) Detalhado do lote;<br \/>\nb) Total e m\u00e9dia do lote;<br \/>\nc) Total e m\u00e9dia de todos os lotes.<\/p>\n<p>\u2022 Relat\u00f3rio de aparta\u00e7\u00e3o por peso<br \/>\na) Detalhado do lote;<br \/>\nb) Total e m\u00e9dia dos lotes.<\/p>\n<p class=\"lastc\">\n<p class=\"lastc\">\n<\/article>\n<h4><\/h4>\n<h4><strong>MGR 4000 J\u00fanior<\/strong><\/h4>\n<p>Traz in\u00fameros benef\u00edcios em rela\u00e7\u00e3o \u00e0 MGR-3000 Junior, vendida com sucesso desde 2002. A MGR-4000 Junior foi projetada e desenvolvida pela Toledo, incorporando melhorias sugeridas por pecuaristas nos \u00faltimos dez anos. Esse informativo traz informa\u00e7\u00f5es espec\u00edficas da MGR-4000 Junior.<\/p>\n<p>&nbsp;<\/p>\n<p>POR QUE DEMOS O NOME DE MGR-4000 JUNIOR PARA ESTA SOLU\u00c7\u00c3O DE PESAGEM?<br \/>\nMantivemos a sigla MGR &#8211; que representa M\u00f3dulo Gerenciador de Rebanho e denotamos a evolu\u00e7\u00e3o, saindo de 3000 para agora 4000.<\/p>\n<p>O QUE FOI INCORPORADO A MGR-4000 JUNIOR?<br \/>\nNovo design, bateria interna e resumo do lote na tela de pesagem. Barras em a\u00e7o inox: Cabos refor\u00e7ados e prote\u00e7\u00e3o contra tra\u00e7\u00e3o.<\/p>\n<p><img loading=\"lazy\" decoding=\"async\" class=\"\" src=\"https:\/\/www.toledobrasil.com.br\/app\/webroot\/img\/upload\/mgrj001.png\" alt=\"\" width=\"547\" height=\"262\" \/><\/p>\n<p>&nbsp;<\/p>\n<h4><strong>BARRAS DE PESAGEM:<\/strong><\/h4>\n<p>Os cabos das barras tamb\u00e9m foram reprojetados. A malha foi refor\u00e7ada, a fim de garantir maior durabilidade e evitar rompimentos durante a opera\u00e7\u00e3o; As c\u00e9lulas de carga continuam anal\u00f3gicas. Sistema antitra\u00e7\u00e3o: oferece maior resist\u00eancia e prote\u00e7\u00e3o aos cabos.<\/p>\n<p><img loading=\"lazy\" decoding=\"async\" class=\"\" src=\"https:\/\/www.toledobrasil.com.br\/app\/webroot\/img\/upload\/mgrj002.png\" alt=\"\" width=\"549\" height=\"263\" \/><\/p>\n<p>&nbsp;<\/p>\n<p>&nbsp;<\/p>\n<h4><strong>MGR-LINK<\/strong><\/h4>\n<p>(Software de comunica\u00e7\u00e3o entre Balan\u00e7a e Computador)<\/p>\n<p>O MGR-Link \u00e9 um pacote (opcional) que fornece ao pecuarista diversas op\u00e7\u00f5es de rastreabilidade e gerenciamento do rebanho.<\/p>\n<p>Com ele, \u00e9 poss\u00edvel verificar o lote atual e\/ou restaurar um antigo, armazenar dados como o peso e suas varia\u00e7\u00f5es al\u00e9m de ser poss\u00edvel export\u00e1-los em diversas extens\u00f5es, facilitando o uso desses dados em outros terminais.<\/p>\n<p>Essa comunica\u00e7\u00e3o pode ser feita atrav\u00e9s de cabos ligados diretamente no computador. O MGR-Link ainda possui comunica\u00e7\u00e3o com diversos softwares do mercado.<\/p>\n<p><img loading=\"lazy\" decoding=\"async\" src=\"https:\/\/www.toledobrasil.com.br\/app\/webroot\/img\/upload\/mgrj003.png\" alt=\"\" width=\"641\" height=\"307\" \/><\/p>\n<p>&nbsp;<\/p>\n<p>&nbsp;<\/p>\n<h4><strong>KIT DE CONVERS\u00c3O ELETR\u00d4NICO<\/strong><\/h4>\n<ul class=\"listaGeral\">\n<li class=\"firstc\">Permite transformar uma balan\u00e7a mec\u00e2nica em eletr\u00f4nica, desde que esteja em bom estado;<\/li>\n<li>O terminal pode ser usado para at\u00e9 duas balan\u00e7as mec\u00e2nicas diferentes e par de barras;<\/li>\n<li>O terminal reconhece automaticamente qual balan\u00e7a est\u00e1 sendo usada;<\/li>\n<li>As capacidades poss\u00edveis v\u00e3o de 300 kg x 100 g at\u00e9 10.000 kg x 5 kg;<\/li>\n<li class=\"lastc\">Pode ser instalado em praticamente todas as balan\u00e7as do mercado;<\/li>\n<\/ul>\n<p><img loading=\"lazy\" decoding=\"async\" src=\"https:\/\/www.toledobrasil.com.br\/app\/webroot\/img\/upload\/mgrj004.png\" alt=\"\" width=\"641\" height=\"307\" \/><\/p>\n<p>&nbsp;<\/p>\n<h4><strong>TIPO INSTALA\u00c7\u00c3O<\/strong><\/h4>\n<p>1 &#8211; Embaixo de uma gaiola de madeira ou tronco de conten\u00e7\u00e3o de madeira ou metal;<\/p>\n<p>2 &#8211; Por cima de uma gaiola ou tronco de conten\u00e7\u00e3o, fazendo um \u201csandu\u00edche\u201d com as barras.<\/p>\n<p>A instala\u00e7\u00e3o das barras de pesagem poder\u00e1 ser por cima ou em baixo da gaiola de madeira ou tronco, deve ser definida a condi\u00e7\u00e3o mais ade-quada conforme a disponibilidade no curral e portabilidade da balan\u00e7a. Para definir o tipo de instala\u00e7\u00e3o mais adequado para a sua fazenda, entre em contato com a Toledo do Brasil ou com o seu fornecedor de troncos.<\/p>\n<p>&nbsp;<\/p>\n<p class=\"lastc\"><img loading=\"lazy\" decoding=\"async\" class=\"\" src=\"https:\/\/www.toledobrasil.com.br\/app\/webroot\/img\/upload\/mgrj005.png\" alt=\"\" width=\"570\" height=\"388\" \/><\/p>\n<p class=\"lastc\">\n<\/article>\n<h3><strong>Software<\/strong><\/h3>\n<table class=\"padrao\" border=\"0\" summary=\"&lt;?= $produto['nome'] ?&gt; - Tabela de Especifica\u00e7\u00f5es T\u00e9cnicas\" cellspacing=\"0\" cellpadding=\"0\">\n<tbody>\n<tr>\n<td class=\"tabLinhaAzul00 linhaVerde firstc\">Caracter\u00edsticas<\/td>\n<td class=\"tabLinhaAzul00 linhaVerde lastc\" colspan=\"2\">MGR-4000 J\u00fanior<\/td>\n<\/tr>\n<tr>\n<td class=\"tabLinhaVerde01 firstc\" width=\"225\">Capacidade de Mem\u00f3ria<\/td>\n<td class=\"tabLinhaVerde01 lastc\" colspan=\"2\" width=\"10\">Permite armazenar at\u00e9 1 milh\u00e3o de animais<\/td>\n<\/tr>\n<tr>\n<td class=\"tabLinhaVerde02 firstc\">Teclado num\u00e9rico<\/td>\n<td class=\"tabLinhaVerde02 lastc\" colspan=\"2\">Permite inserir o n\u00famero do animal e armazenar com o peso<\/td>\n<\/tr>\n<tr>\n<td class=\"tabLinhaVerde01 firstc\">N\u00fameros de lote<\/td>\n<td class=\"tabLinhaVerde01\">98<\/td>\n<td class=\"tabLinhaVerde01 lastc\" width=\"225\">Flexibilidade em separar os dados de pesagem<\/td>\n<\/tr>\n<tr>\n<td class=\"tabLinhaVerde02 firstc\">Aparta\u00e7\u00e3o<\/td>\n<td class=\"tabLinhaVerde02\">3 classifica\u00e7\u00f5es<\/td>\n<td class=\"tabLinhaVerde02 lastc\" width=\"225\">Leve, m\u00e9dio e gordo<\/td>\n<\/tr>\n<tr>\n<td class=\"tabLinhaVerde01 firstc\">Resumo do lote<\/td>\n<td class=\"tabLinhaVerde01\">Usu\u00e1rio pode habilitar ou desabilitar<\/td>\n<td class=\"tabLinhaVerde01 lastc\" width=\"225\">Todas as informa\u00e7\u00f5es do lote na tela de pesagem<\/td>\n<\/tr>\n<tr>\n<td class=\"tabLinhaVerde02 firstc\">Comunica\u00e7\u00e3o com leitores de chips e<br \/>\ntransponders<\/td>\n<td class=\"tabLinhaVerde02 lastc\" colspan=\"2\">Agilidade na leitura do brinco e armazenamento das informa\u00e7\u00f5es<\/td>\n<\/tr>\n<tr>\n<td class=\"tabLinhaVerde01 firstc\">Captura do zero autom\u00e1tico<\/td>\n<td class=\"tabLinhaVerde01\">Configur\u00e1vel<\/td>\n<td class=\"tabLinhaVerde01 lastc\" width=\"225\">Desconsidera urina, terra ou outros dejetos que se<br \/>\nacumulam durante a pesagem<\/td>\n<\/tr>\n<tr>\n<td class=\"tabLinhaVerde02 firstc\">Faixa de pesagem<\/td>\n<td class=\"tabLinhaVerde02\">3.000 kg<br \/>\n0 kg &#8211; 500 kg x 500 g<br \/>\n500 kg &#8211; 2.000 kg x 1.000 g<br \/>\n2.000 kg &#8211; 3.000 kg x 2.000 g<\/td>\n<td class=\"tabLinhaVerde02 lastc\" width=\"225\">Variantes aceit\u00e1veis pelo Inmetro<\/td>\n<\/tr>\n<\/tbody>\n<\/table>\n<h3><strong>Hardware<\/strong><\/h3>\n<table class=\"padrao\" border=\"0\" summary=\"&lt;?= $produto['nome'] ?&gt; - Tabela de Especifica\u00e7\u00f5es T\u00e9cnicas\" cellspacing=\"0\" cellpadding=\"0\">\n<tbody>\n<tr>\n<td class=\"tabLinhaAzul00 linhaVerde firstc\">Caracter\u00edsticas<\/td>\n<td class=\"tabLinhaAzul00 linhaVerde lastc\" colspan=\"2\">MGR-4000 J\u00fanior<\/td>\n<\/tr>\n<tr>\n<td class=\"tabLinhaVerde01 firstc\">Terminal de Pesagem<\/td>\n<td class=\"tabLinhaVerde01\">Indicador pl\u00e1stico ABS<\/td>\n<td class=\"tabLinhaVerde01 lastc\" width=\"225\">Leve, resistente e port\u00e1til<\/td>\n<\/tr>\n<tr>\n<td class=\"tabLinhaVerde02 firstc\">Display colorido<\/td>\n<td class=\"tabLinhaVerde02\">Peso Gigante<\/td>\n<td class=\"tabLinhaVerde02 lastc\">Melhor vizualiza\u00e7\u00e3o<\/td>\n<\/tr>\n<tr>\n<td class=\"tabLinhaVerde01 firstc\">Barras de pesagem<\/td>\n<td class=\"tabLinhaVerde01\">A\u00e7o inox<\/td>\n<td class=\"tabLinhaVerde01 lastc\">Maior resist\u00eancia e robustez<\/td>\n<\/tr>\n<tr>\n<td class=\"tabLinhaVerde02 firstc\">Comprimento das barras<\/td>\n<td class=\"tabLinhaVerde02\">90 cm<\/td>\n<td class=\"tabLinhaVerde02 lastc\">Tamanho padr\u00e3o \u2013 f\u00e1cil<br \/>\nutiliza\u00e7\u00e3o em diferentes instala\u00e7\u00f5es<\/td>\n<\/tr>\n<tr>\n<td class=\"tabLinhaVerde01 firstc\">Cabos robustos<\/td>\n<td class=\"tabLinhaVerde01 lastc\" colspan=\"2\">Mais resist\u00eancia \u00e0 tra\u00e7\u00e3o e acidentes durante a pesagem<\/td>\n<\/tr>\n<tr>\n<td class=\"tabLinhaVerde02 firstc\">Impressora opcional<\/td>\n<td class=\"tabLinhaVerde02\">T\u00e9rmica<\/td>\n<td class=\"tabLinhaVerde02 lastc\">Relat\u00f3rios impressos na hora da pesagem<\/td>\n<\/tr>\n<tr>\n<td class=\"tabLinhaVerde01 firstc\">Balan\u00e7a e impressora com bateria interna<br \/>\nrecarreg\u00e1vel<\/td>\n<td class=\"tabLinhaVerde01 lastc\" colspan=\"2\">Facilita o uso em locais sem energia el\u00e9trica<\/td>\n<\/tr>\n<tr>\n<td class=\"tabLinhaVerde02 firstc\">Conex\u00e3o com bateria externa<\/td>\n<td class=\"tabLinhaVerde02 lastc\" colspan=\"2\">Facilita o uso em locais sem energia el\u00e9trica<\/td>\n<\/tr>\n<tr>\n<td class=\"tabLinhaVerde01 firstc\">Alimenta\u00e7\u00e3o el\u00e9trica<\/td>\n<td class=\"tabLinhaVerde01\">Sele\u00e7\u00e3o autom\u00e1tica de 93 a 240 VCA<\/td>\n<td class=\"tabLinhaVerde01 lastc\">F\u00e1cil utiliza\u00e7\u00e3o: apenas plugar na rede<\/td>\n<\/tr>\n<tr>\n<td class=\"tabLinhaVerde02 firstc\">Portas de comunica\u00e7\u00e3o<\/td>\n<td class=\"tabLinhaVerde02\">USB tipo B<br \/>\nRS 232<\/td>\n<td class=\"tabLinhaVerde02 lastc\">Tipo B \u2013 cabo de comuni\u00e7\u00e3o de dados entre balan\u00e7a<br \/>\ne computador atrav\u00e9s do MGR-LINK<\/td>\n<\/tr>\n<\/tbody>\n<\/table>\n","protected":false},"excerpt":{"rendered":"<p>A balan\u00e7a MGR-4000 J\u00fanior foi desenvolvida para contribuir no manejo racional e comercializa\u00e7\u00e3o do rebanho. Permite atrav\u00e9s de software integrado, melhorar a produtividade com seguran\u00e7a e<span class=\"excerpt-hellip\"> [\u2026]<\/span><\/p>\n","protected":false},"featured_media":3452,"comment_status":"open","ping_status":"closed","template":"","meta":{"_joinchat":[]},"product_brand":[],"product_cat":[64,62,47,48],"product_tag":[],"class_list":{"0":"post-3451","1":"product","2":"type-product","3":"status-publish","4":"has-post-thumbnail","6":"product_cat-balancas-para-o-agronegocio","7":"product_cat-classes-de-produtos","8":"product_cat-marcas","9":"product_cat-toledo-do-brasil","10":"pa_capacidade-1t-a-5t","12":"first","13":"instock","14":"shipping-taxable","15":"product-type-simple"},"_links":{"self":[{"href":"https:\/\/mblbalancas.com.br\/site\/wp-json\/wp\/v2\/product\/3451","targetHints":{"allow":["GET"]}}],"collection":[{"href":"https:\/\/mblbalancas.com.br\/site\/wp-json\/wp\/v2\/product"}],"about":[{"href":"https:\/\/mblbalancas.com.br\/site\/wp-json\/wp\/v2\/types\/product"}],"replies":[{"embeddable":true,"href":"https:\/\/mblbalancas.com.br\/site\/wp-json\/wp\/v2\/comments?post=3451"}],"wp:featuredmedia":[{"embeddable":true,"href":"https:\/\/mblbalancas.com.br\/site\/wp-json\/wp\/v2\/media\/3452"}],"wp:attachment":[{"href":"https:\/\/mblbalancas.com.br\/site\/wp-json\/wp\/v2\/media?parent=3451"}],"wp:term":[{"taxonomy":"product_brand","embeddable":true,"href":"https:\/\/mblbalancas.com.br\/site\/wp-json\/wp\/v2\/product_brand?post=3451"},{"taxonomy":"product_cat","embeddable":true,"href":"https:\/\/mblbalancas.com.br\/site\/wp-json\/wp\/v2\/product_cat?post=3451"},{"taxonomy":"product_tag","embeddable":true,"href":"https:\/\/mblbalancas.com.br\/site\/wp-json\/wp\/v2\/product_tag?post=3451"}],"curies":[{"name":"wp","href":"https:\/\/api.w.org\/{rel}","templated":true}]}}