{"id":3455,"date":"2015-01-19T16:10:37","date_gmt":"2015-01-19T18:10:37","guid":{"rendered":"https:\/\/mblbalancas.com.br\/site\/?post_type=product&#038;p=3455"},"modified":"2015-01-19T16:10:37","modified_gmt":"2015-01-19T18:10:37","slug":"balanca-toledo-transpaleteira-pl3000x","status":"publish","type":"product","link":"https:\/\/mblbalancas.com.br\/site\/produto\/balanca-toledo-transpaleteira-pl3000x\/","title":{"rendered":"Balan\u00e7a Toledo Transpaleteira PL3000x"},"content":{"rendered":"<article>\n<h3><strong>Transpaleteira intrinsecamente segura<\/strong><\/h3>\n<ul class=\"listaGeral\">\n<li class=\"firstc\">Atende \u00e1reas classificadas Zona 1\/21 &#8211; Divis\u00e3o 1<\/li>\n<li>Capacidades de 1.000 e 2.000 kg.<\/li>\n<li>Constru\u00edda em a\u00e7o carbono ou a\u00e7o inoxid\u00e1vel.<\/li>\n<li>Ideal para paletes de padr\u00e3o brasileiro (1,20 m de largura) ou de padr\u00e3o europeu (0,80 de largura).<\/li>\n<li class=\"lastc\">Utiliza o terminal de pesagem IND 226x com alimenta\u00e7\u00e3o por bateria externa recarreg\u00e1vel.<\/li>\n<\/ul>\n<\/article>\n","protected":false},"excerpt":{"rendered":"<p>Transpaleteira intrinsecamente segura Atende \u00e1reas classificadas Zona 1\/21 &#8211; Divis\u00e3o 1 Capacidades de 1.000 e 2.000 kg. Constru\u00edda em a\u00e7o carbono ou a\u00e7o inoxid\u00e1vel. Ideal para<span class=\"excerpt-hellip\"> [\u2026]<\/span><\/p>\n","protected":false},"featured_media":3456,"comment_status":"open","ping_status":"closed","template":"","meta":{"_joinchat":[]},"product_brand":[],"product_cat":[64,62,65,63,47,48,66],"product_tag":[],"class_list":{"0":"post-3455","1":"product","2":"type-product","3":"status-publish","4":"has-post-thumbnail","6":"product_cat-balancas-para-o-agronegocio","7":"product_cat-classes-de-produtos","8":"product_cat-balacas-para-empresas-de-engenharia","9":"product_cat-balancas-industriais","10":"product_cat-marcas","11":"product_cat-toledo-do-brasil","12":"product_cat-balancas-para-transporte-e-logistica","13":"pa_capacidade-750kg-a-1t","15":"first","16":"instock","17":"shipping-taxable","18":"product-type-simple"},"_links":{"self":[{"href":"https:\/\/mblbalancas.com.br\/site\/wp-json\/wp\/v2\/product\/3455","targetHints":{"allow":["GET"]}}],"collection":[{"href":"https:\/\/mblbalancas.com.br\/site\/wp-json\/wp\/v2\/product"}],"about":[{"href":"https:\/\/mblbalancas.com.br\/site\/wp-json\/wp\/v2\/types\/product"}],"replies":[{"embeddable":true,"href":"https:\/\/mblbalancas.com.br\/site\/wp-json\/wp\/v2\/comments?post=3455"}],"wp:featuredmedia":[{"embeddable":true,"href":"https:\/\/mblbalancas.com.br\/site\/wp-json\/wp\/v2\/media\/3456"}],"wp:attachment":[{"href":"https:\/\/mblbalancas.com.br\/site\/wp-json\/wp\/v2\/media?parent=3455"}],"wp:term":[{"taxonomy":"product_brand","embeddable":true,"href":"https:\/\/mblbalancas.com.br\/site\/wp-json\/wp\/v2\/product_brand?post=3455"},{"taxonomy":"product_cat","embeddable":true,"href":"https:\/\/mblbalancas.com.br\/site\/wp-json\/wp\/v2\/product_cat?post=3455"},{"taxonomy":"product_tag","embeddable":true,"href":"https:\/\/mblbalancas.com.br\/site\/wp-json\/wp\/v2\/product_tag?post=3455"}],"curies":[{"name":"wp","href":"https:\/\/api.w.org\/{rel}","templated":true}]}}