{"id":3457,"date":"2015-01-19T16:19:37","date_gmt":"2015-01-19T18:19:37","guid":{"rendered":"https:\/\/mblbalancas.com.br\/site\/?post_type=product&#038;p=3457"},"modified":"2015-01-19T16:19:37","modified_gmt":"2015-01-19T18:19:37","slug":"balanca-toledo-transpaleteira-pl-3000-com-carrinho-byg","status":"publish","type":"product","link":"https:\/\/mblbalancas.com.br\/site\/produto\/balanca-toledo-transpaleteira-pl-3000-com-carrinho-byg\/","title":{"rendered":"Balan\u00e7a Toledo Transpaleteira PL-3000 com carrinho BYG"},"content":{"rendered":"<article>\n<h3><strong>PL-3000 &#8211; Balan\u00e7a Eletr\u00f4nica Transpaleteira<\/strong><\/h3>\n<p>A Toledo do Brasil apresenta sua solu\u00e7\u00e3o para pesagem de cargas paletizadas no pr\u00f3prio local de armazenagem. Trata-se da Balan\u00e7a Eletr\u00f4nica Transpaleteira Modelo PL-3000, que possui sensores de peso (c\u00e9lulas de carga) e indica\u00e7\u00e3o eletr\u00f4nica digital. Veja a seguir as caracter\u00edsticas e benef\u00edcios que ela oferece.<\/p>\n<p>&nbsp;<\/p>\n<h4><strong>POR QUE PESAR NO PR\u00d3PRIO LOCAL DE ARMAZENAGEM?<\/strong><\/h4>\n<p>Isto possibilita, principalmente:<\/p>\n<ul class=\"listaGeral\">\n<li class=\"firstc\">Enorme economia de tempo de opera\u00e7\u00e3o. Imagine ter que levar 50 paletes de 1500 kg cada para serem pesados em uma balan\u00e7a de piso instalada a 50 metros do local de Armazenagem. A PL-3000 vai at\u00e9 os paletes.<\/li>\n<li class=\"lastc\">Redu\u00e7\u00e3o consider\u00e1vel de doen\u00e7as profissionais ou acidentes, com pessoas ou nos produtos, causados pelo manuseio (transporte) de cargas muito pesadas. A PL-3000 praticamente acaba com isto, pois este manuseio \u00e9 drasticamente reduzido.<\/li>\n<\/ul>\n<p>&nbsp;<\/p>\n<h4><strong>TRANSPALETEIRAS<\/strong><\/h4>\n<p>Modelos especialmente desenvolvidos para a Toledo do Brasil pela BYG Transequip, uma das maiores fabricantes de transpaleteiras do Brasil.<\/p>\n<ul class=\"listaGeral\">\n<li class=\"firstc\">Possuem dirigibilidade de 180\u00ba, com rod\u00edzios fabricados de nylon.<\/li>\n<li>Podem ser fornecidos para pesagem de paletes padr\u00e3o Brasil &#8211; PBR (1 m x 1,20 m) e Europeu (0,80 m x 1,20 m).<\/li>\n<li class=\"lastc\">Constru\u00e7\u00e3o: a\u00e7o carbono pintado de laranja, a\u00e7o carbono zincado e pintado de alum\u00ednio, inox* escovado ou inox* polido.<\/li>\n<\/ul>\n<p>&nbsp;<\/p>\n<h4><strong>SENSORES DE PESO (C\u00c9LULAS DE CARGA)<\/strong><\/h4>\n<p>Fabricados de a\u00e7o especial, possuem grau de prote\u00e7\u00e3o IP-68 (prote\u00e7\u00e3o total contra penetra\u00e7\u00e3o de p\u00f3 e imers\u00e3o em \u00e1gua).<\/p>\n<p>&nbsp;<\/p>\n<h4><strong>INDICA\u00c7\u00c3O ELETR\u00d4NICA<\/strong><\/h4>\n<p>A PL-3000 pode ser fornecida com 3 tipos de indica\u00e7\u00e3o eletr\u00f4nica: com os modelos 9096H e 9098CT para uso geral e com o modelo IND226x para uso em \u00e1reas classificadas.<\/p>\n<p>&nbsp;<\/p>\n<h4><strong>OPCIONAIS<\/strong><\/h4>\n<ul class=\"listaGeral\">\n<li class=\"firstc\">Rod\u00edzios de ferro revestidos de poliuretano, para pisos sens\u00edveis, com ou sem freio de estacionamento.<\/li>\n<li>Rod\u00edzios traseiros duplos, de nylon ou de ferro com revestimento de poliuretano, para pisos irregulares.<\/li>\n<li>Recarregador externo de bateria para 9096H e 9098CT.<\/li>\n<li>Impressora de etiquetas \u00e0 bateria.<\/li>\n<li class=\"lastc\">Impressora de fita \u00e0 bateria.<\/li>\n<\/ul>\n<p>(*) somente a parte externa. Demais, de a\u00e7o carbono zincado e pintado de alum\u00ednio.<\/p>\n<pre><\/pre>\n<article>\n<h3><strong>Caracter\u00edsticas e benef\u00edcios<\/strong><\/h3>\n<p class=\"lastc\"><img loading=\"lazy\" decoding=\"async\" src=\"https:\/\/www.toledobrasil.com.br\/app\/webroot\/img\/upload\/byg.png\" alt=\"\" width=\"690\" height=\"294\" \/><\/p>\n<p class=\"lastc\">\n<p class=\"lastc\">\n<h3><strong>Especifica\u00e7\u00f5es T\u00e9cnicas<\/strong><\/h3>\n<table class=\"padrao\" border=\"0\" summary=\"&lt;?= $produto['nome'] ?&gt; - Tabela de Especifica\u00e7\u00f5es T\u00e9cnicas\" cellspacing=\"0\" cellpadding=\"0\">\n<tbody>\n<tr>\n<td class=\"tabLinhaAzul00 linhaVerde firstc\" align=\"center\">Caracter\u00edsticas<\/td>\n<td class=\"tabLinhaAzul00 linhaVerde\" align=\"center\" width=\"25%\">9096 H<\/td>\n<td class=\"tabLinhaAzul00 linhaVerde\" align=\"center\" width=\"25%\">9098 CT<\/td>\n<td class=\"tabLinhaAzul00 linhaVerde lastc\" align=\"center\" width=\"25%\">IND226x<\/td>\n<\/tr>\n<tr>\n<td class=\"tabLinhaAzul01 firstc\" align=\"center\">Indicador eletr\u00f4nico<\/td>\n<td class=\"tabLinhaVerde01\" align=\"center\"><img loading=\"lazy\" decoding=\"async\" src=\"https:\/\/www.toledobrasil.com.br\/app\/webroot\/img\/upload\/ip96k.png\" alt=\"\" width=\"143\" height=\"103\" \/><\/td>\n<td class=\"tabLinhaVerde01\" align=\"center\"><img loading=\"lazy\" decoding=\"async\" src=\"https:\/\/www.toledobrasil.com.br\/app\/webroot\/img\/upload\/9098ct.png\" alt=\"\" width=\"135\" height=\"108\" \/><\/td>\n<td class=\"tabLinhaVerde01 lastc\" align=\"center\"><img loading=\"lazy\" decoding=\"async\" src=\"https:\/\/www.toledobrasil.com.br\/app\/webroot\/img\/upload\/ind226x.png\" alt=\"\" width=\"135\" height=\"108\" \/><\/td>\n<\/tr>\n<tr>\n<td class=\"tabLinhaAzul02 firstc\" align=\"center\">Constru\u00e7\u00e3o<\/td>\n<td class=\"tabLinhaVerde02\" align=\"center\">Gabinete de a\u00e7o inoxid\u00e1vel AISI-304, acabamento escovado, grau de prote\u00e7\u00e3o IP-69k (prote\u00e7\u00e3o total contra penetra\u00e7\u00e3o de p\u00f3 e jatos d\u2019\u00e1gua).<\/td>\n<td class=\"tabLinhaVerde02\" align=\"center\">Gabinete de pl\u00e1stico ABS pintado de<br \/>\ncinza, grau de prote\u00e7\u00e3o IP-40.<\/td>\n<td class=\"tabLinhaVerde02 lastc\" align=\"center\">Gabinete de a\u00e7o inoxid\u00e1vel AISI-304,<br \/>\nacabamento escovado, grau de prote\u00e7\u00e3o<br \/>\nIP-66.<\/td>\n<\/tr>\n<tr>\n<td class=\"tabLinhaAzul01 firstc\" align=\"center\">Alimenta\u00e7\u00e3o el\u00e9trica<\/td>\n<td class=\"tabLinhaVerde01\" align=\"center\">Externa, 93,5 a 264 VCA de comuta\u00e7\u00e3o autom\u00e1tica, 50\/60 hz, e bateria externa recarreg\u00e1vel*, com autonomia de at\u00e9 75 horas.<\/td>\n<td class=\"tabLinhaVerde01\" align=\"center\">Externa, 93,5 a 264 VCA de comuta\u00e7\u00e3o<br \/>\nautom\u00e1tica, 50\/60 hz, e bateria externa<br \/>\nrecarreg\u00e1vel*, com autonomia de at\u00e9 50<br \/>\nhoras.<\/td>\n<td class=\"tabLinhaVerde01 lastc\" align=\"center\">Bateria externa recarreg\u00e1vel**,<br \/>\nautonomia de at\u00e9 70 horas.<\/td>\n<\/tr>\n<tr>\n<td class=\"tabLinhaAzul02 firstc\" align=\"center\">Indica\u00e7\u00e3o digital<\/td>\n<td class=\"tabLinhaVerde02\" align=\"center\">Display de cristal l\u00edquido, gigante<br \/>\n(26 mm de altura x 12 mm de largura).<\/td>\n<td class=\"tabLinhaVerde02\" align=\"center\">Display de cristal l\u00edquido, gigante<br \/>\n(26 mm de altura x 12 mm de largura).<\/td>\n<td class=\"tabLinhaVerde02 lastc\" align=\"center\">Display de LED, gigante<br \/>\n(30 mm de altura x 15 mm de largura).<\/td>\n<\/tr>\n<tr>\n<td class=\"tabLinhaAzul01 firstc\" align=\"center\">Prote\u00e7\u00e3o contra condensa\u00e7\u00e3o<\/td>\n<td class=\"tabLinhaVerde01\" align=\"center\">Prote\u00e7\u00e3o contra condensa\u00e7\u00e3o: o 9096H possui prote\u00e7\u00e3o para evitar que a condensa\u00e7\u00e3o do ar, fen\u00f4meno ocasionado por varia\u00e7\u00e3o de temperatura, prejudique seu funcionamento. Ele n\u00e3o precisa ficar ligado o tempo todo, dia e noite, para evitar a condensa\u00e7\u00e3o do ar.<\/td>\n<td class=\"tabLinhaVerde01\" align=\"center\">&#8211;<\/td>\n<td class=\"tabLinhaVerde01 lastc\" align=\"center\">&#8211;<\/td>\n<\/tr>\n<tr>\n<td class=\"tabLinhaAzul02 firstc\" align=\"center\">Fun\u00e7\u00f5es<\/td>\n<td class=\"tabLinhaVerde02\" align=\"center\">Pesagem simples e verifica\u00e7\u00e3o de pesos.<\/td>\n<td class=\"tabLinhaVerde02\" align=\"center\">Pesagem simples, contagem de pe\u00e7as e<br \/>\nverifica\u00e7\u00e3o de pesos.<\/td>\n<td class=\"tabLinhaVerde02 lastc\" align=\"center\">Pesagem simples.<\/td>\n<\/tr>\n<tr>\n<td class=\"tabLinhaAzul01 firstc\" align=\"center\">Comunica\u00e7\u00e3o<\/td>\n<td class=\"tabLinhaVerde01\" align=\"center\">Serial RS-232C, para etiquetadores,<br \/>\nimpressoras e PCs. Fornecimento opcional.<\/td>\n<td class=\"tabLinhaVerde01\" align=\"center\">Serial RS-232C para etiquetadores,<br \/>\nimpressores e PCs. Ethernet TCP\/IP via<br \/>\ncabo e Wlan. Fornecimento opcional.<\/td>\n<td class=\"tabLinhaVerde01 lastc\" align=\"center\">Por fibra \u00f3tica ou Loop de corrente,<br \/>\ninterfaces para etiquetadores,<br \/>\nimpressoras, PCs, CLPs e SDCD.<br \/>\nFornecimento opcional.<\/td>\n<\/tr>\n<tr>\n<td class=\"tabLinhaAzul02 firstc\" align=\"center\">Aprova\u00e7\u00e3o para \u00e1reas classificadas<\/td>\n<td class=\"tabLinhaVerde02\" align=\"center\">&#8211;<\/td>\n<td class=\"tabLinhaVerde02\" align=\"center\">&#8211;<\/td>\n<td class=\"tabLinhaVerde02 lastc\" align=\"center\">Zona 1\/21 &#8211; Divis\u00e3o 1<\/td>\n<\/tr>\n<\/tbody>\n<\/table>\n<p><em>(*) A recarga da bateria \u00e9 realizada pelo pr\u00f3prio indicador de peso.<\/em><br \/>\n<em>(**) A recarga da bateria \u00e9 realizada por um recarregador externo fornecido com a balan\u00e7a.<br \/>\n<\/em><\/p>\n<table class=\"padrao\" border=\"0\" summary=\"PL-3000 BYG - Tabela de Especifica\u00e7\u00f5es T\u00e9cnicas\" cellspacing=\"0\" cellpadding=\"0\">\n<tbody>\n<tr>\n<td class=\"tabLinhaAzul00 linhaVerde firstc\" align=\"center\">Capacidade<\/td>\n<td class=\"tabLinhaAzul00 linhaVerde\" align=\"center\">Sensibilidade de contagem (*) (g)<\/td>\n<td class=\"tabLinhaAzul00 linhaVerde\" align=\"center\">Indicador de Peso<\/td>\n<td class=\"tabLinhaAzul00 linhaVerde lastc\" align=\"center\">Estrutura<\/td>\n<\/tr>\n<tr>\n<td class=\"tabLinhaVerde01 firstc\" align=\"center\">1.000 kg x 0,5 kg<br \/>\n(at\u00e9 500 kg a divis\u00e3o \u00e9 200 g)<\/td>\n<td class=\"tabLinhaVerde02\" rowspan=\"4\" align=\"center\">&#8211;<\/td>\n<td class=\"tabLinhaVerde01\" rowspan=\"2\" align=\"center\">9096H<\/td>\n<td class=\"tabLinhaVerde02 lastc\" rowspan=\"4\" align=\"center\">A\u00e7o carbono pintado de laranja<br \/>\nA\u00e7o carbono galvanizado e pintado de alum\u00ednio<br \/>\nA\u00e7o inox AISI-304 escovado (**)<br \/>\nA\u00e7o inox AISI-304 polido (**)<\/td>\n<\/tr>\n<tr>\n<td class=\"tabLinhaVerde02 lastc firstc\" align=\"center\">2.000 kg x 1 kg<br \/>\n(at\u00e9 1.000 kg a divis\u00e3o \u00e9 500 g<\/td>\n<\/tr>\n<tr>\n<td class=\"tabLinhaVerde01 firstc\" align=\"center\">1.000 kg x 500 g<\/td>\n<td class=\"tabLinhaVerde02 lastc\" rowspan=\"2\" align=\"center\">IND226x<\/td>\n<\/tr>\n<tr>\n<td class=\"tabLinhaVerde02 lastc firstc\" align=\"center\">2.000 kg x 1 kg<\/td>\n<\/tr>\n<tr>\n<td class=\"tabLinhaVerde01 firstc\" align=\"center\">1.000 kg x 500 g<\/td>\n<td class=\"tabLinhaVerde01\" align=\"center\">50 g<\/td>\n<td class=\"tabLinhaVerde01\" rowspan=\"2\" align=\"center\">9098CT<\/td>\n<td class=\"tabLinhaVerde01 lastc\" rowspan=\"2\" align=\"center\">A\u00e7o carbono pintado de laranja<br \/>\nA\u00e7o carbono galvanizado e pintado de alum\u00ednio<\/td>\n<\/tr>\n<tr>\n<td class=\"tabLinhaVerde02 firstc\" align=\"center\">2.000 kg x 1 kg<\/td>\n<td class=\"tabLinhaVerde02 lastc\" align=\"center\">100 g<\/td>\n<\/tr>\n<\/tbody>\n<\/table>\n<p><em>(*) Sensibilidade de contagem \u00e9 o menor peso que uma pe\u00e7a deve ter para ocasionar mudan\u00e7a de uma unidade no n\u00famero de pe\u00e7as no display da balan\u00e7a.<\/em><br \/>\n<em>(**) Somente a parte externa. Demais, de a\u00e7o carbono zincado e pintado de alum\u00ednio.<\/em><\/p>\n<table class=\"padrao\" border=\"0\" cellspacing=\"0\" cellpadding=\"0\">\n<tbody>\n<tr>\n<td class=\"tabLinhaAzul00 lastc firstc\" colspan=\"2\" bgcolor=\"#1a67ae\">Dimens\u00f5es (mm)<\/td>\n<\/tr>\n<tr>\n<td class=\"lastc firstc\" colspan=\"2\" align=\"center\"><img loading=\"lazy\" decoding=\"async\" src=\"https:\/\/www.toledobrasil.com.br\/app\/webroot\/img\/upload\/produtos\/pl3000\/dimensao01[1].jpg\" alt=\"\" width=\"409\" height=\"332\" \/><\/td>\n<\/tr>\n<tr>\n<td class=\"tabLinhaAzul00 firstc\" bgcolor=\"#1a67ae\">PBR<\/td>\n<td class=\"tabLinhaAzul00 lastc\" bgcolor=\"#1a67ae\">Europeu<\/td>\n<\/tr>\n<tr>\n<td class=\"firstc\" align=\"center\"><img loading=\"lazy\" decoding=\"async\" src=\"https:\/\/www.toledobrasil.com.br\/app\/webroot\/img\/upload\/produtos\/pl3000\/dimensao02[1].jpg\" alt=\"\" width=\"166\" height=\"325\" \/><\/td>\n<td class=\"lastc\" align=\"center\"><img loading=\"lazy\" decoding=\"async\" src=\"https:\/\/www.toledobrasil.com.br\/app\/webroot\/img\/upload\/produtos\/pl3000\/dimensao03[1].jpg\" alt=\"\" width=\"138\" height=\"328\" \/><\/td>\n<\/tr>\n<\/tbody>\n<\/table>\n<\/article>\n<\/article>\n","protected":false},"excerpt":{"rendered":"<p>PL-3000 &#8211; Balan\u00e7a Eletr\u00f4nica Transpaleteira A Toledo do Brasil apresenta sua solu\u00e7\u00e3o para pesagem de cargas paletizadas no pr\u00f3prio local de armazenagem. Trata-se da Balan\u00e7a Eletr\u00f4nica<span class=\"excerpt-hellip\"> [\u2026]<\/span><\/p>\n","protected":false},"featured_media":3458,"comment_status":"open","ping_status":"closed","template":"","meta":{"_joinchat":[]},"product_brand":[],"product_cat":[64,62,65,63,47,48,66],"product_tag":[],"class_list":{"0":"post-3457","1":"product","2":"type-product","3":"status-publish","4":"has-post-thumbnail","6":"product_cat-balancas-para-o-agronegocio","7":"product_cat-classes-de-produtos","8":"product_cat-balacas-para-empresas-de-engenharia","9":"product_cat-balancas-industriais","10":"product_cat-marcas","11":"product_cat-toledo-do-brasil","12":"product_cat-balancas-para-transporte-e-logistica","13":"pa_capacidade-750kg-a-1t","15":"first","16":"instock","17":"shipping-taxable","18":"product-type-simple"},"_links":{"self":[{"href":"https:\/\/mblbalancas.com.br\/site\/wp-json\/wp\/v2\/product\/3457","targetHints":{"allow":["GET"]}}],"collection":[{"href":"https:\/\/mblbalancas.com.br\/site\/wp-json\/wp\/v2\/product"}],"about":[{"href":"https:\/\/mblbalancas.com.br\/site\/wp-json\/wp\/v2\/types\/product"}],"replies":[{"embeddable":true,"href":"https:\/\/mblbalancas.com.br\/site\/wp-json\/wp\/v2\/comments?post=3457"}],"wp:featuredmedia":[{"embeddable":true,"href":"https:\/\/mblbalancas.com.br\/site\/wp-json\/wp\/v2\/media\/3458"}],"wp:attachment":[{"href":"https:\/\/mblbalancas.com.br\/site\/wp-json\/wp\/v2\/media?parent=3457"}],"wp:term":[{"taxonomy":"product_brand","embeddable":true,"href":"https:\/\/mblbalancas.com.br\/site\/wp-json\/wp\/v2\/product_brand?post=3457"},{"taxonomy":"product_cat","embeddable":true,"href":"https:\/\/mblbalancas.com.br\/site\/wp-json\/wp\/v2\/product_cat?post=3457"},{"taxonomy":"product_tag","embeddable":true,"href":"https:\/\/mblbalancas.com.br\/site\/wp-json\/wp\/v2\/product_tag?post=3457"}],"curies":[{"name":"wp","href":"https:\/\/api.w.org\/{rel}","templated":true}]}}