{"id":3459,"date":"2015-01-19T16:32:01","date_gmt":"2015-01-19T18:32:01","guid":{"rendered":"https:\/\/mblbalancas.com.br\/site\/?post_type=product&#038;p=3459"},"modified":"2015-01-19T16:32:01","modified_gmt":"2015-01-19T18:32:01","slug":"balanca-toledo-pl-3000-com-carrinho-paletrans","status":"publish","type":"product","link":"https:\/\/mblbalancas.com.br\/site\/produto\/balanca-toledo-pl-3000-com-carrinho-paletrans\/","title":{"rendered":"Balan\u00e7a Toledo PL-3000 com Carrinho Paletrans"},"content":{"rendered":"<article>\n<h3><strong>PL-3000 &#8211; Balan\u00e7a Eletr\u00f4nica Transpaleteira<\/strong><\/h3>\n<p>A Toledo do Brasil apresenta sua solu\u00e7\u00e3o para pesagem de cargas paletizadas no pr\u00f3prio local de armazenagem. Trata-se da Balan\u00e7a Eletr\u00f4nica Transpaleteira Modelo PL-3000, que possui sensores de peso (c\u00e9lulas de carga) e indica\u00e7\u00e3o eletr\u00f4nica digital. Veja a seguir as caracter\u00edsticas e benef\u00edcios que ela oferece.<\/p>\n<p>&nbsp;<\/p>\n<h4><strong>POR QUE PESAR NO PR\u00d3PRIO LOCAL DE ARMAZENAGEM?<\/strong><\/h4>\n<p>Isto possibilita, principalmente:<\/p>\n<ul class=\"listaGeral\">\n<li class=\"firstc\">Enorme economia de tempo de opera\u00e7\u00e3o. Imagine ter que levar 50 paletes de 1500 kg cada para serem pesados em uma balan\u00e7a de piso instalada a 50 metros do local de armazenagem. A PL-3000 vai at\u00e9 os paletes.<\/li>\n<li class=\"lastc\">Redu\u00e7\u00e3o consider\u00e1vel de doen\u00e7as profissionais ou acidentes, com pessoas ou nos produtos, causados pelo manuseio (transporte) de cargas muito pesadas. A PL-3000 praticamente acaba com isto, pois este manuseio \u00e9 drasticamente reduzido.<\/li>\n<\/ul>\n<p>&nbsp;<\/p>\n<h4><strong>TRANSPALETEIRAS<\/strong><\/h4>\n<ul class=\"listaGeral\">\n<li class=\"firstc\">Modelos especialmente desenvolvidos para a Toledo do Brasil pela Paletrans, uma das maiores fabricantes de transpaleteiras do Brasil.<\/li>\n<li>Possuem dirigibilidade de 180\u00ba, com rod\u00edzios fabricados de nylon PL-3000 com carrinho Paletrans &#8211; Balan\u00e7a Eletr\u00f4nica Transpaleteirarevestido de poliuretano.<\/li>\n<li>Podem ser fornecidos para pesagem de paletes padr\u00e3o Brasil &#8211; PBR (1 m x 1,20 m) e Europeu (0,80 m x 1,20m).<\/li>\n<li class=\"lastc\">Constru\u00e7\u00e3o: a\u00e7o carbono pintado de azul.<\/li>\n<\/ul>\n<p>&nbsp;<\/p>\n<h4><strong>SENSORES DE PESO (C\u00c9LULAS DE CARGA)<\/strong><\/h4>\n<p>Fabricados de a\u00e7o especial, possuem grau de prote\u00e7\u00e3o IP-68 (prote\u00e7\u00e3o total contra penetra\u00e7\u00e3o de p\u00f3 e imers\u00e3o em \u00e1gua).<\/p>\n<p>&nbsp;<\/p>\n<h4><strong>INDICA\u00c7\u00c3O ELETR\u00d4NICA<\/strong><\/h4>\n<p>A PL-3000 Paletrans \u00e9 fornecida com indica\u00e7\u00e3o eletr\u00f4nica 9098CT para uso geral.<\/p>\n<p>&nbsp;<\/p>\n<h4><strong>OPCIONAIS<\/strong><\/h4>\n<ul class=\"listaGeral\">\n<li class=\"lastc firstc\">Recarregador externo de bateria.<\/li>\n<\/ul>\n<p>&nbsp;<\/p>\n<p>&nbsp;<\/p>\n<h3><strong>Caracter\u00edsticas e Benef\u00edcios<\/strong><\/h3>\n<h4>Por que pesar no pr\u00f3prio local de armazenagem?<\/h4>\n<p>Isto possibilita, principalmente:<\/p>\n<ul class=\"listaGeral\">\n<li class=\"firstc\">Enorme economia de tempo de opera\u00e7\u00e3o. Imagine ter que levar 50 paletes de 1500 Kg cada para serem pesado em uma balan\u00e7a de piso instalada a 50 metros do local de armazenagem. A PL-3000 vai at\u00e9 os paletes.<\/li>\n<li class=\"lastc\">Redu\u00e7\u00e3o consider\u00e1vel de doen\u00e7as profissionais ou acidentes, com pessoas ou nos produtos, causados pelo manuseio (transporte) de cargas muito pesadas. A PL-3000 praticamente acaba com isto, pois este manuseio \u00e9 drasticamente reduzido.<\/li>\n<\/ul>\n<p>&nbsp;<\/p>\n<h4><strong>Transpaleteiras<\/strong><\/h4>\n<p>Modelos especialmente desenvolvidos para a Toledo do Brasil pela Paletrans, uma das maiores fabricantes de transpaleteiras do Brasil.<\/p>\n<ul class=\"listaGeral\">\n<li class=\"firstc\">Possui dirigibilidade de 180\u00ba, com rod\u00edzios dianteiros fabricados de nylon e traseiros de a\u00e7o revestido de poliuretano.<\/li>\n<li>Podem ser fornecidos para pesagem de paletes padr\u00e3o Brasil \u2013 PBR (1 m x 1,20 m) e Europeu (0,80 m x 1,20m).<\/li>\n<li class=\"lastc\">Constru\u00e7\u00e3o: a\u00e7o carbono pintado de azul.<\/li>\n<\/ul>\n<p>&nbsp;<\/p>\n<h4><strong>Sensores de peso (C\u00e9lulas de carga)<\/strong><\/h4>\n<p>Fabricados de a\u00e7o especial, possuem grau de prote\u00e7\u00e3o IP-68 (prote\u00e7\u00e3o total contra penetra\u00e7\u00e3o de p\u00f3 e imers\u00e3o em \u00e1gua).<\/p>\n<p>&nbsp;<\/p>\n<h3><strong>Indica\u00e7\u00e3o Eletr\u00f4nica<\/strong><\/h3>\n<p>A PL-3000 Paletrans \u00e9 fornecida com indica\u00e7\u00e3o eletr\u00f4nica 9098CT para uso geral.<\/p>\n<h4>Opcionais<\/h4>\n<p>Recarregador externo de bateria.<\/p>\n<table class=\"padrao\" border=\"0\" summary=\"&lt;?= $produto['nome'] ?&gt; - Tabela de Caracter\u00edsticas\" cellspacing=\"0\" cellpadding=\"0\">\n<tbody>\n<tr>\n<th class=\"tabLinhaAzul00 linhaVerde\" align=\"center\">Caracter\u00edsiticas<\/th>\n<th class=\"tabLinhaAzul00 linhaVerde\" align=\"center\">9098CT<\/th>\n<\/tr>\n<tr>\n<td class=\"tabLinhaAzul02 firstc\" align=\"center\">Indicador eletr\u00f4nico<\/td>\n<td class=\"tabLinhaVerde02 lastc\" align=\"center\"><img loading=\"lazy\" decoding=\"async\" title=\"Indicador 9098 CT\" src=\"https:\/\/www.toledobrasil.com.br\/app\/webroot\/img\/upload\/produtos\/9098ct\/9098ct.png\" alt=\"Indicador 9098 CT\" width=\"179\" height=\"144\" \/><\/td>\n<\/tr>\n<tr>\n<td class=\"tabLinhaAzul01 firstc\" align=\"center\">Constru\u00e7\u00e3o<\/td>\n<td class=\"tabLinhaVerde01 lastc\" align=\"center\">Gabinete de pl\u00e1stico ABS pintado de cinza, grau<br \/>\nde prote\u00e7\u00e3o IP-40.<\/td>\n<\/tr>\n<tr>\n<td class=\"tabLinhaAzul02 firstc\" align=\"center\">Alimenta\u00e7\u00e3o el\u00e9trica<\/td>\n<td class=\"tabLinhaVerde02 lastc\" align=\"center\">Externa, 93,5 a 264 VCA de comuta\u00e7\u00e3o<br \/>\nautom\u00e1tica, 50\/60 hz, e bateria externa<br \/>\nrecarreg\u00e1vel*, com autonomia de at\u00e9 50 horas.<\/td>\n<\/tr>\n<tr>\n<td class=\"tabLinhaAzul01 firstc\" align=\"center\">Indica\u00e7\u00e3o digital<\/td>\n<td class=\"tabLinhaVerde01 lastc\" align=\"center\">Display de cristal l\u00edquido, gigante<br \/>\n(26 mm de altura x 12 mm de largura).<\/td>\n<\/tr>\n<tr>\n<td class=\"tabLinhaAzul02 firstc\" align=\"center\">Fun\u00e7\u00f5es<\/td>\n<td class=\"tabLinhaVerde02 lastc\" align=\"center\">Pesagem simples, contagem de pe\u00e7as e<br \/>\nverifica\u00e7\u00e3o de pesos.<\/td>\n<\/tr>\n<tr>\n<td class=\"tabLinhaAzul01 firstc\" align=\"center\">Comunica\u00e7\u00e3o<\/td>\n<td class=\"tabLinhaVerde01 lastc\" align=\"center\">Serial RS-232C para etiquetadores, impressores<br \/>\ne PCs. Ethernet TCP\/IP via cabo e Wlan.<br \/>\nFornecimento opcional.<\/td>\n<\/tr>\n<\/tbody>\n<\/table>\n<p><em>(*) A recarga da bateria \u00e9 realizada pelo pr\u00f3prio indicador de peso.<\/em><\/p>\n<table class=\"padrao\" border=\"0\" summary=\"PL-3000 com carrinho Paletrans - Tabela de Caracter\u00edsticas\" cellspacing=\"0\" cellpadding=\"0\">\n<tbody>\n<tr>\n<th class=\"tabLinhaAzul00 linhaVerde\" align=\"center\">Capacidade<\/th>\n<th class=\"tabLinhaAzul00 linhaVerde\" align=\"center\">Sensibilidade de contagem (*) (g)<\/th>\n<\/tr>\n<tr>\n<td class=\"tabLinhaVerde01 firstc\" align=\"center\">1.000 Kg<\/td>\n<td class=\"tabLinhaVerde01 lastc\" align=\"center\">50 g<\/td>\n<\/tr>\n<tr>\n<td class=\"tabLinhaVerde02 firstc\" align=\"center\">2.000 Kg<\/td>\n<td class=\"tabLinhaVerde02 lastc\" align=\"center\">100 g<\/td>\n<\/tr>\n<\/tbody>\n<\/table>\n<p><em>(*) Sensibilidade de contagem \u00e9 o menor peso que uma pe\u00e7a deve ter para ocasionar mudan\u00e7a de uma unidade no n\u00famero de pe\u00e7as no display da balan\u00e7a.<\/em><\/p>\n<table class=\"padrao\" border=\"0\" cellspacing=\"0\" cellpadding=\"0\">\n<tbody>\n<tr>\n<td class=\"lastc firstc\" colspan=\"2\" align=\"center\">Dimens\u00f5es (mm)<\/td>\n<\/tr>\n<tr>\n<td class=\"lastc firstc\" colspan=\"2\" align=\"center\"><img loading=\"lazy\" decoding=\"async\" src=\"https:\/\/www.toledobrasil.com.br\/app\/webroot\/img\/upload\/03paletrans.png\" alt=\"\" width=\"368\" height=\"246\" \/><\/td>\n<\/tr>\n<tr>\n<td class=\"firstc\" align=\"center\">PBR<\/td>\n<td class=\"lastc\" align=\"center\">Europeu<\/td>\n<\/tr>\n<tr>\n<td class=\"firstc\" align=\"center\"><img loading=\"lazy\" decoding=\"async\" src=\"https:\/\/www.toledobrasil.com.br\/app\/webroot\/img\/upload\/01paletrans.png\" alt=\"\" width=\"218\" height=\"282\" \/><\/td>\n<td class=\"lastc\" align=\"center\"><img loading=\"lazy\" decoding=\"async\" src=\"https:\/\/www.toledobrasil.com.br\/app\/webroot\/img\/upload\/02paletrans.png\" alt=\"\" width=\"218\" height=\"282\" \/><\/td>\n<\/tr>\n<\/tbody>\n<\/table>\n<\/article>\n","protected":false},"excerpt":{"rendered":"<p>PL-3000 &#8211; Balan\u00e7a Eletr\u00f4nica Transpaleteira A Toledo do Brasil apresenta sua solu\u00e7\u00e3o para pesagem de cargas paletizadas no pr\u00f3prio local de armazenagem. Trata-se da Balan\u00e7a Eletr\u00f4nica<span class=\"excerpt-hellip\"> [\u2026]<\/span><\/p>\n","protected":false},"featured_media":3460,"comment_status":"open","ping_status":"closed","template":"","meta":{"_joinchat":[]},"product_brand":[],"product_cat":[64,62,65,63,47,48,66],"product_tag":[],"class_list":{"0":"post-3459","1":"product","2":"type-product","3":"status-publish","4":"has-post-thumbnail","6":"product_cat-balancas-para-o-agronegocio","7":"product_cat-classes-de-produtos","8":"product_cat-balacas-para-empresas-de-engenharia","9":"product_cat-balancas-industriais","10":"product_cat-marcas","11":"product_cat-toledo-do-brasil","12":"product_cat-balancas-para-transporte-e-logistica","13":"pa_capacidade-750kg-a-1t","15":"first","16":"instock","17":"shipping-taxable","18":"product-type-simple"},"_links":{"self":[{"href":"https:\/\/mblbalancas.com.br\/site\/wp-json\/wp\/v2\/product\/3459","targetHints":{"allow":["GET"]}}],"collection":[{"href":"https:\/\/mblbalancas.com.br\/site\/wp-json\/wp\/v2\/product"}],"about":[{"href":"https:\/\/mblbalancas.com.br\/site\/wp-json\/wp\/v2\/types\/product"}],"replies":[{"embeddable":true,"href":"https:\/\/mblbalancas.com.br\/site\/wp-json\/wp\/v2\/comments?post=3459"}],"wp:featuredmedia":[{"embeddable":true,"href":"https:\/\/mblbalancas.com.br\/site\/wp-json\/wp\/v2\/media\/3460"}],"wp:attachment":[{"href":"https:\/\/mblbalancas.com.br\/site\/wp-json\/wp\/v2\/media?parent=3459"}],"wp:term":[{"taxonomy":"product_brand","embeddable":true,"href":"https:\/\/mblbalancas.com.br\/site\/wp-json\/wp\/v2\/product_brand?post=3459"},{"taxonomy":"product_cat","embeddable":true,"href":"https:\/\/mblbalancas.com.br\/site\/wp-json\/wp\/v2\/product_cat?post=3459"},{"taxonomy":"product_tag","embeddable":true,"href":"https:\/\/mblbalancas.com.br\/site\/wp-json\/wp\/v2\/product_tag?post=3459"}],"curies":[{"name":"wp","href":"https:\/\/api.w.org\/{rel}","templated":true}]}}