{"id":3461,"date":"2015-01-19T16:38:47","date_gmt":"2015-01-19T18:38:47","guid":{"rendered":"https:\/\/mblbalancas.com.br\/site\/?post_type=product&#038;p=3461"},"modified":"2015-01-19T16:38:47","modified_gmt":"2015-01-19T18:38:47","slug":"balanca-toledo-prix3-light","status":"publish","type":"product","link":"https:\/\/mblbalancas.com.br\/site\/produto\/balanca-toledo-prix3-light\/","title":{"rendered":"Balan\u00e7a Toledo Prix3 Light"},"content":{"rendered":"<p>A Prix 3 Light faz parte da mais moderna linha de balan\u00e7as computadoras da Toledo. Reune recursos tecnol\u00f3gicos exclusivos, que garantem pesagens confi\u00e1veis (com e sem energia el\u00e9trica), facilidade de opera\u00e7\u00e3o e baixa manuten\u00e7\u00e3o. O modelo foi desenvolvidos especialmente para proporcionar ganho de valor \u00e0s diversas modalidades de pequeno varejo, como mercados, padarias, lojas de conveni\u00eancia, quitandas, feiras livres e estabelecimentos fast-food.<\/p>\n<p>&nbsp;<\/p>\n<h3><strong>Caracter\u00edsticas<\/strong><\/h3>\n<table class=\"padrao\" border=\"0\" cellspacing=\"0\" cellpadding=\"0\">\n<tbody>\n<tr>\n<td class=\"firstc\" rowspan=\"2\"><\/td>\n<td class=\"tabLinhaVerde01 lastc\">Display de Cristal L\u00edquido<\/td>\n<\/tr>\n<tr>\n<td class=\"tabLinhaVerde02 lastc firstc\">O maior da categoria, com 15 mm de altura. Garante excelente visualiza\u00e7\u00e3o e f\u00e1cil leitura dos d\u00edgitos. Economiza at\u00e9 10 vezes mais energia el\u00e9trica em rela\u00e7\u00e3o a outros tipos de display.<\/td>\n<\/tr>\n<tr>\n<td class=\"firstc\" rowspan=\"2\"><\/td>\n<td class=\"tabLinhaVerde01 lastc\">Flexibilidade de Manuseio<\/td>\n<\/tr>\n<tr>\n<td class=\"tabLinhaVerde02 lastc firstc\">Leves e compactas, permitem maior praticidade e facilidade de manuseio em aplica\u00e7\u00f5es itinerantes, como s\u00e3o os casos das feiras livres e com\u00e9rcios de rua.<\/td>\n<\/tr>\n<tr>\n<td class=\"firstc\" rowspan=\"2\"><\/td>\n<td class=\"tabLinhaVerde01 lastc\">Bateria Interna Recarreg\u00e1vel<\/td>\n<\/tr>\n<tr>\n<td class=\"tabLinhaVerde02 lastc firstc\">Possibilita o uso cont\u00ednuo da balan\u00e7a, sem a necessidade de pontos de energia el\u00e9trica, viabilizando a opera\u00e7\u00e3o em feiras livres e com\u00e9rcios de rua.<\/td>\n<\/tr>\n<tr>\n<td class=\"firstc\" rowspan=\"2\"><\/td>\n<td class=\"tabLinhaVerde01 lastc\">Carregador de Bateria Autom\u00e1tico<\/td>\n<\/tr>\n<tr>\n<td class=\"tabLinhaVerde02 lastc firstc\">Na vers\u00e3o com bateria, o recarregamento \u00e9 feito automaticamente ao ligar a balan\u00e7a na rede el\u00e9trica. Indicadores de bateria fraca e carga completa orientam o usu\u00e1rio quanto \u00e0 necessidade de recarga.<\/td>\n<\/tr>\n<tr>\n<td class=\"firstc\" rowspan=\"2\"><\/td>\n<td class=\"tabLinhaVerde01 lastc\">Desligamento Autom\u00e1tico<\/td>\n<\/tr>\n<tr>\n<td class=\"tabLinhaVerde02 lastc firstc\">Na vers\u00e3o com bateria, permite que a balan\u00e7a desligue automaticamente ap\u00f3s um per\u00edodo sem uso, proporcionando economia e autonomia da bateria.<\/td>\n<\/tr>\n<tr>\n<td class=\"firstc\" rowspan=\"2\"><\/td>\n<td class=\"tabLinhaVerde01 lastc\">Fonte Adaptadora Multivoltagem<\/td>\n<\/tr>\n<tr>\n<td class=\"tabLinhaVerde02 lastc firstc\">Permite opera\u00e7\u00e3o em 110 e 220 Vca, corrige flutua\u00e7\u00f5es de tens\u00e3o e frequ\u00eancia da rede el\u00e9trica de forma autom\u00e1tica, dispensando o uso de estabilizadores e chaves de comuta\u00e7\u00e3o de tens\u00e3o.<\/td>\n<\/tr>\n<tr>\n<td class=\"firstc\" rowspan=\"2\"><\/td>\n<td class=\"tabLinhaVerde01 lastc\">Fun\u00e7\u00e3o Pr\u00e9-Empacotamento<\/td>\n<\/tr>\n<tr>\n<td class=\"tabLinhaVerde02 lastc firstc\">Possibilita a fixa\u00e7\u00e3o da tara e do pre\u00e7o por quilo entre as pesagens, agilizando o pr\u00e9-empacotamento de lotes de produtos. Se a balan\u00e7a estiver acoplada \u00e0 impressora 351, a impress\u00e3o de etiquetas ser\u00e1 autom\u00e1tica ap\u00f3s a estabiliza\u00e7\u00e3o do peso.<\/td>\n<\/tr>\n<tr>\n<td class=\"firstc\" rowspan=\"2\"><\/td>\n<td class=\"tabLinhaVerde01 lastc\">Prote\u00e7\u00e3o Contra Interfer\u00eancias e Sobrecarga<\/td>\n<\/tr>\n<tr>\n<td class=\"tabLinhaVerde02 lastc firstc\">Sistema de prote\u00e7\u00e3o contra interfer\u00eancias eletromagn\u00e9ticas e de radiofrequ\u00eancia, conforme normas do Inmetro. Prote\u00e7\u00e3o contra sobrecargas de peso sobre o prato de pesagem, garantindo opera\u00e7\u00f5es precisas e seguras.<\/td>\n<\/tr>\n<tr>\n<td class=\"firstc\" rowspan=\"2\"><\/td>\n<td class=\"tabLinhaVerde01 lastc\">Prato de Pesagem e F\u00e1cil Higieniza\u00e7\u00e3o<\/td>\n<\/tr>\n<tr>\n<td class=\"tabLinhaVerde02 lastc firstc\">Superf\u00edcie em a\u00e7o inoxid\u00e1vel, com ampla \u00e1rea de pesagem que permite f\u00e1cil higieniza\u00e7\u00e3o.<\/td>\n<\/tr>\n<tr>\n<td class=\"firstc\" rowspan=\"2\"><\/td>\n<td class=\"tabLinhaVerde01 lastc\">Teclado de F\u00e1cil Digita\u00e7\u00e3o<\/td>\n<\/tr>\n<tr>\n<td class=\"tabLinhaVerde02 lastc firstc\">Constitu\u00eddo de m\u00faltiplas camadas de material pl\u00e1stico, forma uma unidade selada, dispensando prote\u00e7\u00f5es adicionais.<\/td>\n<\/tr>\n<tr>\n<td class=\"firstc\" rowspan=\"2\"><\/td>\n<td class=\"tabLinhaVerde01 lastc\">Gabinate de Pl\u00e1stico ABS<\/td>\n<\/tr>\n<tr>\n<td class=\"tabLinhaVerde02 lastc firstc\">Injetado, em cor branca. Proporciona acabamento de excelente qualidade e alt\u00edssima durabilidade.<\/td>\n<\/tr>\n<tr>\n<td class=\"firstc\" rowspan=\"2\"><\/td>\n<td class=\"tabLinhaVerde01 lastc\">Sa\u00edda de DadosS<\/td>\n<\/tr>\n<tr>\n<td class=\"tabLinhaVerde02 lastc firstc\">Na vers\u00e3o com sa\u00edda RS-232C, permite a transfer\u00eancia dos dados da transa\u00e7\u00e3o de venda a dispositivos externos de automa\u00e7\u00e3o ou de registro de dados.<br \/>\n<strong>&#8211; Automa\u00e7\u00e3o comercial<\/strong><br \/>\nProtocolos de comunica\u00e7\u00e3o extremamente amig\u00e1veis permitem f\u00e1cil integra\u00e7\u00e3o com aplica\u00e7\u00f5es comerciais.<br \/>\n\u00c9 compat\u00edvel com diversos microterminais, ECF-PDV, ECF-MR e sistemas de automa\u00e7\u00e3o, dispon\u00edveis para o mercado varejista.<br \/>\n<strong>&#8211; Registro dos dados da transa\u00e7\u00e3o<\/strong><br \/>\nQuando ligada \u00e0 impressora matricial modelo 351, da Toledo, permite o registro r\u00e1pido dos dados da transa\u00e7\u00e3o em etiquetas autoadesivas.<\/td>\n<\/tr>\n<\/tbody>\n<\/table>\n<h3><\/h3>\n<h3><strong>Especifica\u00e7\u00f5es t\u00e9cnicas<\/strong><\/h3>\n<table class=\"padrao\" border=\"0\" summary=\"&lt;?= $produto['nome'] ?&gt; - Tabela de Especifica\u00e7\u00f5es T\u00e9cnicas\" cellspacing=\"0\" cellpadding=\"0\">\n<tbody>\n<tr>\n<th class=\"tabLinhaAzul00 linhaVerde\" align=\"center\">Especifica\u00e7\u00f5es<\/th>\n<th class=\"tabLinhaAzul00 linhaVerde\" align=\"center\">Prix 3 Light<\/th>\n<\/tr>\n<tr>\n<td class=\"tabLinhaAzul02 firstc\" align=\"center\" width=\"24%\">Capacidade de pesagem<\/td>\n<td class=\"tabLinhaVerde02 lastc\" align=\"center\">15kg x 5g<\/td>\n<\/tr>\n<tr>\n<td class=\"tabLinhaAzul01 firstc\" rowspan=\"3\" align=\"center\">Prato de pesagem<\/td>\n<td class=\"tabLinhaVerde01 lastc\" align=\"center\">A\u00e7o inoxid\u00e1vel com suporte pl\u00e1stico<\/td>\n<\/tr>\n<tr>\n<td class=\"tabLinhaVerde01 lastc firstc\" align=\"center\">Plano<\/td>\n<\/tr>\n<tr>\n<td class=\"tabLinhaVerde01 lastc firstc\" align=\"center\">\u00c1rea de pesagem de 675 cm\u00b2<\/td>\n<\/tr>\n<tr>\n<td class=\"tabLinhaAzul02 firstc\" rowspan=\"3\" align=\"center\">Bateria<\/td>\n<td class=\"tabLinhaVerde02 lastc\" align=\"center\">Autonomia para at\u00e9 200 h<\/td>\n<\/tr>\n<tr>\n<td class=\"tabLinhaVerde02 lastc firstc\" align=\"center\">Interna recarreg\u00e1vel e remov\u00edvel<\/td>\n<\/tr>\n<tr>\n<td class=\"tabLinhaVerde02 lastc firstc\" align=\"center\">Desligamento autom\u00e1tico ap\u00f3s 1 h sem uso.<\/td>\n<\/tr>\n<tr>\n<td class=\"tabLinhaAzul01 firstc\" align=\"center\">Prato tipo bandeja<\/td>\n<td class=\"tabLinhaVerde01 lastc\" align=\"center\">&#8211;<\/td>\n<\/tr>\n<tr>\n<td class=\"tabLinhaAzul02 firstc\" align=\"center\">Display<\/td>\n<td class=\"tabLinhaVerde01 lastc\" align=\"center\">LCD, com backlight<\/td>\n<\/tr>\n<tr>\n<td class=\"tabLinhaAzul01 firstc\" align=\"center\">Acumulador di\u00e1rio de pre\u00e7o<\/td>\n<td class=\"tabLinhaVerde02 lastc\" align=\"center\">N\u00e3o<\/td>\n<\/tr>\n<tr>\n<td class=\"tabLinhaAzul02 firstc\" align=\"center\">Comercializa\u00e7\u00e3o de produtos<\/td>\n<td class=\"tabLinhaVerde01 lastc\" align=\"center\">Somente por peso<\/td>\n<\/tr>\n<tr>\n<td class=\"tabLinhaAzul01 firstc\" align=\"center\">Formatos de impress\u00e3o<\/td>\n<td class=\"tabLinhaVerde02 lastc\" align=\"center\">\n<p class=\"lastc firstc\">64 mm (L) x 18 mm (A) Peso (bruto ou l\u00edquido) &#8211; Pre\u00e7o\/kg &#8211; Total a pagar R$<br \/>\n<img loading=\"lazy\" decoding=\"async\" src=\"https:\/\/www.toledobrasil.com.br\/app\/webroot\/img\/upload\/etiqueta1a.jpg\" alt=\"\" width=\"293\" height=\"85\" \/><\/p>\n<\/td>\n<\/tr>\n<\/tbody>\n<\/table>\n<table class=\"padrao\" border=\"0\" summary=\"&lt;?= $produto['nome'] ?&gt; - Tabela de Especifica\u00e7\u00f5es T\u00e9cnicas\" cellspacing=\"0\" cellpadding=\"0\">\n<tbody>\n<tr>\n<th class=\"tabLinhaAzul00\" colspan=\"6\" align=\"center\">Prix 3 Light<\/th>\n<\/tr>\n<tr>\n<th align=\"center\"><\/th>\n<th align=\"center\"><\/th>\n<th class=\"tabLinhaAzul00\" align=\"center\">Standard<\/th>\n<th class=\"tabLinhaAzul00\" colspan=\"2\" align=\"center\">Bateria<\/th>\n<\/tr>\n<tr>\n<td class=\"tabLinhaAzul01 firstc\" rowspan=\"6\" align=\"center\">Alimenta\u00e7\u00e3o<\/td>\n<td class=\"tabLinhaAzul01\" align=\"center\">Tipo<\/td>\n<td class=\"tabLinhaVerde01 lastc\" colspan=\"3\" align=\"center\">Adaptador de parede multivoltagem<\/td>\n<\/tr>\n<tr>\n<td class=\"tabLinhaAzul01 firstc\" align=\"center\">Tens\u00e3o de entrada<\/td>\n<td class=\"tabLinhaVerde01 lastc\" colspan=\"3\" align=\"center\">100 a 240 Vca<\/td>\n<\/tr>\n<tr>\n<td class=\"tabLinhaAzul01 firstc\" align=\"center\">Tens\u00e3o de sa\u00edda<\/td>\n<td class=\"tabLinhaVerde01 lastc\" colspan=\"3\" align=\"center\">7,7 Vcc<\/td>\n<\/tr>\n<tr>\n<td class=\"tabLinhaAzul01 firstc\" align=\"center\">Corrente de sa\u00edda<\/td>\n<td class=\"tabLinhaVerde01 lastc\" colspan=\"3\" align=\"center\">1 A<\/td>\n<\/tr>\n<tr>\n<td class=\"tabLinhaAzul01 firstc\" align=\"center\">Frequ\u00eancia<\/td>\n<td class=\"tabLinhaVerde01 lastc\" colspan=\"3\" align=\"center\">50 \u2013 60 Hz<\/td>\n<\/tr>\n<tr>\n<td class=\"tabLinhaAzul01 firstc\" align=\"center\">Consumo<\/td>\n<td class=\"tabLinhaVerde01 lastc\" colspan=\"3\" align=\"center\">1,2 a 13,6 W<\/td>\n<\/tr>\n<tr>\n<td class=\"tabLinhaAzul02 firstc\" colspan=\"2\" align=\"center\">Temperatura de opera\u00e7\u00e3o<\/td>\n<td class=\"tabLinhaVerde02 lastc\" colspan=\"3\" align=\"center\">-10\u00b0C a 40\u00b0C<\/td>\n<\/tr>\n<tr>\n<td class=\"tabLinhaAzul02 firstc\" colspan=\"2\" align=\"center\">Umidade<\/td>\n<td class=\"tabLinhaVerde02 lastc\" colspan=\"3\" align=\"center\">10 a 95%, sem condensa\u00e7\u00e3o<\/td>\n<\/tr>\n<tr>\n<td class=\"tabLinhaAzul02 firstc\" colspan=\"2\" align=\"center\">Teclado<\/td>\n<td class=\"tabLinhaVerde02 lastc\" colspan=\"3\" align=\"center\">Em policarbonato resistente \u00e0 poeira<\/td>\n<\/tr>\n<tr>\n<td class=\"tabLinhaAzul02 firstc\" rowspan=\"3\" align=\"center\">Dimens\u00f5es da balan\u00e7a<\/td>\n<td class=\"tabLinhaAzul02\" align=\"center\">Largura<\/td>\n<td class=\"tabLinhaVerde02 lastc\" colspan=\"3\" align=\"center\">313 mm<\/td>\n<\/tr>\n<tr>\n<td class=\"tabLinhaAzul02 firstc\" align=\"center\">Altura<\/td>\n<td class=\"tabLinhaVerde02 lastc\" colspan=\"3\" align=\"center\">120 mm<\/td>\n<\/tr>\n<tr>\n<td class=\"tabLinhaAzul02 firstc\" align=\"center\">Profundidade<\/td>\n<td class=\"tabLinhaVerde02 lastc\" colspan=\"3\" align=\"center\">355 mm<\/td>\n<\/tr>\n<tr>\n<td class=\"tabLinhaAzul01 firstc\" rowspan=\"3\" align=\"center\">Dimens\u00f5es do prato de pesagem<\/td>\n<td class=\"tabLinhaAzul01\" align=\"center\">Largura<\/td>\n<td class=\"tabLinhaVerde01 lastc\" colspan=\"3\" align=\"center\">286 mm<\/td>\n<\/tr>\n<tr>\n<td class=\"tabLinhaAzul01 firstc\" align=\"center\">Altura<\/td>\n<td class=\"tabLinhaVerde01 lastc\" colspan=\"3\" align=\"center\">12 mm<\/td>\n<\/tr>\n<tr>\n<td class=\"tabLinhaAzul01 firstc\" align=\"center\">Profundidade<\/td>\n<td class=\"tabLinhaVerde01 lastc\" colspan=\"3\" align=\"center\">236 mm<\/td>\n<\/tr>\n<tr>\n<td class=\"tabLinhaAzul02 firstc\" rowspan=\"3\" align=\"center\">Display<\/td>\n<td class=\"tabLinhaAzul02\" align=\"center\">Tipo<\/td>\n<td class=\"tabLinhaVerde02 lastc\" colspan=\"3\" align=\"center\">Cristal l\u00edquido com 17 d\u00edgitos<\/td>\n<\/tr>\n<tr>\n<td class=\"tabLinhaAzul02 firstc\" align=\"center\">\u00c1rea de visualiza\u00e7\u00e3o<\/td>\n<td class=\"tabLinhaVerde02 lastc\" colspan=\"3\" align=\"center\">57,0 mm (L) x 20,0 mm (A)<\/td>\n<\/tr>\n<tr>\n<td class=\"tabLinhaAzul02 firstc\" align=\"center\">Dimens\u00e3o dos d\u00edgitos<\/td>\n<td class=\"tabLinhaVerde02 lastc\" colspan=\"3\" align=\"center\">6,0 mm (L) x 15,0 mm (A)<\/td>\n<\/tr>\n<tr>\n<td class=\"tabLinhaAzul01 firstc\" colspan=\"2\" align=\"center\">Gabinete<\/td>\n<td class=\"tabLinhaVerde01 lastc\" colspan=\"3\" align=\"center\">Em pl\u00e1stico ABS, cor branca<\/td>\n<\/tr>\n<tr>\n<td class=\"tabLinhaAzul02 firstc\" colspan=\"2\" align=\"center\">Inmetro<\/td>\n<td class=\"tabLinhaVerde02 lastc\" colspan=\"3\" align=\"center\">Em conformidade com a portaria 236\/94 e classe III<\/td>\n<\/tr>\n<\/tbody>\n<\/table>\n","protected":false},"excerpt":{"rendered":"<p>A Prix 3 Light faz parte da mais moderna linha de balan\u00e7as computadoras da Toledo. Reune recursos tecnol\u00f3gicos exclusivos, que garantem pesagens confi\u00e1veis (com e sem<span class=\"excerpt-hellip\"> [\u2026]<\/span><\/p>\n","protected":false},"featured_media":3462,"comment_status":"open","ping_status":"closed","template":"","meta":{"_joinchat":[]},"product_brand":[],"product_cat":[62,47,48,67],"product_tag":[],"class_list":{"0":"post-3461","1":"product","2":"type-product","3":"status-publish","4":"has-post-thumbnail","6":"product_cat-classes-de-produtos","7":"product_cat-marcas","8":"product_cat-toledo-do-brasil","9":"product_cat-balancas-para-o-varejo-e-o-atacado","10":"pa_capacidade-10kg-a-15kg","12":"first","13":"instock","14":"shipping-taxable","15":"product-type-simple"},"_links":{"self":[{"href":"https:\/\/mblbalancas.com.br\/site\/wp-json\/wp\/v2\/product\/3461","targetHints":{"allow":["GET"]}}],"collection":[{"href":"https:\/\/mblbalancas.com.br\/site\/wp-json\/wp\/v2\/product"}],"about":[{"href":"https:\/\/mblbalancas.com.br\/site\/wp-json\/wp\/v2\/types\/product"}],"replies":[{"embeddable":true,"href":"https:\/\/mblbalancas.com.br\/site\/wp-json\/wp\/v2\/comments?post=3461"}],"wp:featuredmedia":[{"embeddable":true,"href":"https:\/\/mblbalancas.com.br\/site\/wp-json\/wp\/v2\/media\/3462"}],"wp:attachment":[{"href":"https:\/\/mblbalancas.com.br\/site\/wp-json\/wp\/v2\/media?parent=3461"}],"wp:term":[{"taxonomy":"product_brand","embeddable":true,"href":"https:\/\/mblbalancas.com.br\/site\/wp-json\/wp\/v2\/product_brand?post=3461"},{"taxonomy":"product_cat","embeddable":true,"href":"https:\/\/mblbalancas.com.br\/site\/wp-json\/wp\/v2\/product_cat?post=3461"},{"taxonomy":"product_tag","embeddable":true,"href":"https:\/\/mblbalancas.com.br\/site\/wp-json\/wp\/v2\/product_tag?post=3461"}],"curies":[{"name":"wp","href":"https:\/\/api.w.org\/{rel}","templated":true}]}}