{"id":3464,"date":"2015-01-19T16:50:33","date_gmt":"2015-01-19T18:50:33","guid":{"rendered":"https:\/\/mblbalancas.com.br\/site\/?post_type=product&#038;p=3464"},"modified":"2015-01-19T16:51:12","modified_gmt":"2015-01-19T18:51:12","slug":"balanca-toledo-prix-3-ultra","status":"publish","type":"product","link":"https:\/\/mblbalancas.com.br\/site\/produto\/balanca-toledo-prix-3-ultra\/","title":{"rendered":"Balan\u00e7a Toledo Prix 3 Ultra"},"content":{"rendered":"<p>A Prix 3 Ultra faz parte da mais moderna linha de balan\u00e7as computadoras da Toledo. Re\u00fane recursos tecnol\u00f3gicos exclusivos, que garante pesagens confi\u00e1veis (com e sem energia el\u00e9trica), facilidade de opera\u00e7\u00e3o e baixa manuten\u00e7\u00e3o. Foi desenvolvida especialmente para proporcionar ganho de valor \u00e0s diversas modalidades de pequeno varejo, como mercados, padarias, lojas de conveni\u00eancia, quitandas, feiras livres e estabelecimentos fast-food. Bonita, compacta e com design moderno, se integra perfeitamente em qualquer ambiente de loja.<\/p>\n<p>&nbsp;<\/p>\n<table class=\"padrao\" border=\"0\" cellspacing=\"0\" cellpadding=\"0\">\n<tbody>\n<tr>\n<td class=\"firstc\" rowspan=\"2\"><\/td>\n<td class=\"tabLinhaVerde01 lastc\">Display de Cristal L\u00edquido<\/td>\n<\/tr>\n<tr>\n<td class=\"tabLinhaVerde02 lastc firstc\">O maior da categoria, com 15 mm, garante excelente visualiza\u00e7\u00e3o e f\u00e1cil leitura dos d\u00edgitos. Economiza at\u00e9 10 vezes mais energia el\u00e9trica em rela\u00e7\u00e3o a outros tipos de display.<\/td>\n<\/tr>\n<tr>\n<td class=\"firstc\" rowspan=\"2\"><\/td>\n<td class=\"tabLinhaVerde01 lastc\">Flexibilidade de Manuseio<\/td>\n<\/tr>\n<tr>\n<td class=\"tabLinhaVerde02 lastc firstc\">Leve e compacta, permite maior praticidade e facilidade de manuseio em aplica\u00e7\u00f5es itinerantes, como s\u00e3o os casos das feiras livres e com\u00e9rcios de rua.<\/td>\n<\/tr>\n<tr>\n<td class=\"firstc\" rowspan=\"2\"><\/td>\n<td class=\"tabLinhaVerde01 lastc\">Bateria Interna Recarreg\u00e1vel<\/td>\n<\/tr>\n<tr>\n<td class=\"tabLinhaVerde02 lastc firstc\">Possibilita o uso cont\u00ednuo da balan\u00e7a, sem a necessidade de pontos de energia el\u00e9trica, viabilizando a opera\u00e7\u00e3o em feiras livres e com\u00e9rcios de rua.<\/td>\n<\/tr>\n<tr>\n<td class=\"firstc\" rowspan=\"2\"><\/td>\n<td class=\"tabLinhaVerde01 lastc\">Carregador de Bateria Autom\u00e1tico<\/td>\n<\/tr>\n<tr>\n<td class=\"tabLinhaVerde02 lastc firstc\">Com carregador embutido, permite que a bateria seja recarregada automaticamente ao ligar a balan\u00e7a na rede el\u00e9trica. Indicadores de bateria fraca e carregada orientam o usu\u00e1rio quanto \u00e0 necessidade de recarga.<\/td>\n<\/tr>\n<tr>\n<td class=\"firstc\" rowspan=\"2\"><\/td>\n<td class=\"tabLinhaVerde01 lastc\">Desligamento Autom\u00e1tico<\/td>\n<\/tr>\n<tr>\n<td class=\"tabLinhaVerde02 lastc firstc\">Permite que a balan\u00e7a desligue automaticamente ap\u00f3s um per\u00edodo selecion\u00e1vel sem uso, proporcionando economia e autonomia da bateria.<\/td>\n<\/tr>\n<tr>\n<td class=\"firstc\" rowspan=\"2\"><\/td>\n<td class=\"tabLinhaVerde01 lastc\">Fonte Adaptadora Multivoltagem<\/td>\n<\/tr>\n<tr>\n<td class=\"tabLinhaVerde02 lastc firstc\">Permite opera\u00e7\u00e3o em 110 e 220 Vca, corrige flutua\u00e7\u00f5es de tens\u00e3o e frequ\u00eancia da rede el\u00e9trica de forma autom\u00e1tica, dispensando o uso de estabilizadores e chaves de comuta\u00e7\u00e3o de tens\u00e3o.<\/td>\n<\/tr>\n<tr>\n<td class=\"firstc\" rowspan=\"2\"><\/td>\n<td class=\"tabLinhaVerde01 lastc\">Prote\u00e7\u00e3o contra interfer\u00eancias e sobrecargas<\/td>\n<\/tr>\n<tr>\n<td class=\"tabLinhaVerde02 lastc firstc\">Sistema de prote\u00e7\u00e3o contra interfer\u00eancias eletromagn\u00e9ticas e de radiofrequ\u00eancia, conforme normas do Inmetro. Prote\u00e7\u00e3o contra sobrecargas de peso sobre o prato de pesagem, garantindo opera\u00e7\u00f5es precisas e seguras.<\/td>\n<\/tr>\n<tr>\n<td class=\"firstc\" rowspan=\"2\"><\/td>\n<td class=\"tabLinhaVerde01 lastc\">Acumulador di\u00e1rio de pre\u00e7o<\/td>\n<\/tr>\n<tr>\n<td class=\"tabLinhaVerde02 lastc firstc\">Armazena o pre\u00e7o total das transa\u00e7\u00f5es realizadas, dentro de um per\u00edodo cont\u00ednuo de uso, para visualiza\u00e7\u00e3o e acompanhamento do total de vendas.<\/td>\n<\/tr>\n<tr>\n<td class=\"firstc\" rowspan=\"2\"><\/td>\n<td class=\"tabLinhaVerde01 lastc\">Configura\u00e7\u00e3o de datas<\/td>\n<\/tr>\n<tr>\n<td class=\"tabLinhaVerde02 lastc firstc\">Permite a configura\u00e7\u00e3o de duas datas (embalagem e validade) para registro junto aos dados da transa\u00e7\u00e3o, o que possibilita um controle mais apurado das transa\u00e7\u00f5es.<\/td>\n<\/tr>\n<tr>\n<td class=\"firstc\" rowspan=\"2\"><\/td>\n<td class=\"tabLinhaVerde01 lastc\">Prato de Pesagem e F\u00e1cil Higieniza\u00e7\u00e3o<\/td>\n<\/tr>\n<tr>\n<td class=\"tabLinhaVerde02 lastc firstc\">Com ampla \u00e1rea de pesagem, superf\u00edcie em a\u00e7o inoxid\u00e1vel com canaletas frontais e traseira que impedem o escoamento de l\u00edquidos sobre os displays e permite f\u00e1cil higieniza\u00e7\u00e3o.<\/td>\n<\/tr>\n<tr>\n<td class=\"firstc\" rowspan=\"2\"><\/td>\n<td class=\"tabLinhaVerde01 lastc\">Teclado de F\u00e1cil Digita\u00e7\u00e3o<\/td>\n<\/tr>\n<tr>\n<td class=\"tabLinhaVerde02 lastc firstc\">Constitu\u00eddo de m\u00faltiplas camadas de material pl\u00e1stico, forma uma unidade selada, dispensando prote\u00e7\u00f5es adicionais.<\/td>\n<\/tr>\n<tr>\n<td class=\"firstc\" rowspan=\"2\"><\/td>\n<td class=\"tabLinhaVerde01 lastc\">Gabinete de Pl\u00e1stico ABS<\/td>\n<\/tr>\n<tr>\n<td class=\"tabLinhaVerde02 lastc firstc\">Injetado, em cor preta. Proporciona acabamento de excelente qualidade e alt\u00edssima durabilidade.<\/td>\n<\/tr>\n<tr>\n<td class=\"firstc\" rowspan=\"2\"><\/td>\n<td class=\"tabLinhaVerde01 lastc\">Sa\u00edda de DadosS<\/td>\n<\/tr>\n<tr>\n<td class=\"tabLinhaVerde02 lastc firstc\">Na vers\u00e3o com sa\u00edda RS-232C, permite a transfer\u00eancia dos dados da transa\u00e7\u00e3o de venda a dispositivos externos de automa\u00e7\u00e3o ou de registro de dados.<br \/>\n<strong>&#8211; Automa\u00e7\u00e3o comercial<\/strong><br \/>\nProtocolos de comunica\u00e7\u00e3o extremamente amig\u00e1veis permitem f\u00e1cil integra\u00e7\u00e3o com aplica\u00e7\u00f5es comerciais.<br \/>\n\u00c9 compat\u00edvel com diversos microterminais, ECF-PDV, ECF-MR e sistemas de automa\u00e7\u00e3o, dispon\u00edveis para o mercado varejista.<br \/>\n<strong>&#8211; Registro dos dados da transa\u00e7\u00e3o<\/strong><br \/>\nQuando ligada \u00e0 impressora matricial modelo 351, da Toledo, permite o registro r\u00e1pido dos dados da transa\u00e7\u00e3o em etiquetas autoadesivas.<\/td>\n<\/tr>\n<\/tbody>\n<\/table>\n<article>\n<h3><\/h3>\n<h3><\/h3>\n<h3><strong>Especifica\u00e7\u00f5es t\u00e9cnicas<\/strong><\/h3>\n<table class=\"padrao\" border=\"0\" summary=\"&lt;?= $produto['nome'] ?&gt; - Tabela de Especifica\u00e7\u00f5es T\u00e9cnicas\" cellspacing=\"0\" cellpadding=\"0\">\n<tbody>\n<tr>\n<th class=\"tabLinhaAzul00 linhaVerde\" align=\"center\">Especifica\u00e7\u00f5es<\/th>\n<th class=\"tabLinhaAzul00 linhaVerde\" colspan=\"2\" align=\"center\">Prix 3<\/th>\n<\/tr>\n<tr>\n<td class=\"tabLinhaAzul02 firstc\" rowspan=\"4\" align=\"center\" width=\"24%\">Capacidade de pesagem<\/td>\n<td class=\"tabLinhaVerde02\" rowspan=\"2\" align=\"center\">15 kg<\/td>\n<td class=\"tabLinhaVerde02 lastc\" align=\"center\">Divis\u00e3o de 2 g de 0 a 6,000 kg<\/td>\n<\/tr>\n<tr>\n<td class=\"tabLinhaVerde02 lastc firstc\" align=\"center\">Divis\u00e3o de 5 g de 6,005 a 15,000 kg<\/td>\n<\/tr>\n<tr>\n<td class=\"tabLinhaVerde02 firstc\" rowspan=\"2\" align=\"center\">30 kg<\/td>\n<td class=\"tabLinhaVerde02 lastc\" align=\"center\">Divis\u00e3o de 5 g de 0 a 15,000 kg<\/td>\n<\/tr>\n<tr>\n<td class=\"tabLinhaVerde02 lastc firstc\" align=\"center\">Divis\u00e3o de 10 g de 15,010 a 30,000 kg<\/td>\n<\/tr>\n<tr>\n<td class=\"tabLinhaAzul01 firstc\" rowspan=\"2\" align=\"center\" width=\"24%\">Capacidade de tara<\/td>\n<td class=\"tabLinhaVerde01\" align=\"center\">15 kg<\/td>\n<td class=\"tabLinhaVerde01 lastc\" align=\"center\">6 kg<\/td>\n<\/tr>\n<tr>\n<td class=\"tabLinhaVerde01 firstc\" align=\"center\">30 kg<\/td>\n<td class=\"tabLinhaVerde01 lastc\" align=\"center\">15 kg<\/td>\n<\/tr>\n<tr>\n<td class=\"tabLinhaAzul02 firstc\" rowspan=\"2\" align=\"center\" width=\"24%\">Limites de indica\u00e7\u00e3o<\/td>\n<td class=\"tabLinhaVerde02\" align=\"center\">M\u00ednima<\/td>\n<td class=\"tabLinhaVerde02 lastc\" align=\"center\">1 incremento abaixo de zero<\/td>\n<\/tr>\n<tr>\n<td class=\"tabLinhaVerde02 firstc\" align=\"center\">M\u00e1xima<\/td>\n<td class=\"tabLinhaVerde02 lastc\" align=\"center\">5 incrementos acima da capacidade de pesagem<\/td>\n<\/tr>\n<tr>\n<td class=\"tabLinhaAzul01 firstc\" rowspan=\"3\" align=\"center\" width=\"24%\">Display<\/td>\n<td class=\"tabLinhaVerde01\" align=\"center\">Tipo<\/td>\n<td class=\"tabLinhaVerde01 lastc\" align=\"center\">Cristal l\u00edquido (LCD)<\/td>\n<\/tr>\n<tr>\n<td class=\"tabLinhaVerde01 firstc\" align=\"center\">\u00c1rea de visualiza\u00e7\u00e3o<\/td>\n<td class=\"tabLinhaVerde01 lastc\" align=\"center\">195 mm (L) x 33 mm (A)<\/td>\n<\/tr>\n<tr>\n<td class=\"tabLinhaVerde01 firstc\" align=\"center\">Dimens\u00f5es dos d\u00edgitos<\/td>\n<td class=\"tabLinhaVerde01 lastc\" align=\"center\">6,9 mm (L) x 15 mm (A)<\/td>\n<\/tr>\n<tr>\n<td class=\"tabLinhaAzul02 firstc\" rowspan=\"4\" align=\"center\" width=\"24%\">Alimenta\u00e7\u00e3o el\u00e9trica<\/td>\n<td class=\"tabLinhaVerde02\" align=\"center\">Tipo<\/td>\n<td class=\"tabLinhaVerde02 lastc\" align=\"center\">Adaptador de parede multivoltagem<\/td>\n<\/tr>\n<tr>\n<td class=\"tabLinhaVerde02 firstc\" align=\"center\">Tens\u00e3o e frequ\u00eancia de<br \/>\nentrada<\/td>\n<td class=\"tabLinhaVerde02 lastc\" align=\"center\">De 100 a 240 Vca (m\u00ednimo 93,5 e m\u00e1ximo 264,0 Vca) \/ 50 \u2013 60 Hz<\/td>\n<\/tr>\n<tr>\n<td class=\"tabLinhaVerde02 firstc\" align=\"center\">Tens\u00e3o e corrente de sa\u00edda<\/td>\n<td class=\"tabLinhaVerde02 lastc\" align=\"center\">12 Vcc \/ 500 mA<\/td>\n<\/tr>\n<tr>\n<td class=\"tabLinhaVerde02 firstc\" align=\"center\">Consumo<\/td>\n<td class=\"tabLinhaVerde02 lastc\" align=\"center\">0,69 a 4,14 W<\/td>\n<\/tr>\n<tr>\n<td class=\"tabLinhaAzul01 firstc\" rowspan=\"4\" align=\"center\">Bateria<\/td>\n<td class=\"tabLinhaVerde01 lastc\" colspan=\"2\" align=\"center\">Interna recarreg\u00e1vel<\/td>\n<\/tr>\n<tr>\n<td class=\"tabLinhaVerde01 firstc\" align=\"center\">Autonomia<\/td>\n<td class=\"tabLinhaVerde01 lastc\" align=\"center\">De 150 horas<\/td>\n<\/tr>\n<tr>\n<td class=\"tabLinhaVerde01 firstc\" align=\"center\">Autodesligamento<\/td>\n<td class=\"tabLinhaVerde01 lastc\" align=\"center\">Configur\u00e1vel entre 1, 5, 10 e 20 minutos ou desativado<\/td>\n<\/tr>\n<tr>\n<td class=\"tabLinhaVerde01 firstc\" align=\"center\">Prato tipo bandeja<\/td>\n<td class=\"tabLinhaVerde01 lastc\" colspan=\"2\" align=\"center\">440 mm (L) x 27 mm (A) x 304 mm (P)<\/td>\n<\/tr>\n<tr>\n<td class=\"tabLinhaAzul02 firstc\" align=\"center\">Prato de pesagem<\/td>\n<td class=\"tabLinhaVerde02 lastc\" colspan=\"2\" align=\"center\">Em a\u00e7o inoxid\u00e1vel com canaletas frontais e traseira para evitar o escoamento de l\u00edquidos sobre os displays<\/td>\n<\/tr>\n<tr>\n<td class=\"tabLinhaAzul02 firstc\" align=\"center\">Teclado<\/td>\n<td class=\"tabLinhaVerde02 lastc\" colspan=\"2\" align=\"center\">Constitu\u00eddo de m\u00faltiplas camadas de material pl\u00e1stico que formam uma unidade selada<\/td>\n<\/tr>\n<tr>\n<td class=\"tabLinhaAzul01 firstc\" align=\"center\">Gabinete<\/td>\n<td class=\"tabLinhaVerde01 lastc\" colspan=\"2\" align=\"center\">Em pl\u00e1stico ABS na cor preta<\/td>\n<\/tr>\n<tr>\n<td class=\"tabLinhaAzul02 firstc\" rowspan=\"3\" align=\"center\">Dimens\u00f5es<\/td>\n<td class=\"tabLinhaVerde02\" align=\"center\">Balan\u00e7a<\/td>\n<td class=\"tabLinhaVerde02 lastc\" align=\"center\">370 mm (L) x 97 mm (A) x 360 mm (P)<\/td>\n<\/tr>\n<tr>\n<td class=\"tabLinhaVerde02 firstc\" align=\"center\">Prato de pesagem<\/td>\n<td class=\"tabLinhaVerde02 lastc\" align=\"center\">359 mm (L) x 251 mm (P)<\/td>\n<\/tr>\n<tr>\n<td class=\"tabLinhaVerde02 firstc\" align=\"center\">Embalagem<\/td>\n<td class=\"tabLinhaVerde02 lastc\" align=\"center\">450 mm (L) x 193 mm (A) x 444 mm (P)<\/td>\n<\/tr>\n<tr>\n<td class=\"tabLinhaAzul01 firstc\" align=\"center\">Peso<\/td>\n<td class=\"tabLinhaVerde01 lastc\" colspan=\"2\" align=\"center\">3,98 kg ou 6,2 kg embalada<\/td>\n<\/tr>\n<tr>\n<td class=\"tabLinhaAzul02 firstc\" align=\"center\">Inmetro<\/td>\n<td class=\"tabLinhaVerde02 lastc\" colspan=\"2\" align=\"center\">Em conformidade com a Portaria 236\/94 e classe de exatid\u00e3o III<\/td>\n<\/tr>\n<tr>\n<td class=\"tabLinhaAzul01 firstc\" align=\"center\">Temperatura de opera\u00e7\u00e3o<\/td>\n<td class=\"tabLinhaVerde01 lastc\" colspan=\"2\" align=\"center\">De -10 a 40 \u00baC<\/td>\n<\/tr>\n<tr>\n<td class=\"tabLinhaAzul02 firstc\" align=\"center\">Umidade relativa do ar<\/td>\n<td class=\"tabLinhaVerde02 lastc\" colspan=\"2\" align=\"center\">10 a 95% sem condensa\u00e7\u00e3o<\/td>\n<\/tr>\n<tr>\n<td class=\"tabLinhaAzul01 firstc\" rowspan=\"3\" align=\"center\">Formatos de impress\u00e3o<\/td>\n<td class=\"tabLinhaVerde01 lastc\" colspan=\"2\" align=\"center\">64 mm (L) x 18 mm (A)<br \/>\nPeso (bruto ou l\u00edquido) &#8211; Pre\u00e7o\/kg &#8211; Total a pagar R$<br \/>\n<img loading=\"lazy\" decoding=\"async\" src=\"https:\/\/www.toledobrasil.com.br\/app\/webroot\/img\/upload\/etiqueta1a.jpg\" alt=\"\" width=\"293\" height=\"85\" \/><\/td>\n<\/tr>\n<tr>\n<td class=\"tabLinhaVerde02 lastc firstc\" colspan=\"2\" align=\"center\">76 mm (L) x 18 mm (A)<br \/>\nData &#8211; Peso (bruto ou l\u00edquido) &#8211; Pre\u00e7o\/kg &#8211; Total a pagar R$<br \/>\n<img loading=\"lazy\" decoding=\"async\" src=\"https:\/\/www.toledobrasil.com.br\/app\/webroot\/img\/upload\/etiqueta1b.jpg\" alt=\"\" width=\"293\" height=\"85\" \/><\/td>\n<\/tr>\n<tr>\n<td class=\"tabLinhaVerde01 lastc firstc\" colspan=\"2\" align=\"center\">89 mm (L) x 18 mm (A)<br \/>\nData 1 &#8211; Data 2 &#8211; Peso (bruto ou l\u00edquido) &#8211; Pre\u00e7o\/kg &#8211; Total a pagar R$<br \/>\n<img loading=\"lazy\" decoding=\"async\" src=\"https:\/\/www.toledobrasil.com.br\/app\/webroot\/img\/upload\/etiqueta1c.jpg\" alt=\"\" width=\"293\" height=\"85\" \/><\/td>\n<\/tr>\n<\/tbody>\n<\/table>\n<h3><\/h3>\n<h3><\/h3>\n<h3><strong>CADASTRO PARA AT\u00c9 75 ITENS<\/strong><\/h3>\n<p>Possibilita o cadastro de at\u00e9 75 itens para venda do produto por peso ou unidade. A solu\u00e7\u00e3o de cadastro de itens direto na balan\u00e7a disp\u00f5e de uma mem\u00f3ria n\u00e3o vol\u00e1til e os itens cadastrados ser\u00e3o mantidos mesmo desligando a balan\u00e7a da rede el\u00e9trica.<\/p>\n<p>Associa\u00e7\u00e3o a 10 teclas de acesso r\u00e1pido.<\/p>\n<p class=\"lastc\">Validade de 0 a 999 dias.<\/p>\n<\/article>\n","protected":false},"excerpt":{"rendered":"<p>A Prix 3 Ultra faz parte da mais moderna linha de balan\u00e7as computadoras da Toledo. Re\u00fane recursos tecnol\u00f3gicos exclusivos, que garante pesagens confi\u00e1veis (com e sem<span class=\"excerpt-hellip\"> [\u2026]<\/span><\/p>\n","protected":false},"featured_media":3465,"comment_status":"open","ping_status":"closed","template":"","meta":{"_joinchat":[]},"product_brand":[],"product_cat":[62,47,48,67],"product_tag":[],"class_list":{"0":"post-3464","1":"product","2":"type-product","3":"status-publish","4":"has-post-thumbnail","6":"product_cat-classes-de-produtos","7":"product_cat-marcas","8":"product_cat-toledo-do-brasil","9":"product_cat-balancas-para-o-varejo-e-o-atacado","10":"pa_capacidade-25kg-a-30kg","12":"first","13":"instock","14":"shipping-taxable","15":"product-type-simple"},"_links":{"self":[{"href":"https:\/\/mblbalancas.com.br\/site\/wp-json\/wp\/v2\/product\/3464","targetHints":{"allow":["GET"]}}],"collection":[{"href":"https:\/\/mblbalancas.com.br\/site\/wp-json\/wp\/v2\/product"}],"about":[{"href":"https:\/\/mblbalancas.com.br\/site\/wp-json\/wp\/v2\/types\/product"}],"replies":[{"embeddable":true,"href":"https:\/\/mblbalancas.com.br\/site\/wp-json\/wp\/v2\/comments?post=3464"}],"wp:featuredmedia":[{"embeddable":true,"href":"https:\/\/mblbalancas.com.br\/site\/wp-json\/wp\/v2\/media\/3465"}],"wp:attachment":[{"href":"https:\/\/mblbalancas.com.br\/site\/wp-json\/wp\/v2\/media?parent=3464"}],"wp:term":[{"taxonomy":"product_brand","embeddable":true,"href":"https:\/\/mblbalancas.com.br\/site\/wp-json\/wp\/v2\/product_brand?post=3464"},{"taxonomy":"product_cat","embeddable":true,"href":"https:\/\/mblbalancas.com.br\/site\/wp-json\/wp\/v2\/product_cat?post=3464"},{"taxonomy":"product_tag","embeddable":true,"href":"https:\/\/mblbalancas.com.br\/site\/wp-json\/wp\/v2\/product_tag?post=3464"}],"curies":[{"name":"wp","href":"https:\/\/api.w.org\/{rel}","templated":true}]}}