{"id":3471,"date":"2015-01-19T17:45:21","date_gmt":"2015-01-19T19:45:21","guid":{"rendered":"https:\/\/mblbalancas.com.br\/site\/?post_type=product&#038;p=3471"},"modified":"2015-01-19T17:45:21","modified_gmt":"2015-01-19T19:45:21","slug":"balanca-toledo-prix-4s-flex","status":"publish","type":"product","link":"https:\/\/mblbalancas.com.br\/site\/produto\/balanca-toledo-prix-4s-flex\/","title":{"rendered":"Balan\u00e7a Toledo Prix 4S Flex"},"content":{"rendered":"<h3><strong>Balan\u00e7a eletr\u00f4nica suspensa<\/strong><\/h3>\n<p>A <strong class=\"lastc firstc\">Prix 4S Flex<\/strong> possui prato bandeja de a\u00e7o inoxid\u00e1vel, remov\u00edvel e de f\u00e1cil limpeza. Posicionado abaixo da balan\u00e7a, facilita a pesagem de peixes, carnes e outros, evitando o contato de l\u00edquidos com a balan\u00e7a.<\/p>\n<p>Imprime etiquetas com ingredientes, fornecedores, informa\u00e7\u00f5es nutricionais, imagens de itens, imagens com os dados da loja, lote, etc., permitindo uma grande manuseabilidade das etiquetas.<\/p>\n<h3><strong>Eleve o seu atendimento para um novo padr\u00e3o<\/strong><\/h3>\n<p>Imagine uma rede de lojas aumentando a lucratividade e a produtividade na comercializa\u00e7\u00e3o de peixes, carnes, frios, latic\u00ednios, hortifrut\u00edcolas, etc., em virtude da rapidez no atendimento ao cliente, ao aumento da efici\u00eancia com menor incid\u00eancia de erros, limpeza e redu\u00e7\u00e3o do tempo de treinamento com os operadores. Indo al\u00e9m da pesagem correta dos produtos, atingindo outros n\u00edveis de atendimento e satisfa\u00e7\u00e3o do cliente.<\/p>\n<p>A <strong class=\"lastc firstc\">Prix 4S Flex<\/strong> \u00e9 uma grande oportunidade para alcan\u00e7ar esses objetivos. Apropriada tamb\u00e9m para locais com limita\u00e7\u00e3o de espa\u00e7o, pois deixa livre a \u00e1rea sobre os balc\u00f5es de venda para exposi\u00e7\u00e3o e manuseio de produtos.<\/p>\n<p class=\"lastc\">A <strong class=\"lastc firstc\">Prix 4S Flex<\/strong>, como todos os produtos TOLEDO, \u00e9 fabricada e testada dentro dos mais rigorosos padr\u00f5es internacionais de qualidade ISO 9001:2008, projetada para a m\u00e1xima confiabilidade e durabilidade, mesmo quando usada em ambientes de trabalho mais exigentes.<\/p>\n<p class=\"lastc\">\n<h3><strong>Caracter\u00edsticas e Benef\u00edcios<\/strong><\/h3>\n<p>F\u00e1cil opera\u00e7\u00e3o, independente, n\u00e3o precisa de outros equipamentos para funcionar, podendo trabalhar em rede ou aut\u00f4noma, sem perder as suas caracter\u00edsticas. Sua capacidade \u00e9 de 15 kg x 5 g e os benef\u00edcios n\u00e3o param aqui.<\/p>\n<table class=\"padrao\" border=\"0\" cellspacing=\"0\" cellpadding=\"0\">\n<tbody>\n<tr>\n<th class=\"tabLinhaAzul00\" align=\"center\">Caracter\u00edsticas<\/th>\n<th class=\"tabLinhaAzul00\" align=\"center\">Benef\u00edcios<\/th>\n<\/tr>\n<tr class=\"tabLinhaVerde01\">\n<td class=\"tabLinhaAzul01 firstc\">Prato separado da balan\u00e7a\/impressora<\/td>\n<td class=\"lastc\">Mant\u00e9m a balan\u00e7a limpa e seca<\/td>\n<\/tr>\n<tr class=\"tabLinhaVerde02\">\n<td class=\"tabLinhaAzul02 firstc\">Ampla escolha de etiquetas<\/td>\n<td class=\"lastc\">Economia de tempo e dinheiro<\/td>\n<\/tr>\n<tr class=\"tabLinhaVerde01\">\n<td class=\"tabLinhaAzul01 firstc\">Configura\u00e7\u00e3o aut\u00f4noma<\/td>\n<td class=\"lastc\">Dispensa o uso de microcomputadores<\/td>\n<\/tr>\n<tr class=\"tabLinhaVerde02\">\n<td class=\"tabLinhaAzul02 firstc\">Redes RS-485 ou Ethernet (cabo)<\/td>\n<td class=\"lastc\">Atende qualquer configura\u00e7\u00e3o de loja<\/td>\n<\/tr>\n<tr class=\"tabLinhaVerde01\">\n<td class=\"tabLinhaAzul01 firstc\">Capacidade de at\u00e9 4000 PLUs<\/td>\n<td class=\"lastc\">Atende todo tipo de loja<\/td>\n<\/tr>\n<tr class=\"tabLinhaVerde02\">\n<td class=\"tabLinhaAzul02 firstc\">Fonte multivoltagem<\/td>\n<td class=\"lastc\">Evita a queima da balan\u00e7a<\/td>\n<\/tr>\n<tr class=\"tabLinhaVerde01\">\n<td class=\"tabLinhaAzul01 firstc\">Acumulador interno geral e por itens<\/td>\n<td class=\"lastc\">Total controle das transa\u00e7\u00f5es na balan\u00e7a<\/td>\n<\/tr>\n<tr class=\"tabLinhaVerde02\">\n<td class=\"tabLinhaAzul02 firstc\">56 teclas de acesso r\u00e1pido (at\u00e9 168)<\/td>\n<td class=\"lastc\">R\u00e1pido acesso aos itens mais vendidos<\/td>\n<\/tr>\n<tr class=\"tabLinhaVerde01\">\n<td class=\"tabLinhaAzul01 firstc\">4 Displays de Alta Resolu\u00e7\u00e3o<\/td>\n<td class=\"lastc\">M\u00e1ximo retorno para Operador \/ Cliente<\/td>\n<\/tr>\n<tr class=\"tabLinhaVerde02\">\n<td class=\"tabLinhaAzul02 firstc\">Velocidade de Impress\u00e3o de 70 mm\/s<\/td>\n<td class=\"lastc\">Agilidade no atendimento<\/td>\n<\/tr>\n<tr class=\"tabLinhaVerde01\">\n<td class=\"tabLinhaAzul01 firstc\">Alta defini\u00e7\u00e3o de impress\u00e3o<\/td>\n<td class=\"lastc\">Impress\u00f5es pequenas com legibilidade<\/td>\n<\/tr>\n<\/tbody>\n<\/table>\n<article>\n<h3><\/h3>\n<h3><strong>Mostrador Digital<\/strong><\/h3>\n<p>Mais uma vez a Toledo do Brasil toma a iniciativa, fornecendo \u00e0 voc\u00ea a \u00faltima inova\u00e7\u00e3o, a balan\u00e7a suspensa com displays digitais. A Prix 4S Flex \u00e9 a primeira balan\u00e7a suspensa dispon\u00edvel no Brasil com esta qualidade e quantidade de benef\u00edcios.<\/p>\n<p>Quatro displays com excelente visualiza\u00e7\u00e3o, exibem os dados da transa\u00e7\u00e3o, o nome do produto, mensagens de publicidade em display de alta resolu\u00e7\u00e3o independente, al\u00e9m de indicar erros operacionais e eventuais falhas identificadas pelo sistema de autodiagn\u00f3stico da balan\u00e7a, facilitando a pronta identifica\u00e7\u00e3o, a corre\u00e7\u00e3o da falha apresentada e dando maior seguran\u00e7a ao operador e aos seus clientes.<\/p>\n<p class=\"lastc\"><img decoding=\"async\" title=\"Prix 4S Flex - Mostrador Digital\" src=\"https:\/\/www.toledobrasil.com.br\/app\/webroot\/img\/upload\/mostradorprix4sflexx.jpg\" alt=\"Prix 4S Flex - Mostrador Digital\" \/><\/p>\n<p class=\"lastc\">\n<\/article>\n<h3><strong>Teclado de Acesso R\u00e1pido<\/strong><\/h3>\n<p>Totalmente flex\u00edvel e configur\u00e1vel para atender as reais necessidades de cada loja ou departamento. Os itens podem ser identificados por imagens\/textos, sem a necessidade da digita\u00e7\u00e3o de c\u00f3digos e, ainda, at\u00e9 3 itens poder\u00e3o ser associados em uma \u00fanica tecla.<\/p>\n<p class=\"lastc\"><img loading=\"lazy\" decoding=\"async\" src=\"https:\/\/www.toledobrasil.com.br\/app\/webroot\/img\/upload\/tecladoprix.png\" alt=\"\" width=\"418\" height=\"396\" \/><\/p>\n","protected":false},"excerpt":{"rendered":"<p>Balan\u00e7a eletr\u00f4nica suspensa A Prix 4S Flex possui prato bandeja de a\u00e7o inoxid\u00e1vel, remov\u00edvel e de f\u00e1cil limpeza. Posicionado abaixo da balan\u00e7a, facilita a pesagem de<span class=\"excerpt-hellip\"> [\u2026]<\/span><\/p>\n","protected":false},"featured_media":3472,"comment_status":"open","ping_status":"closed","template":"","meta":{"_joinchat":[]},"product_brand":[],"product_cat":[62,47,48,67],"product_tag":[],"class_list":{"0":"post-3471","1":"product","2":"type-product","3":"status-publish","4":"has-post-thumbnail","6":"product_cat-classes-de-produtos","7":"product_cat-marcas","8":"product_cat-toledo-do-brasil","9":"product_cat-balancas-para-o-varejo-e-o-atacado","10":"pa_capacidade-10kg-a-15kg","12":"first","13":"instock","14":"shipping-taxable","15":"product-type-simple"},"_links":{"self":[{"href":"https:\/\/mblbalancas.com.br\/site\/wp-json\/wp\/v2\/product\/3471","targetHints":{"allow":["GET"]}}],"collection":[{"href":"https:\/\/mblbalancas.com.br\/site\/wp-json\/wp\/v2\/product"}],"about":[{"href":"https:\/\/mblbalancas.com.br\/site\/wp-json\/wp\/v2\/types\/product"}],"replies":[{"embeddable":true,"href":"https:\/\/mblbalancas.com.br\/site\/wp-json\/wp\/v2\/comments?post=3471"}],"wp:featuredmedia":[{"embeddable":true,"href":"https:\/\/mblbalancas.com.br\/site\/wp-json\/wp\/v2\/media\/3472"}],"wp:attachment":[{"href":"https:\/\/mblbalancas.com.br\/site\/wp-json\/wp\/v2\/media?parent=3471"}],"wp:term":[{"taxonomy":"product_brand","embeddable":true,"href":"https:\/\/mblbalancas.com.br\/site\/wp-json\/wp\/v2\/product_brand?post=3471"},{"taxonomy":"product_cat","embeddable":true,"href":"https:\/\/mblbalancas.com.br\/site\/wp-json\/wp\/v2\/product_cat?post=3471"},{"taxonomy":"product_tag","embeddable":true,"href":"https:\/\/mblbalancas.com.br\/site\/wp-json\/wp\/v2\/product_tag?post=3471"}],"curies":[{"name":"wp","href":"https:\/\/api.w.org\/{rel}","templated":true}]}}