{"id":3484,"date":"2015-01-21T10:11:22","date_gmt":"2015-01-21T12:11:22","guid":{"rendered":"https:\/\/mblbalancas.com.br\/site\/?post_type=product&#038;p=3484"},"modified":"2015-01-21T10:11:46","modified_gmt":"2015-01-21T12:11:46","slug":"balanca-digitron-de-bancada","status":"publish","type":"product","link":"https:\/\/mblbalancas.com.br\/site\/produto\/balanca-digitron-de-bancada\/","title":{"rendered":"Balan\u00e7a Digitron de Bancada"},"content":{"rendered":"<p>As Balan\u00e7as de Bancada <span style=\"color: #ce2000;\"> <b>DIGI-TRON<\/b><\/span> foram projetadas para atender com precis\u00e3o, robustez e versatilidade, todas as necessidades operacionais que exijam maior portabilidade de um equipamento de pesagem.<br \/>\n<strong>Caracter\u00edsticas Gerais:<\/strong><\/p>\n<blockquote><p><span style=\"font-family: Verdana;\"> \u25cf<\/span> Classe de exatid\u00e3o III<br \/>\n\u25cf Aprovado pelo INMETRO conforme portaria 236<br \/>\n\u25cf Display com 26 mm de altura (com 5 ou 6 d\u00edgitos)<br \/>\n\u25cf Gabinete em A\u00e7o Carbono com pintura ep\u00f3xi ou A\u00e7o Inoxid\u00e1vel Polido<br \/>\n\u25cf Alimenta\u00e7\u00e3o de 85 a 250 Vca (Fonte Autom\u00e1tica)<br \/>\n\u25cf Capacidade Program\u00e1vel<br \/>\n\u25cf Velocidade de leitura\/tempo de estabiliza\u00e7\u00e3o configur\u00e1vel<br \/>\n\u25cf Filtro digital, contra vibra\u00e7\u00f5es, configur\u00e1vel em at\u00e9 8 n\u00edveis<br \/>\n\u25cf Indicadores luminosos de zero, peso l\u00edquido e peso est\u00e1vel<br \/>\n\u25cf Detector de pico m\u00e1ximo<br \/>\n\u25cf Contagem de pe\u00e7as<br \/>\n\u25cf P\u00e9s Niveladores<br \/>\n\u25cf Dimens\u00f5es A: 165mm, L:240mm, P: 70mm<br \/>\n\u25cf Grau de Prote\u00e7\u00e3o IP-65 (M\u00f3dulo de Pesagem)<\/p><\/blockquote>\n<p><b>Opcionais:<\/b><\/p>\n<blockquote><p>\u25cf Bandeja e estrutura totalmente em a\u00e7o inoxid\u00e1vel<br \/>\n\u25cf Colunas, em a\u00e7o carbono ou a\u00e7o inoxid\u00e1vel, de 19cm, 45cm ou 85cm<br \/>\n\u25cf Alimenta\u00e7\u00e3o de 12vcc<br \/>\n\u25cf Grades de Prote\u00e7\u00e3o<br \/>\n\u25cf Impress\u00e3o de etiquetas com c\u00f3digo de barras<br \/>\n\u25cf Sa\u00edda RS 232 configur\u00e1vel para conex\u00e3o a PC ou Impressora<br \/>\n\u25cf Sa\u00edda anal\u00f3gica 4 a 20 mA<br \/>\n\u25cf Sa\u00edda RS 485<br \/>\n\u25cf Conex\u00e3o a rede ethernet<br \/>\n\u25cf Sa\u00edda de reles at\u00e9 4 cortes<br \/>\n\u25cf Opera\u00e7\u00e3o em modo &#8220;no-break&#8221; com bateria interna<br \/>\n\u25cf Software de Gerenciamento de Peso<\/p>\n<p>&nbsp;<\/p>\n<p align=\"center\"><img loading=\"lazy\" decoding=\"async\" src=\"https:\/\/www.digitronbalancas.com.br\/products\/fotos\/bancada_capacidade_dimensoe.gif\" alt=\"\" width=\"630\" height=\"129\" border=\"0\" \/><\/p>\n<\/blockquote>\n","protected":false},"excerpt":{"rendered":"<p>As Balan\u00e7as de Bancada DIGI-TRON foram projetadas para atender com precis\u00e3o, robustez e versatilidade, todas as necessidades operacionais que exijam maior portabilidade de um equipamento de<span class=\"excerpt-hellip\"> [\u2026]<\/span><\/p>\n","protected":false},"featured_media":3485,"comment_status":"open","ping_status":"closed","template":"","meta":{"_joinchat":[]},"product_brand":[],"product_cat":[64,62,49,65,63,47,66,67],"product_tag":[],"class_list":{"0":"post-3484","1":"product","2":"type-product","3":"status-publish","4":"has-post-thumbnail","6":"product_cat-balancas-para-o-agronegocio","7":"product_cat-classes-de-produtos","8":"product_cat-digi-tron-balancas","9":"product_cat-balacas-para-empresas-de-engenharia","10":"product_cat-balancas-industriais","11":"product_cat-marcas","12":"product_cat-balancas-para-transporte-e-logistica","13":"product_cat-balancas-para-o-varejo-e-o-atacado","14":"pa_capacidade-100kg-a-250kg","15":"pa_capacidade-250kg-a-500kg","17":"first","18":"instock","19":"shipping-taxable","20":"product-type-simple"},"_links":{"self":[{"href":"https:\/\/mblbalancas.com.br\/site\/wp-json\/wp\/v2\/product\/3484","targetHints":{"allow":["GET"]}}],"collection":[{"href":"https:\/\/mblbalancas.com.br\/site\/wp-json\/wp\/v2\/product"}],"about":[{"href":"https:\/\/mblbalancas.com.br\/site\/wp-json\/wp\/v2\/types\/product"}],"replies":[{"embeddable":true,"href":"https:\/\/mblbalancas.com.br\/site\/wp-json\/wp\/v2\/comments?post=3484"}],"wp:featuredmedia":[{"embeddable":true,"href":"https:\/\/mblbalancas.com.br\/site\/wp-json\/wp\/v2\/media\/3485"}],"wp:attachment":[{"href":"https:\/\/mblbalancas.com.br\/site\/wp-json\/wp\/v2\/media?parent=3484"}],"wp:term":[{"taxonomy":"product_brand","embeddable":true,"href":"https:\/\/mblbalancas.com.br\/site\/wp-json\/wp\/v2\/product_brand?post=3484"},{"taxonomy":"product_cat","embeddable":true,"href":"https:\/\/mblbalancas.com.br\/site\/wp-json\/wp\/v2\/product_cat?post=3484"},{"taxonomy":"product_tag","embeddable":true,"href":"https:\/\/mblbalancas.com.br\/site\/wp-json\/wp\/v2\/product_tag?post=3484"}],"curies":[{"name":"wp","href":"https:\/\/api.w.org\/{rel}","templated":true}]}}