{"id":3486,"date":"2015-01-21T10:15:52","date_gmt":"2015-01-21T12:15:52","guid":{"rendered":"https:\/\/mblbalancas.com.br\/site\/?post_type=product&#038;p=3486"},"modified":"2015-01-21T10:15:52","modified_gmt":"2015-01-21T12:15:52","slug":"balanca-de-piso-digitron","status":"publish","type":"product","link":"https:\/\/mblbalancas.com.br\/site\/produto\/balanca-de-piso-digitron\/","title":{"rendered":"Balan\u00e7a de Piso Digitron"},"content":{"rendered":"<p>As Balan\u00e7as de Piso <span style=\"color: #ce2000;\"> <b>DIGI-TRON<\/b><\/span> foram projetadas para atender com precis\u00e3o, robustez e versatilidade, todas as necessidades operacionais de pesagens de m\u00e9dio e grande portes. De baixo perfil, podem ser instaladas sob ou sobre o piso. Dispon\u00edveis em A\u00e7o Carbono ou A\u00e7o Inox 304.<\/p>\n<p>&nbsp;<\/p>\n<p><strong>\u00c9 ideal para:<\/strong><\/p>\n<blockquote><p><span style=\"font-family: Verdana;\"> \u25cf<\/span> pesagens de cargas provenientes de empilhadeira, carrinho ou outro equipamento auxiliar;<\/p>\n<p><span style=\"font-family: Verdana;\"> \u25cf<\/span> uso geral, expedi\u00e7\u00e3o e produ\u00e7\u00e3o entre outros<\/p><\/blockquote>\n<p>T\u00eam pintura eletrost\u00e1tica, o que h\u00e1 de mais moderno no tratamento de superf\u00edcies, al\u00e9m do processo de galvaniza\u00e7\u00e3o (utiliza\u00e7\u00e3o do zinco para a prote\u00e7\u00e3o contra a\u00e7\u00f5es do meio ambiente que provocam oxida\u00e7\u00e3o).<br \/>\n<b>Caracter\u00edsticas Gerais:<\/b><\/p>\n<blockquote><p>\u25cf Classe de exatid\u00e3o III<br \/>\n\u25cf Aprovado pelo INMETRO conforme Portaria 236<br \/>\n\u25cf Display com 26 mm de altura (com 5 ou 6 d\u00edgitos)<br \/>\n\u25cf Divis\u00e3o de Leitura: 50 gramas<br \/>\n\u25cf C\u00e9lula de carga ICS em alum\u00ednio com grau de prote\u00e7\u00e3o IP68<br \/>\n\u25cf Gabinete em A\u00e7o Carbono com pintura ep\u00f3xi ou A\u00e7o Inoxid\u00e1vel Polido<br \/>\n\u25cf Alimenta\u00e7\u00e3o de 85 a 250 Vca (Fonte Autom\u00e1tica)<br \/>\n\u25cf Suporta at\u00e9 8 c\u00e9lulas de 350 ohm ou 12 de 700 ohm<br \/>\n\u25cf Capacidade Program\u00e1vel<br \/>\n\u25cf Velocidade de leitura\/tempo de estabiliza\u00e7\u00e3o configur\u00e1vel<br \/>\n\u25cf Filtro digital, contra vibra\u00e7\u00f5es, configur\u00e1vel em at\u00e9 8 n\u00edveis<br \/>\n\u25cf Indicadores luminosos de zero, peso l\u00edquido e peso est\u00e1vel<br \/>\n\u25cf Detector de pico m\u00e1ximo<br \/>\n\u25cf Contagem de pe\u00e7as<br \/>\n\u25cf Dimens\u00f5es Indicador: 120mm, L:240mm, P: 70mm<br \/>\n\u25cf Dimens\u00f5es da Plataforma: Quadro a baixo<br \/>\n\u25cf Grau de Prote\u00e7\u00e3o IP-65 (M\u00f3dulo de Pesagem)<br \/>\n\u25cf Na hip\u00f3tese de instala\u00e7\u00e3o sob o piso, fornecemos as informa\u00e7\u00f5es t\u00e9cnicas necess\u00e1rias para<br \/>\nembutir o equipamento.<\/p><\/blockquote>\n<p><b>Opcionais:<\/b><\/p>\n<blockquote><p>\u25cf Bandeja e estrutura totalmente em a\u00e7o inoxid\u00e1vel<br \/>\n\u25cf Colunas, em a\u00e7o carbono ou a\u00e7o inoxid\u00e1vel, de 19cm, 45cm ou 85cm<br \/>\n\u25cf Alimenta\u00e7\u00e3o de 12vcc ou 7 vcc<br \/>\n\u25cf Rodas<br \/>\n\u25cf Grades de Prote\u00e7\u00e3o<br \/>\n\u25cf Rampas de acesso e sa\u00edda<br \/>\n\u25cf Impress\u00e3o de etiquetas com c\u00f3digo de barras<\/p>\n<p>\u25cf Sa\u00edda RS 232 configur\u00e1vel para conex\u00e3o a PC ou Impressora<br \/>\n\u25cf Sa\u00edda anal\u00f3gica 4 a 20 mA<br \/>\n\u25cf Sa\u00edda RS 485<br \/>\n\u25cf Conex\u00e3o a rede ethernet<br \/>\n\u25cf Sa\u00edda de reles at\u00e9 4 cortes<br \/>\n\u25cf Opera\u00e7\u00e3o em modo \u201cno-break\u201d com bateria interna<br \/>\n\u25cf Software de Gerenciamento de Peso<\/p>\n<p>&nbsp;<\/p>\n<p>&nbsp;<\/p>\n<p align=\"center\"><img loading=\"lazy\" decoding=\"async\" src=\"https:\/\/www.digitronbalancas.com.br\/products\/fotos\/piso_capacidade_dimensoes_r.gif\" alt=\"\" width=\"620\" height=\"255\" border=\"0\" \/><\/p>\n<\/blockquote>\n","protected":false},"excerpt":{"rendered":"<p>As Balan\u00e7as de Piso DIGI-TRON foram projetadas para atender com precis\u00e3o, robustez e versatilidade, todas as necessidades operacionais de pesagens de m\u00e9dio e grande portes. De<span class=\"excerpt-hellip\"> [\u2026]<\/span><\/p>\n","protected":false},"featured_media":3487,"comment_status":"open","ping_status":"closed","template":"","meta":{"_joinchat":[]},"product_brand":[],"product_cat":[62,49,65,63,47,66,67],"product_tag":[],"class_list":{"0":"post-3486","1":"product","2":"type-product","3":"status-publish","4":"has-post-thumbnail","6":"product_cat-classes-de-produtos","7":"product_cat-digi-tron-balancas","8":"product_cat-balacas-para-empresas-de-engenharia","9":"product_cat-balancas-industriais","10":"product_cat-marcas","11":"product_cat-balancas-para-transporte-e-logistica","12":"product_cat-balancas-para-o-varejo-e-o-atacado","13":"pa_capacidade-750kg-a-1t","15":"first","16":"instock","17":"shipping-taxable","18":"product-type-simple"},"_links":{"self":[{"href":"https:\/\/mblbalancas.com.br\/site\/wp-json\/wp\/v2\/product\/3486","targetHints":{"allow":["GET"]}}],"collection":[{"href":"https:\/\/mblbalancas.com.br\/site\/wp-json\/wp\/v2\/product"}],"about":[{"href":"https:\/\/mblbalancas.com.br\/site\/wp-json\/wp\/v2\/types\/product"}],"replies":[{"embeddable":true,"href":"https:\/\/mblbalancas.com.br\/site\/wp-json\/wp\/v2\/comments?post=3486"}],"wp:featuredmedia":[{"embeddable":true,"href":"https:\/\/mblbalancas.com.br\/site\/wp-json\/wp\/v2\/media\/3487"}],"wp:attachment":[{"href":"https:\/\/mblbalancas.com.br\/site\/wp-json\/wp\/v2\/media?parent=3486"}],"wp:term":[{"taxonomy":"product_brand","embeddable":true,"href":"https:\/\/mblbalancas.com.br\/site\/wp-json\/wp\/v2\/product_brand?post=3486"},{"taxonomy":"product_cat","embeddable":true,"href":"https:\/\/mblbalancas.com.br\/site\/wp-json\/wp\/v2\/product_cat?post=3486"},{"taxonomy":"product_tag","embeddable":true,"href":"https:\/\/mblbalancas.com.br\/site\/wp-json\/wp\/v2\/product_tag?post=3486"}],"curies":[{"name":"wp","href":"https:\/\/api.w.org\/{rel}","templated":true}]}}