{"id":3492,"date":"2015-01-21T11:07:01","date_gmt":"2015-01-21T13:07:01","guid":{"rendered":"https:\/\/mblbalancas.com.br\/site\/?post_type=product&#038;p=3492"},"modified":"2015-01-21T11:07:01","modified_gmt":"2015-01-21T13:07:01","slug":"balanca-digitron-suspensa-uld","status":"publish","type":"product","link":"https:\/\/mblbalancas.com.br\/site\/produto\/balanca-digitron-suspensa-uld\/","title":{"rendered":"Balan\u00e7a Digitron Suspensa ULD"},"content":{"rendered":"<p>Permite a confer\u00eancia do material recebido ou do expedido internamente. Possui um display projetado especialmente para permitir f\u00e1cil e correta leitura, independentemente do posicionamento do operador.<\/p>\n<p>&nbsp;<\/p>\n<p>Foi projetada para aplica\u00e7\u00e3o na leitura de peso bruto ou l\u00edquido de materiais suspensos por gancho, com ou sem uso de tara, indicando o peso de forma r\u00e1pida e precisa.<\/p>\n<p>&nbsp;<\/p>\n<p>Al\u00e9m disso, \u00e9 totalmente aut\u00f4noma, pois possui bateria pr\u00f3pria de alta durabilidade, eliminando cabos de conex\u00e3o, enroladores de cabos e outros elementos que provocam freq\u00fcente manuten\u00e7\u00e3o. A c\u00e9lula de carga, as baterias e o sistema de sustenta\u00e7\u00e3o, formam uma \u00fanica pe\u00e7a, com baixo custo de assist\u00eancia t\u00e9cnica e manuten\u00e7\u00e3o.<\/p>\n<p>&nbsp;<br \/>\n<b>Caracter\u00edsticas Gerais:<\/b><\/p>\n<blockquote><p>\u25cf Classe de exatid\u00e3o III<br \/>\n\u25cf Aprovado pelo INMETRO conforme Portaria 236<br \/>\n\u25cf Display com 26 mm de altura<br \/>\n\u25cf Estrutura em A\u00e7o Carbono com Prote\u00e7\u00e3o Contra Impactos<br \/>\n\u25cf Alimenta\u00e7\u00e3o por Bateria com autonomia de at\u00e9 50 horas<br \/>\nde trabalho<br \/>\n\u25cf Bateria Extra e Carregador de Bateria<br \/>\n\u25cf Controle Remoto de Tara<br \/>\n\u25cf Velocidade de leitura\/tempo de estabiliza\u00e7\u00e3o configur\u00e1vel<br \/>\n\u25cf Filtro digital, contra vibra\u00e7\u00f5es, configur\u00e1vel em at\u00e9 8 n\u00edveis<br \/>\n\u25cf Indicadores luminosos de zero, peso l\u00edquido e peso est\u00e1vel<br \/>\n\u25cf Olhais e ganchos fornecidos com o equipamento<br \/>\n\u25cf Reten\u00e7\u00e3o de carga m\u00e1xima<br \/>\n\u25cf Contagem de pe\u00e7as<\/p>\n<p><strong>Obs:<\/strong> Nas Balan\u00e7as Suspensas com capacidade de 100kg a 500kg acompanham bateria com autonomia de at\u00e9 30 horas e n\u00e3o possui Controle Remoto de Tara..<\/p><\/blockquote>\n<p>&nbsp;<\/p>\n<p><b>Opcionais:<\/b><\/p>\n<blockquote><p>\u25cf Impressoras, etiquetadoras, display remoto com interface paralela e serial padr\u00e3o via RF;<br \/>\n\u25cf Software de Gerenciamento de Peso;<br \/>\n\u25cf Prote\u00e7\u00e3o T\u00e9rmica para trabalho em ambientes de alta temperatura;<br \/>\n\u25cf Prote\u00e7\u00e3o anti-chama ou anti-chuva;<br \/>\n\u25cf Carrinho para transporte do equipamento.<\/p><\/blockquote>\n<p>&nbsp;<\/p>\n<div align=\"center\">\n<table id=\"table11\" border=\"0\" width=\"400\" cellspacing=\"0\" cellpadding=\"0\">\n<tbody>\n<tr>\n<td align=\"center\" width=\"210\"><span style=\"font-size: xx-small;\"> <a> <img decoding=\"async\" src=\"https:\/\/www.digitronbalancas.com.br\/products\/fotos\/balanca_suspensa_ULD03-sm.jpg\" alt=\"Clique para Ampliar\" border=\"0\" \/><\/a><\/span><span style=\"font-size: xx-small;\"> ULD 100 a 500Kg<\/span><\/td>\n<td align=\"center\" width=\"210\">\n<p align=\"center\"><span style=\"font-size: xx-small;\"> <a> <img loading=\"lazy\" decoding=\"async\" src=\"https:\/\/www.digitronbalancas.com.br\/products\/fotos\/balanca_suspensa_ULD01-sm.jpg\" alt=\"Clique para Ampliar\" width=\"87\" height=\"130\" border=\"0\" \/><\/a><\/span><\/p>\n<p align=\"center\"><span style=\"font-size: xx-small;\"> ULD 1000Kg a 5000Kg<\/span><\/p>\n<\/td>\n<\/tr>\n<tr>\n<td align=\"center\" width=\"210\"><a> <span style=\"font-size: xx-small;\"> <img loading=\"lazy\" decoding=\"async\" src=\"https:\/\/www.digitronbalancas.com.br\/products\/fotos\/balanca_suspensa_ULD02-sm.jpg\" alt=\"Clique para Ampliar\" width=\"81\" height=\"150\" border=\"0\" \/><\/span><\/a><span style=\"font-size: xx-small;\"> ULD 10 a 40 t<\/span><\/td>\n<\/tr>\n<\/tbody>\n<\/table>\n<\/div>\n<p>&nbsp;<\/p>\n<p>&nbsp;<\/p>\n<p><b>Dimens\u00f5es:<\/b><\/p>\n<p>&nbsp;<\/p>\n<p align=\"center\"><img loading=\"lazy\" decoding=\"async\" src=\"https:\/\/www.digitronbalancas.com.br\/products\/fotos\/Dimensoes-ULD-de-100-a-20t.gif\" alt=\"\" width=\"273\" height=\"400\" border=\"0\" \/><\/p>\n<p>&nbsp;<\/p>\n<p>&nbsp;<\/p>\n<table id=\"table12\" border=\"1\" width=\"610\" cellspacing=\"0\">\n<colgroup>\n<col width=\"83\" \/>\n<col span=\"7\" width=\"64\" \/> <\/colgroup>\n<tbody>\n<tr>\n<td class=\"xl24\" align=\"center\" bgcolor=\"#E7E8EB\" width=\"83\" height=\"17\">Capacidade<\/td>\n<td class=\"xl24\" align=\"center\" bgcolor=\"#E7E8EB\" width=\"64\">Divis\u00e3o<\/td>\n<td class=\"xl24\" align=\"center\" bgcolor=\"#E7E8EB\" width=\"64\">A<\/td>\n<td class=\"xl24\" align=\"center\" bgcolor=\"#E7E8EB\" width=\"64\">B<\/td>\n<td class=\"xl24\" align=\"center\" bgcolor=\"#E7E8EB\" width=\"64\">C<\/td>\n<td class=\"xl24\" align=\"center\" bgcolor=\"#E7E8EB\" width=\"64\">D<\/td>\n<td class=\"xl24\" align=\"center\" bgcolor=\"#E7E8EB\" width=\"64\">E<\/td>\n<td class=\"xl24\" align=\"center\" bgcolor=\"#E7E8EB\" width=\"64\">F<\/td>\n<td class=\"xl24\" align=\"center\" bgcolor=\"#E7E8EB\" width=\"93\">PESO<\/td>\n<\/tr>\n<tr>\n<td class=\"xl24\" height=\"17\">100kg<\/td>\n<td class=\"xl24\" align=\"center\">0,02 kg<\/td>\n<td class=\"xl24\" align=\"center\">350<\/td>\n<td class=\"xl24\" align=\"center\">90<\/td>\n<td class=\"xl24\" align=\"center\">155<\/td>\n<td class=\"xl24\" align=\"center\">105<\/td>\n<td class=\"xl24\" align=\"center\">245<\/td>\n<td class=\"xl24\" align=\"center\">26<\/td>\n<td class=\"xl24\" align=\"center\" width=\"93\">13 kg<\/td>\n<\/tr>\n<tr>\n<td class=\"xl24\" bgcolor=\"#E7E8EB\" height=\"17\">200kg<\/td>\n<td class=\"xl24\" align=\"center\" bgcolor=\"#E7E8EB\">0,05 kg<\/td>\n<td class=\"xl24\" align=\"center\" bgcolor=\"#E7E8EB\">350<\/td>\n<td class=\"xl24\" align=\"center\" bgcolor=\"#E7E8EB\">90<\/td>\n<td class=\"xl24\" align=\"center\" bgcolor=\"#E7E8EB\">155<\/td>\n<td class=\"xl24\" align=\"center\" bgcolor=\"#E7E8EB\">105<\/td>\n<td class=\"xl24\" align=\"center\" bgcolor=\"#E7E8EB\">245<\/td>\n<td class=\"xl24\" align=\"center\" bgcolor=\"#E7E8EB\">26<\/td>\n<td class=\"xl24\" align=\"center\" bgcolor=\"#E7E8EB\" width=\"93\">13 kg<\/td>\n<\/tr>\n<tr>\n<td class=\"xl24\" height=\"17\">300kg<\/td>\n<td class=\"xl24\" align=\"center\">0,05 kg<\/td>\n<td class=\"xl24\" align=\"center\">350<\/td>\n<td class=\"xl24\" align=\"center\">90<\/td>\n<td class=\"xl24\" align=\"center\">155<\/td>\n<td class=\"xl24\" align=\"center\">105<\/td>\n<td class=\"xl24\" align=\"center\">245<\/td>\n<td class=\"xl24\" align=\"center\">26<\/td>\n<td class=\"xl24\" align=\"center\" width=\"93\">13 kg<\/td>\n<\/tr>\n<tr>\n<td class=\"xl24\" bgcolor=\"#E7E8EB\" height=\"17\">500kg<\/td>\n<td class=\"xl24\" align=\"center\" bgcolor=\"#E7E8EB\">0,1 kg<\/td>\n<td class=\"xl24\" align=\"center\" bgcolor=\"#E7E8EB\">350<\/td>\n<td class=\"xl24\" align=\"center\" bgcolor=\"#E7E8EB\">90<\/td>\n<td class=\"xl24\" align=\"center\" bgcolor=\"#E7E8EB\">155<\/td>\n<td class=\"xl24\" align=\"center\" bgcolor=\"#E7E8EB\">105<\/td>\n<td class=\"xl24\" align=\"center\" bgcolor=\"#E7E8EB\">245<\/td>\n<td class=\"xl24\" align=\"center\" bgcolor=\"#E7E8EB\">32<\/td>\n<td class=\"xl24\" align=\"center\" bgcolor=\"#E7E8EB\" width=\"93\">13 kg<\/td>\n<\/tr>\n<tr>\n<td class=\"xl24\" height=\"17\">1.000kg<\/td>\n<td class=\"xl24\" align=\"center\">0,2 kg<\/td>\n<td class=\"xl24\" align=\"center\">655<\/td>\n<td class=\"xl24\" align=\"center\">180<\/td>\n<td class=\"xl24\" align=\"center\">175<\/td>\n<td class=\"xl24\" align=\"center\">320<\/td>\n<td class=\"xl24\" align=\"center\">245<\/td>\n<td class=\"xl24\" align=\"center\">43<\/td>\n<td class=\"xl24\" align=\"center\" width=\"93\">36 kg<\/td>\n<\/tr>\n<tr>\n<td class=\"xl24\" bgcolor=\"#E7E8EB\" height=\"17\">2.000kg<\/td>\n<td class=\"xl24\" align=\"center\" bgcolor=\"#E7E8EB\">0,5 kg<\/td>\n<td class=\"xl24\" align=\"center\" bgcolor=\"#E7E8EB\">655<\/td>\n<td class=\"xl24\" align=\"center\" bgcolor=\"#E7E8EB\">180<\/td>\n<td class=\"xl24\" align=\"center\" bgcolor=\"#E7E8EB\">175<\/td>\n<td class=\"xl24\" align=\"center\" bgcolor=\"#E7E8EB\">320<\/td>\n<td class=\"xl24\" align=\"center\" bgcolor=\"#E7E8EB\">245<\/td>\n<td class=\"xl24\" align=\"center\" bgcolor=\"#E7E8EB\">51<\/td>\n<td class=\"xl24\" align=\"center\" bgcolor=\"#E7E8EB\" width=\"93\">36 kg<\/td>\n<\/tr>\n<tr>\n<td class=\"xl24\" height=\"17\">3.000kg<\/td>\n<td class=\"xl24\" align=\"center\">0,5 kg<\/td>\n<td class=\"xl24\" align=\"center\">655<\/td>\n<td class=\"xl24\" align=\"center\">180<\/td>\n<td class=\"xl24\" align=\"center\">175<\/td>\n<td class=\"xl24\" align=\"center\">320<\/td>\n<td class=\"xl24\" align=\"center\">245<\/td>\n<td class=\"xl24\" align=\"center\">64<\/td>\n<td class=\"xl24\" align=\"center\" width=\"93\">36 kg<\/td>\n<\/tr>\n<tr>\n<td class=\"xl24\" bgcolor=\"#E7E8EB\" height=\"17\">5.000kg<\/td>\n<td class=\"xl24\" align=\"center\" bgcolor=\"#E7E8EB\">1 kg<\/td>\n<td class=\"xl24\" align=\"center\" bgcolor=\"#E7E8EB\">655<\/td>\n<td class=\"xl24\" align=\"center\" bgcolor=\"#E7E8EB\">180<\/td>\n<td class=\"xl24\" align=\"center\" bgcolor=\"#E7E8EB\">175<\/td>\n<td class=\"xl24\" align=\"center\" bgcolor=\"#E7E8EB\">320<\/td>\n<td class=\"xl24\" align=\"center\" bgcolor=\"#E7E8EB\">245<\/td>\n<td class=\"xl24\" align=\"center\" bgcolor=\"#E7E8EB\">83<\/td>\n<td class=\"xl24\" align=\"center\" bgcolor=\"#E7E8EB\" width=\"93\">36 kg<\/td>\n<\/tr>\n<tr>\n<td class=\"xl24\" height=\"17\">10.000kg<\/td>\n<td class=\"xl24\" align=\"center\">2 kg<\/td>\n<td class=\"xl24\" align=\"center\">840<\/td>\n<td class=\"xl24\" align=\"center\">260<\/td>\n<td class=\"xl24\" align=\"center\">175<\/td>\n<td class=\"xl24\" align=\"center\">440<\/td>\n<td class=\"xl24\" align=\"center\">245<\/td>\n<td class=\"xl24\" align=\"center\">100<\/td>\n<td class=\"xl24\" align=\"center\" width=\"93\">53 kg<\/td>\n<\/tr>\n<tr>\n<td class=\"xl24\" bgcolor=\"#E7E8EB\" height=\"17\">15.000kg<\/td>\n<td class=\"xl24\" align=\"center\" bgcolor=\"#E7E8EB\">5 kg<\/td>\n<td class=\"xl24\" align=\"center\" bgcolor=\"#E7E8EB\">965<\/td>\n<td class=\"xl24\" align=\"center\" bgcolor=\"#E7E8EB\">260<\/td>\n<td class=\"xl24\" align=\"center\" bgcolor=\"#E7E8EB\">175<\/td>\n<td class=\"xl24\" align=\"center\" bgcolor=\"#E7E8EB\">440<\/td>\n<td class=\"xl24\" align=\"center\" bgcolor=\"#E7E8EB\">245<\/td>\n<td class=\"xl24\" align=\"center\" bgcolor=\"#E7E8EB\">115<\/td>\n<td class=\"xl24\" align=\"center\" bgcolor=\"#E7E8EB\" width=\"93\">69 kg<\/td>\n<\/tr>\n<tr>\n<td class=\"xl24\" height=\"17\">20.000kg<\/td>\n<td class=\"xl24\" align=\"center\">5 kg<\/td>\n<td class=\"xl24\" align=\"center\">965<\/td>\n<td class=\"xl24\" align=\"center\">260<\/td>\n<td class=\"xl24\" align=\"center\">175<\/td>\n<td class=\"xl24\" align=\"center\">440<\/td>\n<td class=\"xl24\" align=\"center\">245<\/td>\n<td class=\"xl24\" align=\"center\">128<\/td>\n<td class=\"xl24\" align=\"center\" width=\"93\">69 kg<\/td>\n<\/tr>\n<tr>\n<td class=\"xl24\" bgcolor=\"#E7E8EB\" height=\"17\">30.000kg<\/td>\n<td class=\"xl24\" align=\"center\" bgcolor=\"#E7E8EB\">10 kg<\/td>\n<td class=\"xl24\" align=\"center\" bgcolor=\"#E7E8EB\">1100<\/td>\n<td class=\"xl24\" align=\"center\" bgcolor=\"#E7E8EB\">325<\/td>\n<td class=\"xl24\" align=\"center\" bgcolor=\"#E7E8EB\">175<\/td>\n<td class=\"xl24\" align=\"center\" bgcolor=\"#E7E8EB\">520<\/td>\n<td class=\"xl24\" align=\"center\" bgcolor=\"#E7E8EB\">245<\/td>\n<td class=\"xl24\" align=\"center\" bgcolor=\"#E7E8EB\">138<\/td>\n<td class=\"xl24\" align=\"center\" bgcolor=\"#E7E8EB\" width=\"93\">105 kg<\/td>\n<\/tr>\n<tr>\n<td class=\"xl24\" height=\"17\">40.000kg<\/td>\n<td class=\"xl24\" align=\"center\">10 kg<\/td>\n<td class=\"xl24\" align=\"center\">1390<\/td>\n<td class=\"xl24\" align=\"center\">364<\/td>\n<td class=\"xl24\" align=\"center\">175<\/td>\n<td class=\"xl24\" align=\"center\">800<\/td>\n<td class=\"xl24\" align=\"center\">245<\/td>\n<td class=\"xl24\" align=\"center\">180<\/td>\n<td class=\"xl24\" align=\"center\" width=\"93\">115 kg<\/td>\n<\/tr>\n<\/tbody>\n<\/table>\n<p><b>* Medidas em mm<\/b><\/p>\n<p>&nbsp;<\/p>\n<p>&nbsp;<\/p>\n<div><b>Profundidade das caixas:<\/b><\/p>\n<div align=\"left\">\n<table border=\"1\" width=\"100%\" cellspacing=\"1\">\n<tbody>\n<tr>\n<td width=\"49%\">100kg para g\u00e1s:<\/td>\n<td width=\"51%\">140mm<\/td>\n<\/tr>\n<tr>\n<td width=\"49%\">100 a 500kg:.<\/td>\n<td width=\"51%\">203mm<\/td>\n<\/tr>\n<tr>\n<td width=\"49%\">1000 a 5000kg com Prote\u00e7\u00e3o Contra Impacto:<\/td>\n<td width=\"51%\">277mm.<\/td>\n<\/tr>\n<tr>\n<td width=\"49%\">1000 a 5000kg com Prote\u00e7\u00e3o T\u00e9rmica:<\/td>\n<td width=\"51%\">325mm. de corpo + 74mm. da aba frontal em 45\u00ba<\/td>\n<\/tr>\n<tr>\n<td width=\"49%\">10000kg com Prote\u00e7\u00e3o Contra Impacto:<\/td>\n<td width=\"51%\">363 mm.<\/td>\n<\/tr>\n<tr>\n<td width=\"49%\">10000kg com Prote\u00e7\u00e3o T\u00e9rmica:<\/td>\n<td width=\"51%\">375mm. de\u00a0 corpo + 74mm. da aba frontal em 45\u00ba<\/td>\n<\/tr>\n<tr>\n<td width=\"49%\">15000kg com Prote\u00e7\u00e3o Contra Impacto:<\/td>\n<td width=\"51%\">363 mm<\/td>\n<\/tr>\n<tr>\n<td width=\"49%\">15000kg com Prote\u00e7\u00e3o T\u00e9rmica:<\/td>\n<td width=\"51%\">375mm. de\u00a0 corpo + 74mm. da aba frontal em 45\u00ba<\/td>\n<\/tr>\n<tr>\n<td width=\"49%\">20000kg com Prote\u00e7\u00e3o Contra Impacto:<\/td>\n<td width=\"51%\">363mm<\/td>\n<\/tr>\n<tr>\n<td width=\"49%\">20000kg com Prote\u00e7\u00e3o T\u00e9rmica:<\/td>\n<td width=\"51%\">375mm. de\u00a0 corpo + 74mm. da aba frontal em 45\u00ba<\/td>\n<\/tr>\n<tr>\n<td width=\"49%\">30000kg com Prote\u00e7\u00e3o Contra Impacto:<\/td>\n<td width=\"51%\">386mm<\/td>\n<\/tr>\n<tr>\n<td width=\"49%\">30000kg com Prote\u00e7\u00e3o T\u00e9rmica:<\/td>\n<td width=\"51%\">386mm. de\u00a0 corpo + 74mm. da aba frontal em 45\u00ba<\/td>\n<\/tr>\n<tr>\n<td width=\"49%\">40000kg com Prote\u00e7\u00e3o Contra Impacto:<\/td>\n<td width=\"51%\">386mm<\/td>\n<\/tr>\n<tr>\n<td width=\"49%\">40000kg com Porte\u00e7\u00e3o T\u00e9rmica:<\/td>\n<td width=\"51%\">386mm. de\u00a0 corpo + 74mm. da aba frontal em 45\u00ba<\/td>\n<\/tr>\n<\/tbody>\n<\/table>\n<\/div>\n<\/div>\n<p align=\"center\">\n","protected":false},"excerpt":{"rendered":"<p>Permite a confer\u00eancia do material recebido ou do expedido internamente. Possui um display projetado especialmente para permitir f\u00e1cil e correta leitura, independentemente do posicionamento do operador.<span class=\"excerpt-hellip\"> [\u2026]<\/span><\/p>\n","protected":false},"featured_media":3493,"comment_status":"open","ping_status":"closed","template":"","meta":{"_joinchat":[]},"product_brand":[],"product_cat":[64,62,49,47,66],"product_tag":[],"class_list":{"0":"post-3492","1":"product","2":"type-product","3":"status-publish","4":"has-post-thumbnail","6":"product_cat-balancas-para-o-agronegocio","7":"product_cat-classes-de-produtos","8":"product_cat-digi-tron-balancas","9":"product_cat-marcas","10":"product_cat-balancas-para-transporte-e-logistica","11":"pa_capacidade-1t-a-5t","12":"pa_capacidade-10t-a-25t","14":"first","15":"instock","16":"shipping-taxable","17":"product-type-simple"},"_links":{"self":[{"href":"https:\/\/mblbalancas.com.br\/site\/wp-json\/wp\/v2\/product\/3492","targetHints":{"allow":["GET"]}}],"collection":[{"href":"https:\/\/mblbalancas.com.br\/site\/wp-json\/wp\/v2\/product"}],"about":[{"href":"https:\/\/mblbalancas.com.br\/site\/wp-json\/wp\/v2\/types\/product"}],"replies":[{"embeddable":true,"href":"https:\/\/mblbalancas.com.br\/site\/wp-json\/wp\/v2\/comments?post=3492"}],"wp:featuredmedia":[{"embeddable":true,"href":"https:\/\/mblbalancas.com.br\/site\/wp-json\/wp\/v2\/media\/3493"}],"wp:attachment":[{"href":"https:\/\/mblbalancas.com.br\/site\/wp-json\/wp\/v2\/media?parent=3492"}],"wp:term":[{"taxonomy":"product_brand","embeddable":true,"href":"https:\/\/mblbalancas.com.br\/site\/wp-json\/wp\/v2\/product_brand?post=3492"},{"taxonomy":"product_cat","embeddable":true,"href":"https:\/\/mblbalancas.com.br\/site\/wp-json\/wp\/v2\/product_cat?post=3492"},{"taxonomy":"product_tag","embeddable":true,"href":"https:\/\/mblbalancas.com.br\/site\/wp-json\/wp\/v2\/product_tag?post=3492"}],"curies":[{"name":"wp","href":"https:\/\/api.w.org\/{rel}","templated":true}]}}