{"id":3494,"date":"2015-01-21T11:10:48","date_gmt":"2015-01-21T13:10:48","guid":{"rendered":"https:\/\/mblbalancas.com.br\/site\/?post_type=product&#038;p=3494"},"modified":"2015-01-21T11:10:48","modified_gmt":"2015-01-21T13:10:48","slug":"balanca-digitron-de-barra-ulb","status":"publish","type":"product","link":"https:\/\/mblbalancas.com.br\/site\/produto\/balanca-digitron-de-barra-ulb\/","title":{"rendered":"Balan\u00e7a Digitron de Barra ULB"},"content":{"rendered":"<p>As Balan\u00e7as em Barras de Pesagem <span style=\"color: #ce2000;\"> <b>DIGI-TRON<\/b><\/span> foram projetadas especialmente para a pesagem de cargas vivas, podendo tamb\u00e9m serem aplicadas em sistemas de pesagem industrial.<\/p>\n<p align=\"center\">\n\u25cf Bovinos\u00a0\u00a0\u00a0\u00a0\u00a0\u00a0\u00a0\u00a0\u00a0\u00a0 \u25cf Eq\u00fcinos\u00a0\u00a0\u00a0\u00a0\u00a0\u00a0\u00a0\u00a0\u00a0\u00a0\u00a0 \u25cf Aves\u00a0\u00a0\u00a0\u00a0\u00a0\u00a0\u00a0\u00a0\u00a0\u00a0\u00a0 \u25cf Su\u00ednos<\/p>\n<p><b>Caracter\u00edsticas Gerais:<\/b><\/p>\n<blockquote><p>\u25cf Classe de exatid\u00e3o III<br \/>\n\u25cf Aprovado pelo INMETRO conforme Portaria 236<br \/>\n\u25cf Display com 26 mm de altura<br \/>\n\u25cf Gabinete em A\u00e7o Carbono com pintura ep\u00f3xi ou A\u00e7o Inoxid\u00e1vel Polido<br \/>\n\u25cf Alimenta\u00e7\u00e3o de 85 a 250 Vca (Fonte Autom\u00e1tica)<br \/>\n\u25cf Velocidade de leitura\/tempo de estabiliza\u00e7\u00e3o configur\u00e1vel<br \/>\n\u25cf Filtro digital, contra vibra\u00e7\u00f5es, configur\u00e1vel em at\u00e9 8 n\u00edveis<br \/>\n\u25cf Indicadores luminosos de zero, peso l\u00edquido e peso est\u00e1vel<br \/>\n\u25cf Detector de pico m\u00e1ximo<br \/>\n\u25cf Contagem de pe\u00e7as<br \/>\n\u25cf Dimens\u00f5es A: 165mm, L:240mm, P: 70mm<br \/>\n\u25cf Grau de Prote\u00e7\u00e3o IP-65<\/p><\/blockquote>\n<p><b>Opcionais:<\/b><\/p>\n<blockquote><p>\u25cf Alimenta\u00e7\u00e3o de 12vcc<br \/>\n\u25cf Sa\u00edda RS 232 configur\u00e1vel para conex\u00e3o a PC, Impressora ou Rede Ethernet atrav\u00e9s de transmiss\u00e3o via RF<br \/>\n\u25cf Software de Gerenciamento de Peso<\/p>\n<p>&nbsp;<\/p>\n<p><b>Especifica\u00e7\u00f5es:<\/b><\/p>\n<p>&nbsp;<\/p>\n<p><center><\/p>\n<table id=\"table10\" border=\"1\" width=\"550\" cellspacing=\"0\" cellpadding=\"2\">\n<tbody>\n<tr>\n<td valign=\"top\" width=\"220\">\u00b7 Uso Industrial<\/td>\n<td valign=\"top\" width=\"384\">Classe de Exatid\u00e3o <img loading=\"lazy\" decoding=\"async\" src=\"https:\/\/www.digitronbalancas.com.br\/images\/classe_exatidao.gif\" alt=\"\" width=\"20\" height=\"12\" border=\"0\" \/><\/td>\n<\/tr>\n<tr>\n<td valign=\"top\" width=\"220\">\u00b7 Visor<\/td>\n<td valign=\"top\" width=\"348\">Leds de 5 d\u00edgitos com 3 indicadores<\/td>\n<\/tr>\n<tr>\n<td valign=\"top\" width=\"220\">\u00b7 Dimens\u00e3o dos d\u00edgitos (mm)<\/td>\n<td valign=\"top\" width=\"348\">26 mm A X 14 mm L (o maior do mercado)<\/td>\n<\/tr>\n<tr>\n<td valign=\"top\" width=\"220\">\u00b7 Teclado<\/td>\n<td valign=\"top\" width=\"348\">(L) Liga\/desliga (Z) Zero Manual (T) Tara \u00a0(I) Impress\u00e3o<\/td>\n<\/tr>\n<tr>\n<td valign=\"top\" width=\"220\">\u00b7 Busca de zero<\/td>\n<td valign=\"top\" width=\"348\">Autom\u00e1tica e Manual<\/td>\n<\/tr>\n<tr>\n<td valign=\"top\" width=\"220\">\u00b7 Filtro para vibra\u00e7\u00f5es<\/td>\n<td valign=\"top\" width=\"348\">Ajust\u00e1vel (8 n\u00edveis)<\/td>\n<\/tr>\n<tr>\n<td valign=\"top\" width=\"220\">\u00b7 Velocidade de leitura<\/td>\n<td valign=\"top\" width=\"348\">Ajust\u00e1vel (4 n\u00edveis)<\/td>\n<\/tr>\n<tr>\n<td valign=\"top\" width=\"220\">\u00b7 Tens\u00e3o de Opera\u00e7\u00e3o<\/td>\n<td valign=\"top\" width=\"384\">85 a 250 Vac 50\/60 Hz<\/td>\n<\/tr>\n<tr>\n<td valign=\"top\" width=\"220\">\u00b7 Opera\u00e7\u00e3o com Bateria<\/td>\n<td valign=\"top\" width=\"384\">OPCIONAL (Modo No Break)<\/td>\n<\/tr>\n<tr>\n<td valign=\"top\" width=\"220\">\u00b7 Dimens\u00e3o dos d\u00edgitos (mm)<\/td>\n<td valign=\"top\" width=\"348\">26 altura x 14 largura<\/td>\n<\/tr>\n<tr>\n<td valign=\"top\" width=\"220\">\u00b7 Perfil Baixo<\/td>\n<td valign=\"top\" width=\"384\">90 mm de altura<\/td>\n<\/tr>\n<tr>\n<td valign=\"top\" width=\"220\">\u00b7 Alcance da tara<\/td>\n<td valign=\"top\" width=\"348\">100%<\/td>\n<\/tr>\n<tr>\n<td valign=\"top\" width=\"220\">\u00b7 Sa\u00edda RS 232 Configur\u00e1vel<\/td>\n<td valign=\"top\" width=\"348\">Impressora ou Modo Terminal<\/td>\n<\/tr>\n<tr>\n<td valign=\"top\" width=\"220\">\u00b7 Taxa de comunica\u00e7\u00e3o configur\u00e1vel<\/td>\n<td valign=\"top\" width=\"348\">300 a 19200 bps<\/td>\n<\/tr>\n<tr>\n<td valign=\"top\" width=\"220\">\u00b7 Sa\u00edda RS 485<\/td>\n<td valign=\"top\" width=\"348\">OPCIONAL<\/td>\n<\/tr>\n<tr>\n<td valign=\"top\" width=\"220\">\u00b7 Sa\u00edda anal\u00f3gica 4-20 mA<\/td>\n<td valign=\"top\" width=\"348\">OPCIONAL<\/td>\n<\/tr>\n<tr>\n<td valign=\"top\" width=\"220\">\u00b7 Software gerenciador de pesagens<\/td>\n<td valign=\"top\" width=\"348\">OPCIONAL<\/td>\n<\/tr>\n<tr>\n<td valign=\"top\" width=\"220\">\u00b7 C\u00e9lulas de carga<\/td>\n<td valign=\"top\" width=\"348\">Grau de prote\u00e7\u00e3o IP 67<\/td>\n<\/tr>\n<\/tbody>\n<\/table>\n<p><\/center><\/p><\/blockquote>\n<p>&nbsp;<\/p>\n<p>&nbsp;<\/p>\n<p><b>Dimens\u00f5es \/ Capacidade: <\/b><\/p>\n<table id=\"table11\" border=\"0\" width=\"100%\" cellspacing=\"2\" cellpadding=\"2\">\n<tbody>\n<tr>\n<td>900 mm x 130mm x 95mm<\/td>\n<td>200kg X 0,05kg, 300kg X 0,05kg<\/td>\n<\/tr>\n<tr>\n<td>1200 mm x 130mm x 95mm<\/td>\n<td>300kg X 0,05kg; 500Kg X 0,1kg; 1000kg X 0,2kg; 2000kg X 0,5kg; 3000kg X 0,5kg<\/td>\n<\/tr>\n<\/tbody>\n<\/table>\n","protected":false},"excerpt":{"rendered":"<p>As Balan\u00e7as em Barras de Pesagem DIGI-TRON foram projetadas especialmente para a pesagem de cargas vivas, podendo tamb\u00e9m serem aplicadas em sistemas de pesagem industrial. \u25cf<span class=\"excerpt-hellip\"> [\u2026]<\/span><\/p>\n","protected":false},"featured_media":3495,"comment_status":"open","ping_status":"closed","template":"","meta":{"_joinchat":[]},"product_brand":[],"product_cat":[64,62,49,47],"product_tag":[],"class_list":{"0":"post-3494","1":"product","2":"type-product","3":"status-publish","4":"has-post-thumbnail","6":"product_cat-balancas-para-o-agronegocio","7":"product_cat-classes-de-produtos","8":"product_cat-digi-tron-balancas","9":"product_cat-marcas","10":"pa_capacidade-1t-a-5t","12":"first","13":"instock","14":"shipping-taxable","15":"product-type-simple"},"_links":{"self":[{"href":"https:\/\/mblbalancas.com.br\/site\/wp-json\/wp\/v2\/product\/3494","targetHints":{"allow":["GET"]}}],"collection":[{"href":"https:\/\/mblbalancas.com.br\/site\/wp-json\/wp\/v2\/product"}],"about":[{"href":"https:\/\/mblbalancas.com.br\/site\/wp-json\/wp\/v2\/types\/product"}],"replies":[{"embeddable":true,"href":"https:\/\/mblbalancas.com.br\/site\/wp-json\/wp\/v2\/comments?post=3494"}],"wp:featuredmedia":[{"embeddable":true,"href":"https:\/\/mblbalancas.com.br\/site\/wp-json\/wp\/v2\/media\/3495"}],"wp:attachment":[{"href":"https:\/\/mblbalancas.com.br\/site\/wp-json\/wp\/v2\/media?parent=3494"}],"wp:term":[{"taxonomy":"product_brand","embeddable":true,"href":"https:\/\/mblbalancas.com.br\/site\/wp-json\/wp\/v2\/product_brand?post=3494"},{"taxonomy":"product_cat","embeddable":true,"href":"https:\/\/mblbalancas.com.br\/site\/wp-json\/wp\/v2\/product_cat?post=3494"},{"taxonomy":"product_tag","embeddable":true,"href":"https:\/\/mblbalancas.com.br\/site\/wp-json\/wp\/v2\/product_tag?post=3494"}],"curies":[{"name":"wp","href":"https:\/\/api.w.org\/{rel}","templated":true}]}}