{"id":3499,"date":"2015-01-21T11:23:19","date_gmt":"2015-01-21T13:23:19","guid":{"rendered":"https:\/\/mblbalancas.com.br\/site\/?post_type=product&#038;p=3499"},"modified":"2015-01-21T11:23:19","modified_gmt":"2015-01-21T13:23:19","slug":"balanca-digitron-paleteira-ulp","status":"publish","type":"product","link":"https:\/\/mblbalancas.com.br\/site\/produto\/balanca-digitron-paleteira-ulp\/","title":{"rendered":"Balan\u00e7a Digitron Paleteira ULP"},"content":{"rendered":"<p align=\"justify\">Tr\u00eas fun\u00e7\u00f5es em um \u00fanico equipamento: movimenta\u00e7\u00e3o, pesagem de cargas e contadora. Capacidade de at\u00e9 2000 Kg &#8211; ideal para confer\u00eancia no recebimento, expedi\u00e7\u00e3o e movimenta\u00e7\u00e3o de materiais.<\/p>\n<p align=\"justify\">Balan\u00e7a Paleteira <b>DIGI-TRON<\/b> tem, como grande vantagem, o fato de que o equipamento todo pode ser deslocado, incorporando as tarefas de transporte e pesagem.<\/p>\n<p align=\"justify\">\u00a0\u00a0\u00a0\u00a0\u00a0\u00a0\u00a0\u00a0\u00a0\u00a0 Conta com sistema eletr\u00f4nico de baixo consumo, que garante longa vida \u00fatil \u00e0s baterias e elevada autonomia de uso. Uso cont\u00ednuo at\u00e9 50 horas. Autonomia de trabalho em stand-by at\u00e9 100h.<\/p>\n<p><b>Caracter\u00edsticas Gerais:<\/b><\/p>\n<blockquote><p>\u25cf Classe de exatid\u00e3o III<br \/>\n\u25cf Aprovada pelo INMETRO conforme Portaria 236<br \/>\n\u25cf Display com 26 mm de altura<br \/>\n\u25cf Gabinete em A\u00e7o Carbono com pintura ep\u00f3xi ou A\u00e7o Inoxid\u00e1vel Polido<br \/>\n\u25cf Alimenta\u00e7\u00e3o por Bateria com autonomia de at\u00e9 50 horas de trabalho<br \/>\n\u25cf Velocidade de leitura\/tempo de estabiliza\u00e7\u00e3o configur\u00e1vel<br \/>\n\u25cf Filtro digital, contra vibra\u00e7\u00f5es, configur\u00e1vel em at\u00e9 8 n\u00edveis<br \/>\n\u25cf Indicadores luminosos de zero, peso l\u00edquido e peso est\u00e1vel<br \/>\n\u25cf Reten\u00e7\u00e3o de carga m\u00e1xima<br \/>\n\u25cf Contagem de pe\u00e7as<br \/>\n\u25cf Acompanha Carregador de Bateria<\/p><\/blockquote>\n<p><b>Opcionais:<\/b><\/p>\n<blockquote><p>\u25cf Impressoras, etiquetadoras, display remoto com interface paralela e serial padr\u00e3o via RF;<br \/>\n\u25cf Software de Gerenciamento de Peso.<\/p><\/blockquote>\n<p align=\"justify\"><b>Capacidades:<\/b>\u00a0 1000 Kg X 200g; 2000 Kg X 500g<\/p>\n<p><b>Especifica\u00e7\u00f5es:<\/b><\/p>\n<p><center><\/center><\/p>\n<table id=\"table10\" border=\"1\" width=\"550\" cellspacing=\"0\" cellpadding=\"2\">\n<tbody>\n<tr>\n<td valign=\"top\" width=\"220\">\u00b7\u00a0 <span style=\"font-family: Tahoma;\"> Capacidade de carga<\/span><\/td>\n<td valign=\"top\" width=\"296\">2000 kg<\/td>\n<\/tr>\n<tr>\n<td valign=\"top\" width=\"234\">\u00b7\u00a0 <span style=\"font-family: Tahoma;\"> Peso do Equipamento<\/span><\/td>\n<td valign=\"top\" width=\"316\">110 kg<\/td>\n<\/tr>\n<tr>\n<td valign=\"top\" width=\"234\">\u00b7\u00a0\u00a0<span style=\"font-family: Tahoma;\">Carga m\u00e1x. no eixo condutor<\/span><\/td>\n<td valign=\"top\" width=\"316\">810 kg<\/td>\n<\/tr>\n<tr>\n<td valign=\"top\" width=\"234\">\u00b7\u00a0<span style=\"font-family: Tahoma;\"> Carga m\u00e1x. no eixo de carga<\/span><\/td>\n<td valign=\"top\" width=\"316\">1300 kg<\/td>\n<\/tr>\n<tr>\n<td valign=\"top\" width=\"234\">\u00b7\u00a0\u00a0<span style=\"font-family: Tahoma;\">Eleva\u00e7\u00e3o<\/span><\/td>\n<td valign=\"top\" width=\"316\">195 mm<\/td>\n<\/tr>\n<tr>\n<td valign=\"top\" width=\"234\">\u00b7\u00a0\u00a0<span style=\"font-family: Tahoma;\">Altura do garfo abaixado<\/span><\/td>\n<td valign=\"top\" width=\"316\">85 mm<\/td>\n<\/tr>\n<tr>\n<td valign=\"top\" width=\"234\">\u00b7\u00a0\u00a0<span style=\"font-family: Tahoma;\">Comprimento \u00fatil do garfo<\/span><\/td>\n<td valign=\"top\" width=\"316\">1150 mm<\/td>\n<\/tr>\n<tr>\n<td valign=\"top\" width=\"234\">\u00b7\u00a0\u00a0<span style=\"font-family: Tahoma;\">Largura externa do garfo<\/span><\/td>\n<td valign=\"top\" width=\"316\">555 ou 700 mm<\/td>\n<\/tr>\n<tr>\n<td valign=\"top\" width=\"234\">\u00b7\u00a0\u00a0<span style=\"font-family: Tahoma;\">Comprimento total<\/span><\/td>\n<td valign=\"top\" width=\"316\">1550 mm<\/td>\n<\/tr>\n<tr>\n<td valign=\"top\" width=\"234\">\u00b7\u00a0\u00a0<span style=\"font-family: Tahoma;\">Roda do eixo condutor<\/span><\/td>\n<td valign=\"top\" width=\"316\">170 mm<\/td>\n<\/tr>\n<tr>\n<td valign=\"top\" width=\"234\">\u00b7\u00a0\u00a0<span style=\"font-family: Tahoma;\">Roda do eixo de carga<\/span><\/td>\n<td valign=\"top\" width=\"316\">75 mm<\/td>\n<\/tr>\n<\/tbody>\n<\/table>\n<p>&nbsp;<\/p>\n<p><b>Especifica\u00e7\u00f5es da Bateria:<\/b><\/p>\n<p><center><\/center><\/p>\n<table id=\"table11\" border=\"1\" width=\"550\" cellspacing=\"0\" cellpadding=\"2\">\n<tbody>\n<tr>\n<td valign=\"top\" width=\"220\">\u00b7\u00a0 <span style=\"font-family: Tahoma;\"> Bateria<\/span><\/td>\n<td valign=\"top\" width=\"296\">6V<\/td>\n<\/tr>\n<tr>\n<td valign=\"top\" width=\"234\">\u00b7\u00a0 <span style=\"font-family: Tahoma;\"> Ciclo de uso<\/span><\/td>\n<td valign=\"top\" width=\"316\">7.25 &#8211; 7.45v<\/td>\n<\/tr>\n<tr>\n<td valign=\"top\" width=\"234\">\u00b7\u00a0\u00a0<span style=\"font-family: Tahoma;\">Stand-by<\/span><\/td>\n<td valign=\"top\" width=\"316\">6.75 &#8211; 6.90v<\/td>\n<\/tr>\n<tr>\n<td valign=\"top\" width=\"234\">\u00b7\u00a0<span style=\"font-family: Tahoma;\"> Corrente instant\u00e2nea inicial<\/span><\/td>\n<td valign=\"top\" width=\"316\">&lt; 2.16A<\/td>\n<\/tr>\n<\/tbody>\n<\/table>\n<p>&nbsp;<\/p>\n<p>&nbsp;<\/p>\n<p>&nbsp;<\/p>\n<table id=\"table12\" border=\"0\" width=\"640\" cellspacing=\"2\" cellpadding=\"2\">\n<tbody>\n<tr>\n<td align=\"center\" width=\"106\"><b>Modelo<\/b><\/td>\n<td align=\"center\" width=\"106\"><b>Classe de Exatid\u00e3o<\/b><\/td>\n<td align=\"center\" width=\"106\"><b>Carga M\u00e1xima<\/b><\/td>\n<td align=\"center\" width=\"106\"><b>Divis\u00e3o (e=d)<\/b><\/td>\n<td align=\"center\" width=\"107\"><b>Carga M\u00ednima<\/b><\/td>\n<td align=\"center\" width=\"107\"><b>Tara<\/b><\/td>\n<\/tr>\n<tr>\n<td align=\"center\" bgcolor=\"#663300\" width=\"106\">ULP<\/td>\n<td align=\"center\" bgcolor=\"#663300\" width=\"106\">III<\/td>\n<td align=\"center\" bgcolor=\"#663300\" width=\"106\">2000 Kg<\/td>\n<td align=\"center\" bgcolor=\"#663300\" width=\"106\">0,05 Kg<\/td>\n<td align=\"center\" bgcolor=\"#663300\" width=\"107\">10 Kg<\/td>\n<td align=\"center\" bgcolor=\"#663300\" width=\"107\">100 %<\/td>\n<\/tr>\n<\/tbody>\n<\/table>\n","protected":false},"excerpt":{"rendered":"<p>Tr\u00eas fun\u00e7\u00f5es em um \u00fanico equipamento: movimenta\u00e7\u00e3o, pesagem de cargas e contadora. Capacidade de at\u00e9 2000 Kg &#8211; ideal para confer\u00eancia no recebimento, expedi\u00e7\u00e3o e movimenta\u00e7\u00e3o<span class=\"excerpt-hellip\"> [\u2026]<\/span><\/p>\n","protected":false},"featured_media":3500,"comment_status":"open","ping_status":"closed","template":"","meta":{"_joinchat":[]},"product_brand":[],"product_cat":[62,49,65,63,47,66],"product_tag":[],"class_list":{"0":"post-3499","1":"product","2":"type-product","3":"status-publish","4":"has-post-thumbnail","6":"product_cat-classes-de-produtos","7":"product_cat-digi-tron-balancas","8":"product_cat-balacas-para-empresas-de-engenharia","9":"product_cat-balancas-industriais","10":"product_cat-marcas","11":"product_cat-balancas-para-transporte-e-logistica","12":"pa_capacidade-1t-a-5t","14":"first","15":"instock","16":"shipping-taxable","17":"product-type-simple"},"_links":{"self":[{"href":"https:\/\/mblbalancas.com.br\/site\/wp-json\/wp\/v2\/product\/3499","targetHints":{"allow":["GET"]}}],"collection":[{"href":"https:\/\/mblbalancas.com.br\/site\/wp-json\/wp\/v2\/product"}],"about":[{"href":"https:\/\/mblbalancas.com.br\/site\/wp-json\/wp\/v2\/types\/product"}],"replies":[{"embeddable":true,"href":"https:\/\/mblbalancas.com.br\/site\/wp-json\/wp\/v2\/comments?post=3499"}],"wp:featuredmedia":[{"embeddable":true,"href":"https:\/\/mblbalancas.com.br\/site\/wp-json\/wp\/v2\/media\/3500"}],"wp:attachment":[{"href":"https:\/\/mblbalancas.com.br\/site\/wp-json\/wp\/v2\/media?parent=3499"}],"wp:term":[{"taxonomy":"product_brand","embeddable":true,"href":"https:\/\/mblbalancas.com.br\/site\/wp-json\/wp\/v2\/product_brand?post=3499"},{"taxonomy":"product_cat","embeddable":true,"href":"https:\/\/mblbalancas.com.br\/site\/wp-json\/wp\/v2\/product_cat?post=3499"},{"taxonomy":"product_tag","embeddable":true,"href":"https:\/\/mblbalancas.com.br\/site\/wp-json\/wp\/v2\/product_tag?post=3499"}],"curies":[{"name":"wp","href":"https:\/\/api.w.org\/{rel}","templated":true}]}}