{"id":3501,"date":"2015-01-21T11:26:20","date_gmt":"2015-01-21T13:26:20","guid":{"rendered":"https:\/\/mblbalancas.com.br\/site\/?post_type=product&#038;p=3501"},"modified":"2015-01-21T11:26:20","modified_gmt":"2015-01-21T13:26:20","slug":"balanca-digitron-tendal-ult","status":"publish","type":"product","link":"https:\/\/mblbalancas.com.br\/site\/produto\/balanca-digitron-tendal-ult\/","title":{"rendered":"Balan\u00e7a Digitron Tendal ULT"},"content":{"rendered":"<p>Permite a confer\u00eancia do material recebido ou expedido internamente.<\/p>\n<p>Foi projetada para leitura de peso bruto ou l\u00edquido em trilhos frigor\u00edficos, com ou sem uso de tara, indicando o peso de forma r\u00e1pida e precisa.<\/p>\n<p>A tendal possui sistema de ajuste de zero que permite a elimina\u00e7\u00e3o eletr\u00f4nica de eventuais taras, sendo que esta opera\u00e7\u00e3o \u00e9 feita manualmente pelo operador.<br \/>\n<b>Caracter\u00edsticas Gerais:<\/b><\/p>\n<blockquote><p>\u25cf Classe de exatid\u00e3o III<br \/>\n\u25cf Aprovado pelo INMETRO Portaria 236<br \/>\n\u25cf Display com 26 mm de altura (com 5 ou 6 d\u00edgitos)<br \/>\n\u25cf Gabinete em A\u00e7o Carbono com pintura ep\u00f3xi ou A\u00e7o Inoxid\u00e1vel Polido<br \/>\n\u25cf Alimenta\u00e7\u00e3o de 85 a 250 Vca (Fonte Autom\u00e1tica)<br \/>\n\u25cf Capacidade Program\u00e1vel<br \/>\n\u25cf Velocidade de leitura\/tempo de estabiliza\u00e7\u00e3o configur\u00e1vel<br \/>\n\u25cf Filtro digital, contra vibra\u00e7\u00f5es, configur\u00e1vel em at\u00e9 8 n\u00edveis<br \/>\n\u25cf Indicadores luminosos de zero, peso l\u00edquido e peso est\u00e1vel<br \/>\n\u25cf Detector de pico m\u00e1ximo<br \/>\n\u25cf Dimens\u00f5es A: 165mm, L:240mm, P: 70mm<br \/>\n\u25cf Grau de Prote\u00e7\u00e3o IP-65<\/p>\n<p>&nbsp;<\/p><\/blockquote>\n<p align=\"center\">\n<p align=\"center\">\n<p align=\"center\"><a href=\"https:\/\/www.digitronbalancas.com.br\/orcamento.php\"><img loading=\"lazy\" decoding=\"async\" src=\"https:\/\/www.digitronbalancas.com.br\/products\/fotos\/Balanca_tendal_inox.jpg\" alt=\"\" width=\"400\" height=\"160\" border=\"1\" \/><\/a><\/p>\n<p align=\"center\"><span style=\"font-size: xx-small;\"> Capacidade 300Kg (ULT 300)- inox <\/span><\/p>\n<p>&nbsp;<\/p>\n<p>&nbsp;<\/p>\n<p><b>Opcionais:<\/b><\/p>\n<blockquote><p>\u25cf Sistema de Transmiss\u00e3o e Recep\u00e7\u00e3o por R\u00e1dio Frequ\u00eancia<br \/>\n\u25cf Possibilidade de impress\u00e3o de etiquetas com c\u00f3digo de barras (via comunica\u00e7\u00e3o por RF e RS)<br \/>\n\u25cf Conex\u00e3o a rede Ethernet<\/p><\/blockquote>\n<table id=\"table10\" border=\"0\" width=\"100%\" cellspacing=\"3\">\n<tbody>\n<tr>\n<td align=\"center\"><b>Modelo<\/b><\/td>\n<td align=\"center\"><b>Carga M\u00e1xima x Divis\u00e3o<\/b><\/td>\n<td align=\"center\" width=\"248\"><b>Dimens\u00f5es<\/b><\/td>\n<\/tr>\n<tr>\n<td align=\"center\" bgcolor=\"#FFFF99\">ULT 300<\/td>\n<td align=\"center\" bgcolor=\"#FFFF99\">300 kg X 0,05 kg<\/td>\n<td bgcolor=\"#FFFF99\" width=\"248\">\u00a0 15 cm de haste de pesagem 30 cm total<\/td>\n<\/tr>\n<tr>\n<td align=\"center\" bgcolor=\"#FFFF99\">ULT 500<\/td>\n<td align=\"center\" bgcolor=\"#FFFF99\">500 kg X 0,10 kg<\/td>\n<td bgcolor=\"#FFFF99\" width=\"248\">\u00a0 60 cm de haste de pesagem 80 cm total<\/td>\n<\/tr>\n<\/tbody>\n<\/table>\n","protected":false},"excerpt":{"rendered":"<p>Permite a confer\u00eancia do material recebido ou expedido internamente. Foi projetada para leitura de peso bruto ou l\u00edquido em trilhos frigor\u00edficos, com ou sem uso de<span class=\"excerpt-hellip\"> [\u2026]<\/span><\/p>\n","protected":false},"featured_media":3502,"comment_status":"open","ping_status":"closed","template":"","meta":{"_joinchat":[]},"product_brand":[],"product_cat":[64,62,49,47,66],"product_tag":[],"class_list":{"0":"post-3501","1":"product","2":"type-product","3":"status-publish","4":"has-post-thumbnail","6":"product_cat-balancas-para-o-agronegocio","7":"product_cat-classes-de-produtos","8":"product_cat-digi-tron-balancas","9":"product_cat-marcas","10":"product_cat-balancas-para-transporte-e-logistica","11":"pa_capacidade-250kg-a-500kg","13":"first","14":"instock","15":"shipping-taxable","16":"product-type-simple"},"_links":{"self":[{"href":"https:\/\/mblbalancas.com.br\/site\/wp-json\/wp\/v2\/product\/3501","targetHints":{"allow":["GET"]}}],"collection":[{"href":"https:\/\/mblbalancas.com.br\/site\/wp-json\/wp\/v2\/product"}],"about":[{"href":"https:\/\/mblbalancas.com.br\/site\/wp-json\/wp\/v2\/types\/product"}],"replies":[{"embeddable":true,"href":"https:\/\/mblbalancas.com.br\/site\/wp-json\/wp\/v2\/comments?post=3501"}],"wp:featuredmedia":[{"embeddable":true,"href":"https:\/\/mblbalancas.com.br\/site\/wp-json\/wp\/v2\/media\/3502"}],"wp:attachment":[{"href":"https:\/\/mblbalancas.com.br\/site\/wp-json\/wp\/v2\/media?parent=3501"}],"wp:term":[{"taxonomy":"product_brand","embeddable":true,"href":"https:\/\/mblbalancas.com.br\/site\/wp-json\/wp\/v2\/product_brand?post=3501"},{"taxonomy":"product_cat","embeddable":true,"href":"https:\/\/mblbalancas.com.br\/site\/wp-json\/wp\/v2\/product_cat?post=3501"},{"taxonomy":"product_tag","embeddable":true,"href":"https:\/\/mblbalancas.com.br\/site\/wp-json\/wp\/v2\/product_tag?post=3501"}],"curies":[{"name":"wp","href":"https:\/\/api.w.org\/{rel}","templated":true}]}}